{"id":80406,"date":"2026-01-26T17:54:55","date_gmt":"2026-01-26T17:54:55","guid":{"rendered":"https:\/\/modesthanim.com\/product\/apoletli-elbise-acik-mavi\/"},"modified":"2026-04-02T05:01:10","modified_gmt":"2026-04-02T05:01:10","slug":"apoletli-elbise-acik-mavi","status":"publish","type":"product","link":"https:\/\/mod.wisdar.net\/tr\/urun\/apoletli-elbise-acik-mavi\/","title":{"rendered":"Apoletli Elbise A\u00e7\u0131k Mavi"},"content":{"rendered":"<p>%100 Pamuk ile \u00fcretilmi\u015f, \u00f6n\u00fc gizli patl\u0131, cepli ve astars\u0131z apoletli elbise. Bol bir kal\u0131ba sahiptir. Model \u00fczerindeki kadar bol bir duru\u015f istemezseniz bir beden k\u00fc\u00e7\u00fck tercih edebilirsiniz. \u0130\u00e7 g\u00f6steren bir kuma\u015f de\u011fildir ancak g\u00fcne\u015fte g\u00f6lge belli etmemesi a\u00e7\u0131s\u0131ndan harici etek astar\u0131 ile kullanman\u0131z\u0131 tavsiye ederiz. KEMER \u00dcR\u00dcNE DAH\u0130L DE\u011e\u0130LD\u0130R. \u00dcr\u00fcn rengi i\u00e7in st\u00fcdyo \u00e7ekimini dikkate alabilirsiniz. Boy: 137 cm (\u00dcr\u00fcn boyu \u00fcretimler aras\u0131 1-5 cm de\u011fi\u015febilir.)<\/p>\n<p>Kal\u0131p Bilgisi:<br \/>\nG\u00f6\u011f\u00fcs Basen Pazu Kol Boyu:<br \/>\n36 Beden: 128 cm 138 cm 40 cm 62 cm<br \/>\n38 Beden: 132 cm 142 cm 42 cm 63 cm<br \/>\n40 Beden: 136 cm 144 cm 44 cm 64 cm<br \/>\n42 Beden: 140 cm 148 cm 46 cm 65 cm<\/p>\n<p>Manken \u00d6l\u00e7\u00fcleri:<br \/>\nBoy: 174 cm<br \/>\nG\u00f6\u011f\u00fcs: 84 cm<br \/>\nBel: 60 cm<br \/>\nBasen: 89 cm<br \/>\nMankenin \u00dczerindeki Beden: 36<\/p>\n","protected":false},"excerpt":{"rendered":"<p>%100 Pamuk ile \u00fcretilmi\u015f, \u00f6n\u00fc gizli patl\u0131, cepli ve astars\u0131z apoletli elbise. Bol bir kal\u0131ba sahiptir. Model \u00fczerindeki kadar bol bir duru\u015f istemezseniz bir beden k\u00fc\u00e7\u00fck tercih edebilirsiniz. \u0130\u00e7 g\u00f6steren bir kuma\u015f de\u011fildir ancak g\u00fcne\u015fte g\u00f6lge belli etmemesi a\u00e7\u0131s\u0131ndan harici etek astar\u0131 ile kullanman\u0131z\u0131 tavsiye ederiz. KEMER \u00dcR\u00dcNE DAH\u0130L DE\u011e\u0130LD\u0130R. \u00dcr\u00fcn rengi i\u00e7in st\u00fcdyo \u00e7ekimini [&hellip;]<\/p>\n","protected":false},"featured_media":80387,"comment_status":"open","ping_status":"closed","template":"","meta":[],"product_brand":[],"product_cat":[6249,1933],"product_tag":[7326,7575,7562,6877],"class_list":{"0":"post-80406","1":"product","2":"type-product","3":"status-publish","4":"has-post-thumbnail","6":"product_cat-elbiseler","7":"product_cat-gunluk-ve-gunduz-elbiseleri","8":"product_tag-bol-kesim","9":"product_tag-gunluk-elbise","10":"product_tag-mavi-elbise","11":"product_tag-yaz-elbisesi","12":"pa_brand-he-qa","13":"pa_color-light-blue","14":"pa_size-4701","15":"pa_size-4706","16":"pa_size-4711","17":"pa_size-4713","19":"first","20":"instock","21":"sale","22":"shipping-taxable","23":"purchasable","24":"product-type-variable"},"_links":{"self":[{"href":"https:\/\/mod.wisdar.net\/tr\/wp-json\/wp\/v2\/product\/80406","targetHints":{"allow":["GET"]}}],"collection":[{"href":"https:\/\/mod.wisdar.net\/tr\/wp-json\/wp\/v2\/product"}],"about":[{"href":"https:\/\/mod.wisdar.net\/tr\/wp-json\/wp\/v2\/types\/product"}],"replies":[{"embeddable":true,"href":"https:\/\/mod.wisdar.net\/tr\/wp-json\/wp\/v2\/comments?post=80406"}],"wp:featuredmedia":[{"embeddable":true,"href":"https:\/\/mod.wisdar.net\/tr\/wp-json\/wp\/v2\/media\/80387"}],"wp:attachment":[{"href":"https:\/\/mod.wisdar.net\/tr\/wp-json\/wp\/v2\/media?parent=80406"}],"wp:term":[{"taxonomy":"product_brand","embeddable":true,"href":"https:\/\/mod.wisdar.net\/tr\/wp-json\/wp\/v2\/product_brand?post=80406"},{"taxonomy":"product_cat","embeddable":true,"href":"https:\/\/mod.wisdar.net\/tr\/wp-json\/wp\/v2\/product_cat?post=80406"},{"taxonomy":"product_tag","embeddable":true,"href":"https:\/\/mod.wisdar.net\/tr\/wp-json\/wp\/v2\/product_tag?post=80406"}],"curies":[{"name":"wp","href":"https:\/\/api.w.org\/{rel}","templated":true}]}}