{"id":80541,"date":"2026-01-26T17:58:24","date_gmt":"2026-01-26T17:58:24","guid":{"rendered":"https:\/\/modesthanim.com\/product\/sifon-ekose-etek-cok-renkli\/"},"modified":"2026-03-22T01:33:02","modified_gmt":"2026-03-22T01:33:02","slug":"sifon-ekose-etek-cok-renkli","status":"publish","type":"product","link":"https:\/\/mod.wisdar.net\/tr\/urun\/sifon-ekose-etek-cok-renkli\/","title":{"rendered":"\u015eifon Ekose Etek \u00c7ok Renkli"},"content":{"rendered":"<p>%100 polyester kuma\u015ftan \u00fcretilen bu \u015fifon ekose etek, \u00f6zel bask\u0131 desenlerin netli\u011fini ve kal\u0131c\u0131l\u0131\u011f\u0131n\u0131 korumak amac\u0131yla polyester i\u00e7erikle tasarlanm\u0131\u015ft\u0131r. Polyester kuma\u015f, bask\u0131n\u0131n canl\u0131l\u0131\u011f\u0131n\u0131 ve desenlerin keskinli\u011fini uzun s\u00fcre muhafaza ederken; hafif yap\u0131s\u0131yla ete\u011fin ak\u0131\u015fkan formunu destekler. Ekose desenler, koleksiyon b\u00fct\u00fcnl\u00fc\u011f\u00fc g\u00f6zetilerek \u00f6zel olarak \u00e7izilmi\u015f ve tasar\u0131ma karakteristik bir kimlik kazand\u0131rm\u0131\u015ft\u0131r. \u015eifon dokunun hafifli\u011fiyle ekose desenin klasik duru\u015funu bir araya getiren bu model, d\u00f6k\u00fcml\u00fc yap\u0131s\u0131yla zarif ve feminen bir siluet sunar. Hareket ettik\u00e7e ak\u0131\u015fkan formu \u00f6n plana \u00e7\u0131karak dinamik ve \u015f\u0131k bir g\u00f6r\u00fcn\u00fcm olu\u015fturur. G\u00fcnl\u00fck kombinlerde basic par\u00e7alarla dengelenebilece\u011fi gibi, daha \u00f6zenli ve \u015f\u0131k stillerde de rahatl\u0131kla tercih edilebilir. Zamans\u0131z deseni ve hafif yap\u0131s\u0131yla \u00e7ok y\u00f6nl\u00fc bir kullan\u0131m sunar. Bak\u0131m \u00f6nerisi: Hassas y\u0131kama yap\u0131n\u0131z. A\u011fart\u0131c\u0131 kullanmay\u0131n\u0131z. D\u00fc\u015f\u00fck \u0131s\u0131da \u00fct\u00fcleyiniz. Boy: 95 cm (\u00dcr\u00fcn boyu \u00fcretimler aras\u0131 1-3 cm de\u011fi\u015febilir.) Kal\u0131p Bilgisi: Bel Basen 36 Beden: 74 cm 126 cm 38 Beden: 78 cm 130 cm 40 Beden: 82 cm 134 cm 42 Beden: 86 cm 138 cm Manken \u00d6l\u00e7\u00fcleri: Boy: 174 cm G\u00f6\u011f\u00fcs: 83 cm Bel: 62 cm Basen: 92 cm Mankenin \u00dczerindeki Beden: 36<\/p>\n","protected":false},"excerpt":{"rendered":"<p>%100 polyester kuma\u015ftan \u00fcretilen bu \u015fifon ekose etek, \u00f6zel bask\u0131 desenlerin netli\u011fini ve kal\u0131c\u0131l\u0131\u011f\u0131n\u0131 korumak amac\u0131yla polyester i\u00e7erikle tasarlanm\u0131\u015ft\u0131r. Polyester kuma\u015f, bask\u0131n\u0131n canl\u0131l\u0131\u011f\u0131n\u0131 ve desenlerin keskinli\u011fini uzun s\u00fcre muhafaza ederken; hafif yap\u0131s\u0131yla ete\u011fin ak\u0131\u015fkan formunu destekler. Ekose desenler, koleksiyon b\u00fct\u00fcnl\u00fc\u011f\u00fc g\u00f6zetilerek \u00f6zel olarak \u00e7izilmi\u015f ve tasar\u0131ma karakteristik bir kimlik kazand\u0131rm\u0131\u015ft\u0131r. \u015eifon dokunun hafifli\u011fiyle ekose desenin [&hellip;]<\/p>\n","protected":false},"featured_media":80532,"comment_status":"open","ping_status":"closed","template":"","meta":[],"product_brand":[],"product_cat":[1969],"product_tag":[],"class_list":{"0":"post-80541","1":"product","2":"type-product","3":"status-publish","4":"has-post-thumbnail","6":"product_cat-etekler","7":"pa_brand-he-qa","8":"pa_color-renkli","9":"pa_size-4701","10":"pa_size-4706","11":"pa_size-4711","12":"pa_size-4713","14":"first","15":"outofstock","16":"shipping-taxable","17":"product-type-variable"},"_links":{"self":[{"href":"https:\/\/mod.wisdar.net\/tr\/wp-json\/wp\/v2\/product\/80541","targetHints":{"allow":["GET"]}}],"collection":[{"href":"https:\/\/mod.wisdar.net\/tr\/wp-json\/wp\/v2\/product"}],"about":[{"href":"https:\/\/mod.wisdar.net\/tr\/wp-json\/wp\/v2\/types\/product"}],"replies":[{"embeddable":true,"href":"https:\/\/mod.wisdar.net\/tr\/wp-json\/wp\/v2\/comments?post=80541"}],"wp:featuredmedia":[{"embeddable":true,"href":"https:\/\/mod.wisdar.net\/tr\/wp-json\/wp\/v2\/media\/80532"}],"wp:attachment":[{"href":"https:\/\/mod.wisdar.net\/tr\/wp-json\/wp\/v2\/media?parent=80541"}],"wp:term":[{"taxonomy":"product_brand","embeddable":true,"href":"https:\/\/mod.wisdar.net\/tr\/wp-json\/wp\/v2\/product_brand?post=80541"},{"taxonomy":"product_cat","embeddable":true,"href":"https:\/\/mod.wisdar.net\/tr\/wp-json\/wp\/v2\/product_cat?post=80541"},{"taxonomy":"product_tag","embeddable":true,"href":"https:\/\/mod.wisdar.net\/tr\/wp-json\/wp\/v2\/product_tag?post=80541"}],"curies":[{"name":"wp","href":"https:\/\/api.w.org\/{rel}","templated":true}]}}