{"id":80550,"date":"2026-01-26T17:58:27","date_gmt":"2026-01-26T17:58:27","guid":{"rendered":"https:\/\/modesthanim.com\/product\/kirisik-kareli-vual-etek\/"},"modified":"2026-04-09T11:05:13","modified_gmt":"2026-04-09T11:05:13","slug":"kirisik-kareli-vual-etek","status":"publish","type":"product","link":"https:\/\/mod.wisdar.net\/tr\/urun\/kirisik-kareli-vual-etek\/","title":{"rendered":"K\u0131r\u0131\u015f\u0131k Kareli Vual Etek"},"content":{"rendered":"<p>%100 pamuklu vual kuma\u015ftan \u00fcretilen bu k\u0131r\u0131\u015f\u0131k kareli etek, do\u011fal yap\u0131s\u0131 sayesinde hafif ve nefes alabilir bir kullan\u0131m sunar. Pamuk i\u00e7eri\u011fi cilt dostu hissiyle g\u00fcn boyu konfor sa\u011flarken, ince ve yumu\u015fak vual dokusu ete\u011fe ak\u0131c\u0131, havadar bir d\u00f6k\u00fcm kazand\u0131r\u0131r. K\u0131r\u0131\u015f\u0131k y\u00fczey do\u011fal ve zahmetsiz bir g\u00f6r\u00fcn\u00fcm ekleyerek rahat ve kolay bir tarz\u0131 peki\u015ftirir.<br \/>\nZamans\u0131z kare deseniyle bu model, hafif ve ak\u0131c\u0131 formuyla g\u00fcn boyu konfor sa\u011flar. K\u0131r\u0131\u015f\u0131k doku hem do\u011fal hem de \u015f\u0131k hissettiren basit ama karakterli bir siluet olu\u015fturur.<br \/>\nG\u00fcnl\u00fck kullan\u0131m i\u00e7in idealdir, temel par\u00e7alarla kolayca kombinlenebilir ve zahmetsiz zarafeti vurgulayan \u00e7ok y\u00f6nl\u00fc bir etek se\u00e7ene\u011fi olarak \u00f6ne \u00e7\u0131kar.<br \/>\nBak\u0131m talimatlar\u0131: Y\u0131kama \u00f6nerilir. A\u011fart\u0131c\u0131 kullanmay\u0131n. D\u00fc\u015f\u00fck \u0131s\u0131da \u00fct\u00fcleyin.<br \/>\nUzunluk: 98 cm (\u00dcr\u00fcn uzunlu\u011fu \u00fcretim partileri aras\u0131nda 1-3 cm de\u011fi\u015fiklik g\u00f6sterebilir.)<\/p>\n<p>Beden Tablosu:<br \/>\nBel<\/p>\n<p>Beden 36:<br \/>\n66 cm<\/p>\n<p>Beden 38:<br \/>\n70 cm<\/p>\n<p>Beden 40:<br \/>\n74 cm<\/p>\n<p>Beden 42:<br \/>\n78 cm<\/p>\n<p>Modelin \u00d6l\u00e7\u00fcleri: Boy: 174 cm G\u00f6\u011f\u00fcs: 83 cm Bel: 62 cm Kal\u00e7a: 92 cm Modelin Giydi\u011fi Beden: 36<\/p>\n","protected":false},"excerpt":{"rendered":"<p>%100 pamuklu vual kuma\u015ftan \u00fcretilen bu k\u0131r\u0131\u015f\u0131k kareli etek, do\u011fal yap\u0131s\u0131 sayesinde hafif ve nefes alabilir bir kullan\u0131m sunar. Pamuk i\u00e7eri\u011fi cilt dostu hissiyle g\u00fcn boyu konfor sa\u011flarken, ince ve yumu\u015fak vual dokusu ete\u011fe ak\u0131c\u0131, havadar bir d\u00f6k\u00fcm kazand\u0131r\u0131r. K\u0131r\u0131\u015f\u0131k y\u00fczey do\u011fal ve zahmetsiz bir g\u00f6r\u00fcn\u00fcm ekleyerek rahat ve kolay bir tarz\u0131 peki\u015ftirir. Zamans\u0131z kare [&hellip;]<\/p>\n","protected":false},"featured_media":80534,"comment_status":"open","ping_status":"closed","template":"","meta":[],"product_brand":[],"product_cat":[1969],"product_tag":[],"class_list":{"0":"post-80550","1":"product","2":"type-product","3":"status-publish","4":"has-post-thumbnail","6":"product_cat-etekler","7":"pa_brand-he-qa","8":"pa_color-kahve","9":"pa_size-4701","10":"pa_size-4706","11":"pa_size-4711","12":"pa_size-4713","14":"first","15":"instock","16":"shipping-taxable","17":"purchasable","18":"product-type-variable"},"_links":{"self":[{"href":"https:\/\/mod.wisdar.net\/tr\/wp-json\/wp\/v2\/product\/80550","targetHints":{"allow":["GET"]}}],"collection":[{"href":"https:\/\/mod.wisdar.net\/tr\/wp-json\/wp\/v2\/product"}],"about":[{"href":"https:\/\/mod.wisdar.net\/tr\/wp-json\/wp\/v2\/types\/product"}],"replies":[{"embeddable":true,"href":"https:\/\/mod.wisdar.net\/tr\/wp-json\/wp\/v2\/comments?post=80550"}],"wp:featuredmedia":[{"embeddable":true,"href":"https:\/\/mod.wisdar.net\/tr\/wp-json\/wp\/v2\/media\/80534"}],"wp:attachment":[{"href":"https:\/\/mod.wisdar.net\/tr\/wp-json\/wp\/v2\/media?parent=80550"}],"wp:term":[{"taxonomy":"product_brand","embeddable":true,"href":"https:\/\/mod.wisdar.net\/tr\/wp-json\/wp\/v2\/product_brand?post=80550"},{"taxonomy":"product_cat","embeddable":true,"href":"https:\/\/mod.wisdar.net\/tr\/wp-json\/wp\/v2\/product_cat?post=80550"},{"taxonomy":"product_tag","embeddable":true,"href":"https:\/\/mod.wisdar.net\/tr\/wp-json\/wp\/v2\/product_tag?post=80550"}],"curies":[{"name":"wp","href":"https:\/\/api.w.org\/{rel}","templated":true}]}}