{"id":80673,"date":"2026-01-26T18:01:31","date_gmt":"2026-01-26T18:01:31","guid":{"rendered":"https:\/\/modesthanim.com\/product\/onluklu-koyu-lavanta-mavisi-elbise\/"},"modified":"2026-04-02T04:40:58","modified_gmt":"2026-04-02T04:40:58","slug":"onluklu-koyu-lavanta-mavisi-elbise","status":"publish","type":"product","link":"https:\/\/mod.wisdar.net\/tr\/urun\/onluklu-koyu-lavanta-mavisi-elbise\/","title":{"rendered":"\u00d6nl\u00fckl\u00fc Koyu Lavanta Mavisi Elbise"},"content":{"rendered":"<p>%85 rayon ve %15 poliamid kar\u0131\u015f\u0131m\u0131 kuma\u015ftan \u00fcretilmi\u015ftir. Bu \u00fcr\u00fcnde kullan\u0131lan rayon ipli\u011fi genellikle kay\u0131n, okalipt\u00fcs veya bambu a\u011fa\u00e7lar\u0131ndan elde edilir. Do\u011fal sel\u00fcloz bazl\u0131 yap\u0131s\u0131yla bilinen rayon, yumu\u015fak dokusu ve zarif d\u00f6k\u00fcm\u00fc sayesinde kuma\u015fa ipeksi bir his ve nefes alabilirlik kazand\u0131r\u0131r. Kar\u0131\u015f\u0131ma eklenen %20 naylon, kuma\u015f\u0131n dayan\u0131kl\u0131l\u0131\u011f\u0131n\u0131 art\u0131r\u0131r, k\u0131r\u0131\u015fmay\u0131 azalt\u0131r ve hafif bir parlakl\u0131k sa\u011flar. \u00dcr\u00fcn \u00f6l\u00e7\u00fcleri a\u015fa\u011f\u0131da belirtilmi\u015ftir. En do\u011fru se\u00e7imi yapmak i\u00e7in bu \u00f6l\u00e7\u00fcleri zaten sevdi\u011finiz bir elbisenin \u00f6l\u00e7\u00fcleriyle kar\u015f\u0131la\u015ft\u0131rabilirsiniz. \u00dcR\u00dcN KEND\u0130 KUMA\u015eINDAN YAPILMI\u015e B\u0130R KEMER \u0130LE B\u0130RL\u0130KTE GELMEKTED\u0130R. Uzunluk: 134 cm (\u00dcretim partileri aras\u0131nda \u00fcr\u00fcn uzunlu\u011fu 1-5 cm farkl\u0131l\u0131k g\u00f6sterebilir.) Beden Tablosu: G\u00f6\u011f\u00fcs Kal\u00e7a Kol \u00dcst\u00fc Beden 36: 128 cm 130 cm 46 cm Beden 38: 132 cm 134 cm 48 cm Beden 40: 136 cm 138 cm 50 cm Beden 42: 140 cm 142 cm 52 cm Modelin \u00d6l\u00e7\u00fcleri: Boy: 176 cm G\u00f6\u011f\u00fcs: 85 cm Bel: 62 cm Kal\u00e7a: 92 cm Modelin Giydi\u011fi Beden: 36<\/p>\n","protected":false},"excerpt":{"rendered":"<p>%85 rayon ve %15 poliamid kar\u0131\u015f\u0131m\u0131 kuma\u015ftan \u00fcretilmi\u015ftir. Bu \u00fcr\u00fcnde kullan\u0131lan rayon ipli\u011fi genellikle kay\u0131n, okalipt\u00fcs veya bambu a\u011fa\u00e7lar\u0131ndan elde edilir. Do\u011fal sel\u00fcloz bazl\u0131 yap\u0131s\u0131yla bilinen rayon, yumu\u015fak dokusu ve zarif d\u00f6k\u00fcm\u00fc sayesinde kuma\u015fa ipeksi bir his ve nefes alabilirlik kazand\u0131r\u0131r. Kar\u0131\u015f\u0131ma eklenen %20 naylon, kuma\u015f\u0131n dayan\u0131kl\u0131l\u0131\u011f\u0131n\u0131 art\u0131r\u0131r, k\u0131r\u0131\u015fmay\u0131 azalt\u0131r ve hafif bir parlakl\u0131k sa\u011flar. [&hellip;]<\/p>\n","protected":false},"featured_media":80666,"comment_status":"open","ping_status":"closed","template":"","meta":[],"product_brand":[],"product_cat":[6249,1933],"product_tag":[],"class_list":{"0":"post-80673","1":"product","2":"type-product","3":"status-publish","4":"has-post-thumbnail","6":"product_cat-elbiseler","7":"product_cat-gunluk-ve-gunduz-elbiseleri","8":"pa_brand-he-qa","9":"pa_color-dark-lavender-blue","10":"pa_size-4701","11":"pa_size-4706","12":"pa_size-4711","13":"pa_size-4713","15":"first","16":"instock","17":"sale","18":"shipping-taxable","19":"purchasable","20":"product-type-variable"},"_links":{"self":[{"href":"https:\/\/mod.wisdar.net\/tr\/wp-json\/wp\/v2\/product\/80673","targetHints":{"allow":["GET"]}}],"collection":[{"href":"https:\/\/mod.wisdar.net\/tr\/wp-json\/wp\/v2\/product"}],"about":[{"href":"https:\/\/mod.wisdar.net\/tr\/wp-json\/wp\/v2\/types\/product"}],"replies":[{"embeddable":true,"href":"https:\/\/mod.wisdar.net\/tr\/wp-json\/wp\/v2\/comments?post=80673"}],"wp:featuredmedia":[{"embeddable":true,"href":"https:\/\/mod.wisdar.net\/tr\/wp-json\/wp\/v2\/media\/80666"}],"wp:attachment":[{"href":"https:\/\/mod.wisdar.net\/tr\/wp-json\/wp\/v2\/media?parent=80673"}],"wp:term":[{"taxonomy":"product_brand","embeddable":true,"href":"https:\/\/mod.wisdar.net\/tr\/wp-json\/wp\/v2\/product_brand?post=80673"},{"taxonomy":"product_cat","embeddable":true,"href":"https:\/\/mod.wisdar.net\/tr\/wp-json\/wp\/v2\/product_cat?post=80673"},{"taxonomy":"product_tag","embeddable":true,"href":"https:\/\/mod.wisdar.net\/tr\/wp-json\/wp\/v2\/product_tag?post=80673"}],"curies":[{"name":"wp","href":"https:\/\/api.w.org\/{rel}","templated":true}]}}