{"id":80719,"date":"2026-01-26T18:01:51","date_gmt":"2026-01-26T18:01:51","guid":{"rendered":"https:\/\/modesthanim.com\/product\/sifon-ekoseli-etek-haki\/"},"modified":"2026-03-22T01:31:13","modified_gmt":"2026-03-22T01:31:13","slug":"sifon-ekoseli-etek-haki","status":"publish","type":"product","link":"https:\/\/mod.wisdar.net\/tr\/urun\/sifon-ekoseli-etek-haki\/","title":{"rendered":"\u015eifon Ekoseli Etek Haki"},"content":{"rendered":"<p>Bu \u015fifon ekoseli etek, %100 polyester kuma\u015ftan \u00fcretilmi\u015f olup, bask\u0131 desenlerin netli\u011fini, canl\u0131l\u0131\u011f\u0131n\u0131 ve uzun \u00f6m\u00fcrl\u00fc kalitesini korumak i\u00e7in polyester tabanl\u0131 tasarlanm\u0131\u015ft\u0131r. Polyester kuma\u015f, renklerin zamanla canl\u0131 kalmas\u0131n\u0131 ve \u00e7izgilerin keskinli\u011fini korurken, hafif yap\u0131s\u0131 ete\u011fin ak\u0131c\u0131 ve havadar d\u00f6k\u00fcm\u00fcn\u00fc destekler. Ekose motifleri, koleksiyon uyumuna \u00f6zen g\u00f6sterilerek \u00f6zel olarak tasarlanm\u0131\u015f olup, tasar\u0131ma ay\u0131rt edici ve karakteristik bir kimlik kazand\u0131r\u0131r.<\/p>\n<p>\u015eifonun hafifli\u011fi ile ekonun klasik \u00e7ekicili\u011fini bir araya getiren bu model, ak\u0131c\u0131 yap\u0131s\u0131yla zarif ve feminen bir sil\u00fcet sunar. Hareket ettik\u00e7e ak\u0131c\u0131 form canlan\u0131r, dinamik ve \u015f\u0131k bir g\u00f6r\u00fcn\u00fcm olu\u015fturur.<\/p>\n<p>G\u00fcnl\u00fck kullan\u0131m i\u00e7in temel par\u00e7alarla zahmetsizce kombinlenebilir veya daha \u015f\u0131k \u00fcr\u00fcnlerle e\u015fle\u015ftirilerek zarif ve sofistike k\u0131yafetler olu\u015fturulabilir. Zamans\u0131z deseni ve hafif dokusuyla \u00e7ok y\u00f6nl\u00fc ve mevsimsiz bir kullan\u0131m sunar.<\/p>\n<p>Bak\u0131m talimatlar\u0131: Hassas y\u0131kama. A\u011fart\u0131c\u0131 kullanmay\u0131n. D\u00fc\u015f\u00fck s\u0131cakl\u0131kta \u00fct\u00fcleyin. Uzunluk: 95 cm (\u00dcr\u00fcn uzunlu\u011fu \u00fcretim partileri aras\u0131nda 1-3 cm farkl\u0131l\u0131k g\u00f6sterebilir.)<\/p>\n<p>Beden Tablosu:<br \/>\nBel Kal\u00e7a<br \/>\nBeden 36: 74 cm 126 cm<br \/>\nBeden 38: 78 cm 130 cm<br \/>\nBeden 40: 82 cm 134 cm<br \/>\nBeden 42: 86 cm 138 cm<\/p>\n<p>Modelin \u00d6l\u00e7\u00fcleri:<br \/>\nBoy: 174 cm<br \/>\nG\u00f6\u011f\u00fcs: 83 cm<br \/>\nBel: 62 cm<br \/>\nKal\u00e7a: 92 cm<br \/>\nModelin Giyimi: Beden 36<\/p>\n","protected":false},"excerpt":{"rendered":"<p>Bu \u015fifon ekoseli etek, %100 polyester kuma\u015ftan \u00fcretilmi\u015f olup, bask\u0131 desenlerin netli\u011fini, canl\u0131l\u0131\u011f\u0131n\u0131 ve uzun \u00f6m\u00fcrl\u00fc kalitesini korumak i\u00e7in polyester tabanl\u0131 tasarlanm\u0131\u015ft\u0131r. Polyester kuma\u015f, renklerin zamanla canl\u0131 kalmas\u0131n\u0131 ve \u00e7izgilerin keskinli\u011fini korurken, hafif yap\u0131s\u0131 ete\u011fin ak\u0131c\u0131 ve havadar d\u00f6k\u00fcm\u00fcn\u00fc destekler. Ekose motifleri, koleksiyon uyumuna \u00f6zen g\u00f6sterilerek \u00f6zel olarak tasarlanm\u0131\u015f olup, tasar\u0131ma ay\u0131rt edici ve karakteristik [&hellip;]<\/p>\n","protected":false},"featured_media":80709,"comment_status":"open","ping_status":"closed","template":"","meta":[],"product_brand":[],"product_cat":[1969],"product_tag":[],"class_list":{"0":"post-80719","1":"product","2":"type-product","3":"status-publish","4":"has-post-thumbnail","6":"product_cat-etekler","7":"pa_brand-he-qa","8":"pa_color-haki","9":"pa_size-4701","10":"pa_size-4706","11":"pa_size-4711","12":"pa_size-4713","14":"first","15":"outofstock","16":"shipping-taxable","17":"product-type-variable"},"_links":{"self":[{"href":"https:\/\/mod.wisdar.net\/tr\/wp-json\/wp\/v2\/product\/80719","targetHints":{"allow":["GET"]}}],"collection":[{"href":"https:\/\/mod.wisdar.net\/tr\/wp-json\/wp\/v2\/product"}],"about":[{"href":"https:\/\/mod.wisdar.net\/tr\/wp-json\/wp\/v2\/types\/product"}],"replies":[{"embeddable":true,"href":"https:\/\/mod.wisdar.net\/tr\/wp-json\/wp\/v2\/comments?post=80719"}],"wp:featuredmedia":[{"embeddable":true,"href":"https:\/\/mod.wisdar.net\/tr\/wp-json\/wp\/v2\/media\/80709"}],"wp:attachment":[{"href":"https:\/\/mod.wisdar.net\/tr\/wp-json\/wp\/v2\/media?parent=80719"}],"wp:term":[{"taxonomy":"product_brand","embeddable":true,"href":"https:\/\/mod.wisdar.net\/tr\/wp-json\/wp\/v2\/product_brand?post=80719"},{"taxonomy":"product_cat","embeddable":true,"href":"https:\/\/mod.wisdar.net\/tr\/wp-json\/wp\/v2\/product_cat?post=80719"},{"taxonomy":"product_tag","embeddable":true,"href":"https:\/\/mod.wisdar.net\/tr\/wp-json\/wp\/v2\/product_tag?post=80719"}],"curies":[{"name":"wp","href":"https:\/\/api.w.org\/{rel}","templated":true}]}}