{"id":80740,"date":"2026-01-26T18:02:16","date_gmt":"2026-01-26T18:02:16","guid":{"rendered":"https:\/\/modesthanim.com\/product\/asimetrik-ekose-etek\/"},"modified":"2026-04-09T11:04:58","modified_gmt":"2026-04-09T11:04:58","slug":"asimetrik-ekose-etek","status":"publish","type":"product","link":"https:\/\/mod.wisdar.net\/tr\/urun\/asimetrik-ekose-etek\/","title":{"rendered":"Asimetrik Ekose Etek"},"content":{"rendered":"<p>%63 polyester, %34 viskon ve %3 elastan kar\u0131\u015f\u0131m\u0131ndan \u00fcretilen bu asimetrik ekose etek, hem konfor hem de \u015f\u0131kl\u0131k sunar. Polyester i\u00e7eri\u011fi asimetrik kesimin netli\u011fini korurken, viskon kuma\u015fa yumu\u015fakl\u0131k ve ak\u0131c\u0131l\u0131k katar. Elastan ise hareket kolayl\u0131\u011f\u0131 ve rahat giyim i\u00e7in hafif esneklik sa\u011flar.<br \/>\nT\u00fcm koleksiyonla uyum i\u00e7inde se\u00e7ilen ekose renk paleti, asimetrik siluetle kusursuz birle\u015ferek tasar\u0131m\u0131n modern ve dinamik karakterini vurgular. Ak\u0131c\u0131 formu ve rahat kesimiyle bu etek, modaya y\u00f6n veren kombinasyonlar i\u00e7in g\u00fc\u00e7l\u00fc ve \u015f\u0131k bir tamamlay\u0131c\u0131d\u0131r.<br \/>\nBak\u0131m talimatlar\u0131: Benzer renklerle 30\u00b0C&#8217;de hassas programda y\u0131kay\u0131n. A\u011fart\u0131c\u0131 kullanmay\u0131n. D\u00fc\u015f\u00fck \u0131s\u0131da \u00fct\u00fcleyin.<br \/>\nUzunluk: 86 cm (\u00dcr\u00fcn uzunlu\u011fu \u00fcretim partileri aras\u0131nda 1-3 cm de\u011fi\u015fiklik g\u00f6sterebilir.)<\/p>\n<p>Beden Tablosu:<br \/>\nBel \u00d6l\u00e7\u00fcs\u00fc<br \/>\nBeden 36: 74 cm<br \/>\nBeden 38: 78 cm<br \/>\nBeden 40: 82 cm<br \/>\nBeden 42: 86 cm<\/p>\n<p>Modelin \u00d6l\u00e7\u00fcleri: Boy: 174 cm G\u00f6\u011f\u00fcs: 83 cm Bel: 62 cm Kal\u00e7a: 92 cm<br \/>\nModelin Giyim Bedeni: 36<\/p>\n","protected":false},"excerpt":{"rendered":"<p>%63 polyester, %34 viskon ve %3 elastan kar\u0131\u015f\u0131m\u0131ndan \u00fcretilen bu asimetrik ekose etek, hem konfor hem de \u015f\u0131kl\u0131k sunar. Polyester i\u00e7eri\u011fi asimetrik kesimin netli\u011fini korurken, viskon kuma\u015fa yumu\u015fakl\u0131k ve ak\u0131c\u0131l\u0131k katar. Elastan ise hareket kolayl\u0131\u011f\u0131 ve rahat giyim i\u00e7in hafif esneklik sa\u011flar. T\u00fcm koleksiyonla uyum i\u00e7inde se\u00e7ilen ekose renk paleti, asimetrik siluetle kusursuz birle\u015ferek tasar\u0131m\u0131n [&hellip;]<\/p>\n","protected":false},"featured_media":80726,"comment_status":"open","ping_status":"closed","template":"","meta":[],"product_brand":[],"product_cat":[1969],"product_tag":[],"class_list":{"0":"post-80740","1":"product","2":"type-product","3":"status-publish","4":"has-post-thumbnail","6":"product_cat-etekler","7":"pa_brand-he-qa","8":"pa_color-kahve","9":"pa_size-4701","10":"pa_size-4706","11":"pa_size-4711","12":"pa_size-4713","14":"first","15":"instock","16":"sale","17":"shipping-taxable","18":"purchasable","19":"product-type-variable"},"_links":{"self":[{"href":"https:\/\/mod.wisdar.net\/tr\/wp-json\/wp\/v2\/product\/80740","targetHints":{"allow":["GET"]}}],"collection":[{"href":"https:\/\/mod.wisdar.net\/tr\/wp-json\/wp\/v2\/product"}],"about":[{"href":"https:\/\/mod.wisdar.net\/tr\/wp-json\/wp\/v2\/types\/product"}],"replies":[{"embeddable":true,"href":"https:\/\/mod.wisdar.net\/tr\/wp-json\/wp\/v2\/comments?post=80740"}],"wp:featuredmedia":[{"embeddable":true,"href":"https:\/\/mod.wisdar.net\/tr\/wp-json\/wp\/v2\/media\/80726"}],"wp:attachment":[{"href":"https:\/\/mod.wisdar.net\/tr\/wp-json\/wp\/v2\/media?parent=80740"}],"wp:term":[{"taxonomy":"product_brand","embeddable":true,"href":"https:\/\/mod.wisdar.net\/tr\/wp-json\/wp\/v2\/product_brand?post=80740"},{"taxonomy":"product_cat","embeddable":true,"href":"https:\/\/mod.wisdar.net\/tr\/wp-json\/wp\/v2\/product_cat?post=80740"},{"taxonomy":"product_tag","embeddable":true,"href":"https:\/\/mod.wisdar.net\/tr\/wp-json\/wp\/v2\/product_tag?post=80740"}],"curies":[{"name":"wp","href":"https:\/\/api.w.org\/{rel}","templated":true}]}}