{"id":80785,"date":"2026-01-27T10:34:19","date_gmt":"2026-01-27T10:34:19","guid":{"rendered":"https:\/\/modesthanim.com\/product\/ekose-astarli-trenckot-aci-kahve\/"},"modified":"2026-01-27T10:36:51","modified_gmt":"2026-01-27T10:36:51","slug":"ekose-astarli-trenckot-aci-kahve","status":"publish","type":"product","link":"https:\/\/mod.wisdar.net\/tr\/urun\/ekose-astarli-trenckot-aci-kahve\/","title":{"rendered":"Ekose Astarl\u0131 Tren\u00e7kot Ac\u0131 kahve"},"content":{"rendered":"<p>Beden Yard\u0131m Rehberi <\/p>\n<p>BEDEN KILAVUZU<\/p>\n<p>\u00a0<\/p>\n<p>\t\t\t\u00d6l\u00e7\u00fcler<br \/>\n\t\t\tSM<br \/>\n\t\t\tML<\/p>\n<p>\t\t\tBoy<br \/>\n\t\t\t80,5 cm<br \/>\n\t\t\t81 cm<\/p>\n<p>\t\t\tG\u00f6\u011f\u00fcs \u00c7evresi<br \/>\n\t\t\t118 cm<br \/>\n\t\t\t122 cm<\/p>\n<p>\t\t\tKol<br \/>\n\t\t\t52,5 cm<br \/>\n\t\t\t53 cm<\/p>\n<p>\u2014 Technical Details \u2014<br \/>\n\u00dcr\u00fcn Hakk\u0131nda: Ceplidir.<br \/>\nMarka: Minik Terzi<br \/>\nSezon: MEVS\u0130ML\u0130K<br \/>\nCinsiyet: Kad\u0131n<br \/>\nMalzeme: Pamuk<br \/>\nKuma\u015f \u0130\u00e7eri\u011fi: %98 Pamuk %2 Ea<br \/>\nKal\u0131p: Bol Kal\u0131p<br \/>\nKol Boyu: Uzun Kollu<br \/>\nYaka Tipi: G\u00f6mlek Yaka<br \/>\nA\u00e7\u0131klama: Seyyar yakas\u0131 mevcuttur.<\/p>\n","protected":false},"excerpt":{"rendered":"<p>Beden Yard\u0131m Rehberi BEDEN KILAVUZU \u00a0 \u00d6l\u00e7\u00fcler SM ML Boy 80,5 cm 81 cm G\u00f6\u011f\u00fcs \u00c7evresi 118 cm 122 cm Kol 52,5 cm 53 cm \u2014 Technical Details \u2014 \u00dcr\u00fcn Hakk\u0131nda: Ceplidir. Marka: Minik Terzi Sezon: MEVS\u0130ML\u0130K Cinsiyet: Kad\u0131n Malzeme: Pamuk Kuma\u015f \u0130\u00e7eri\u011fi: %98 Pamuk %2 Ea Kal\u0131p: Bol Kal\u0131p Kol Boyu: Uzun Kollu Yaka [&hellip;]<\/p>\n","protected":false},"featured_media":80775,"comment_status":"open","ping_status":"closed","template":"","meta":[],"product_brand":[],"product_cat":[2047],"product_tag":[6921,6930,7326,7824,7488,6776,6313],"class_list":{"0":"post-80785","1":"product","2":"type-product","3":"status-publish","4":"has-post-thumbnail","6":"product_cat-paltolar","7":"product_tag-astarli","8":"product_tag-bitter-coffee","9":"product_tag-bol-kesim","10":"product_tag-ekose-2","11":"product_tag-pamuk","12":"product_tag-trenckot","13":"product_tag-womens-coat","14":"pa_brand-minik-terzi","15":"pa_color-aci-kahve-1","16":"pa_size-ml","17":"pa_size-sm","19":"first","20":"instock","21":"sale","22":"shipping-taxable","23":"purchasable","24":"product-type-variable"},"_links":{"self":[{"href":"https:\/\/mod.wisdar.net\/tr\/wp-json\/wp\/v2\/product\/80785","targetHints":{"allow":["GET"]}}],"collection":[{"href":"https:\/\/mod.wisdar.net\/tr\/wp-json\/wp\/v2\/product"}],"about":[{"href":"https:\/\/mod.wisdar.net\/tr\/wp-json\/wp\/v2\/types\/product"}],"replies":[{"embeddable":true,"href":"https:\/\/mod.wisdar.net\/tr\/wp-json\/wp\/v2\/comments?post=80785"}],"wp:featuredmedia":[{"embeddable":true,"href":"https:\/\/mod.wisdar.net\/tr\/wp-json\/wp\/v2\/media\/80775"}],"wp:attachment":[{"href":"https:\/\/mod.wisdar.net\/tr\/wp-json\/wp\/v2\/media?parent=80785"}],"wp:term":[{"taxonomy":"product_brand","embeddable":true,"href":"https:\/\/mod.wisdar.net\/tr\/wp-json\/wp\/v2\/product_brand?post=80785"},{"taxonomy":"product_cat","embeddable":true,"href":"https:\/\/mod.wisdar.net\/tr\/wp-json\/wp\/v2\/product_cat?post=80785"},{"taxonomy":"product_tag","embeddable":true,"href":"https:\/\/mod.wisdar.net\/tr\/wp-json\/wp\/v2\/product_tag?post=80785"}],"curies":[{"name":"wp","href":"https:\/\/api.w.org\/{rel}","templated":true}]}}