{"id":80926,"date":"2025-12-21T12:49:20","date_gmt":"2025-12-21T12:49:20","guid":{"rendered":"https:\/\/modesthanim.com\/product\/cicek-desenli-elbise-kahve\/"},"modified":"2026-04-02T20:14:03","modified_gmt":"2026-04-02T20:14:03","slug":"cicek-desenli-elbise-kahve","status":"publish","type":"product","link":"https:\/\/mod.wisdar.net\/tr\/urun\/cicek-desenli-elbise-kahve\/","title":{"rendered":"\u00c7i\u00e7ek Desenli Elbise \u2013 Kahve"},"content":{"rendered":"<p>Romantik ve zarif bir g\u00f6r\u00fcn\u00fcm sunan bu elbise, \u00e7i\u00e7ek desenleriyle do\u011fal bir canl\u0131l\u0131k kazand\u0131r\u0131r. Kuma\u015f \u0130\u00e7eri\u011fi: %100 Polyester Desen: \u00c7i\u00e7ek Desen Yaka Tipi: Hakim Yaka Kol Tipi: Uzun Kol Cep: Cepsiz Astar: Astarl\u0131 \u00dcr\u00fcn Boyu: 135 cm Kal\u0131p Tipi: Normal Kal\u0131p Manken \u00d6l\u00e7\u00fcleri: Boy: 174 cm G\u00f6\u011f\u00fcs: 81 cm Bel: 60 cm Basen: 89 cm Mankenin Giydi\u011fi Beden: 38<\/p>\n","protected":false},"excerpt":{"rendered":"<p>Romantik ve zarif bir g\u00f6r\u00fcn\u00fcm sunan bu elbise, \u00e7i\u00e7ek desenleriyle do\u011fal bir canl\u0131l\u0131k kazand\u0131r\u0131r. Kuma\u015f \u0130\u00e7eri\u011fi: %100 Polyester Desen: \u00c7i\u00e7ek Desen Yaka Tipi: Hakim Yaka Kol Tipi: Uzun Kol Cep: Cepsiz Astar: Astarl\u0131 \u00dcr\u00fcn Boyu: 135 cm Kal\u0131p Tipi: Normal Kal\u0131p Manken \u00d6l\u00e7\u00fcleri: Boy: 174 cm G\u00f6\u011f\u00fcs: 81 cm Bel: 60 cm Basen: 89 cm [&hellip;]<\/p>\n","protected":false},"featured_media":50341,"comment_status":"open","ping_status":"closed","template":"","meta":[],"product_brand":[],"product_cat":[6249],"product_tag":[6752,6744,6746,6750,6748,6745],"class_list":{"0":"post-80926","1":"product","2":"type-product","3":"status-publish","4":"has-post-thumbnail","6":"product_cat-elbiseler","7":"product_tag-cicekli-elbise","8":"product_tag-kadin-modasi","9":"product_tag-kahve-elbise","10":"product_tag-polyester-elbise","11":"product_tag-uzun-kollu-elbise","12":"product_tag-zarif-elbise","13":"pa_brand-tugba","14":"pa_color-kahve","15":"pa_size-4706","16":"pa_size-4711","17":"pa_size-4713","18":"pa_size-4751","19":"pa_size-4749","20":"pa_size-4747","22":"first","23":"outofstock","24":"shipping-taxable","25":"product-type-variable"},"_links":{"self":[{"href":"https:\/\/mod.wisdar.net\/tr\/wp-json\/wp\/v2\/product\/80926","targetHints":{"allow":["GET"]}}],"collection":[{"href":"https:\/\/mod.wisdar.net\/tr\/wp-json\/wp\/v2\/product"}],"about":[{"href":"https:\/\/mod.wisdar.net\/tr\/wp-json\/wp\/v2\/types\/product"}],"replies":[{"embeddable":true,"href":"https:\/\/mod.wisdar.net\/tr\/wp-json\/wp\/v2\/comments?post=80926"}],"wp:featuredmedia":[{"embeddable":true,"href":"https:\/\/mod.wisdar.net\/tr\/wp-json\/wp\/v2\/media\/50341"}],"wp:attachment":[{"href":"https:\/\/mod.wisdar.net\/tr\/wp-json\/wp\/v2\/media?parent=80926"}],"wp:term":[{"taxonomy":"product_brand","embeddable":true,"href":"https:\/\/mod.wisdar.net\/tr\/wp-json\/wp\/v2\/product_brand?post=80926"},{"taxonomy":"product_cat","embeddable":true,"href":"https:\/\/mod.wisdar.net\/tr\/wp-json\/wp\/v2\/product_cat?post=80926"},{"taxonomy":"product_tag","embeddable":true,"href":"https:\/\/mod.wisdar.net\/tr\/wp-json\/wp\/v2\/product_tag?post=80926"}],"curies":[{"name":"wp","href":"https:\/\/api.w.org\/{rel}","templated":true}]}}