{"id":80927,"date":"2025-11-01T21:22:06","date_gmt":"2025-11-01T21:22:06","guid":{"rendered":"https:\/\/modesthanim.com\/product\/gizli-cepli-pile-detayli-pantolon-bej\/"},"modified":"2026-04-07T04:11:48","modified_gmt":"2026-04-07T04:11:48","slug":"gizli-cepli-pile-detayli-pantolon-bej","status":"publish","type":"product","link":"https:\/\/mod.wisdar.net\/tr\/urun\/gizli-cepli-pile-detayli-pantolon-bej\/","title":{"rendered":"Gizli Cepli Pile Detayl\u0131 Pantolon \u2013 Bej"},"content":{"rendered":"<p>Pile detaylar\u0131yla hareket kazanan bu pantolon, gizli cepleriyle hem \u015f\u0131kl\u0131\u011f\u0131 hem i\u015flevselli\u011fi bir araya getirir. Rahat kesimi sayesinde g\u00fcn boyu konfor sunar. G\u00fcnl\u00fck ve ofis stiline zarif bir dokunu\u015f katar.<\/p>\n<p>Kuma\u015f \u0130\u00e7eri\u011fi: %85 Lyocell, %15 Keten<br \/>\nDesen: D\u00fcz<br \/>\nBel Tipi: Normal Bel<br \/>\nPa\u00e7a Tipi: Bol Pa\u00e7a<br \/>\nCep: Gizli Cep<br \/>\nAstar: Astars\u0131z<br \/>\n\u00dcr\u00fcn Boyu: 109 cm<br \/>\nKal\u0131p Tipi: Rahat Kal\u0131p<br \/>\nMankenin Giydi\u011fi Beden: 38<br \/>\nManken \u00d6l\u00e7\u00fcleri: Boy: 176 cm G\u00f6\u011f\u00fcs: 86 cm Bel: 61 cm Basen: 90 cm<\/p>\n<p>\u2014 Technical Details \u2014<br \/>\nDesen: D\u00fcz<br \/>\nBel Tipi: Normal Bel<br \/>\nPa\u00e7a Tipi: Bol Pa\u00e7a<br \/>\nCep: Gizli Cep<br \/>\nAstar: Astars\u0131z<br \/>\n\u00dcr\u00fcn Boyu: 109 cm<br \/>\nKal\u0131p Tipi: Rahat Kal\u0131p<br \/>\nMankenin Giydi\u011fi Beden: 38<br \/>\nManken \u00d6l\u00e7\u00fcleri: Boy: 176 cm, G\u00f6\u011f\u00fcs: 86 cm, Bel: 61 cm, Basen: 90 cm<\/p>\n","protected":false},"excerpt":{"rendered":"<p>Pile detaylar\u0131yla hareket kazanan bu pantolon, gizli cepleriyle hem \u015f\u0131kl\u0131\u011f\u0131 hem i\u015flevselli\u011fi bir araya getirir. Rahat kesimi sayesinde g\u00fcn boyu konfor sunar. G\u00fcnl\u00fck ve ofis stiline zarif bir dokunu\u015f katar. Kuma\u015f \u0130\u00e7eri\u011fi: %85 Lyocell, %15 Keten Desen: D\u00fcz Bel Tipi: Normal Bel Pa\u00e7a Tipi: Bol Pa\u00e7a Cep: Gizli Cep Astar: Astars\u0131z \u00dcr\u00fcn Boyu: 109 cm [&hellip;]<\/p>\n","protected":false},"featured_media":0,"comment_status":"open","ping_status":"closed","template":"","meta":[],"product_brand":[],"product_cat":[1882],"product_tag":[6753,6755,6754,6749,6747,6751],"class_list":{"0":"post-80927","1":"product","2":"type-product","3":"status-publish","5":"product_cat-alt-giyim","6":"product_tag-bej","7":"product_tag-gizli-cepler","8":"product_tag-ofis-kiyafeti","9":"product_tag-pantolon","10":"product_tag-pile-detayli","11":"product_tag-rahat","12":"pa_brand-tugba","13":"pa_color-bej","14":"pa_size-4706","15":"pa_size-4711","16":"pa_size-4713","17":"pa_size-4751","18":"pa_size-4749","19":"pa_size-4747","21":"first","22":"instock","23":"sale","24":"shipping-taxable","25":"purchasable","26":"product-type-variable"},"_links":{"self":[{"href":"https:\/\/mod.wisdar.net\/tr\/wp-json\/wp\/v2\/product\/80927","targetHints":{"allow":["GET"]}}],"collection":[{"href":"https:\/\/mod.wisdar.net\/tr\/wp-json\/wp\/v2\/product"}],"about":[{"href":"https:\/\/mod.wisdar.net\/tr\/wp-json\/wp\/v2\/types\/product"}],"replies":[{"embeddable":true,"href":"https:\/\/mod.wisdar.net\/tr\/wp-json\/wp\/v2\/comments?post=80927"}],"wp:attachment":[{"href":"https:\/\/mod.wisdar.net\/tr\/wp-json\/wp\/v2\/media?parent=80927"}],"wp:term":[{"taxonomy":"product_brand","embeddable":true,"href":"https:\/\/mod.wisdar.net\/tr\/wp-json\/wp\/v2\/product_brand?post=80927"},{"taxonomy":"product_cat","embeddable":true,"href":"https:\/\/mod.wisdar.net\/tr\/wp-json\/wp\/v2\/product_cat?post=80927"},{"taxonomy":"product_tag","embeddable":true,"href":"https:\/\/mod.wisdar.net\/tr\/wp-json\/wp\/v2\/product_tag?post=80927"}],"curies":[{"name":"wp","href":"https:\/\/api.w.org\/{rel}","templated":true}]}}