{"id":80951,"date":"2025-11-07T20:16:06","date_gmt":"2025-11-01T21:16:18","guid":{"rendered":"https:\/\/modesthanim.com\/product\/pileli-bol-paca-pantolon-ekru\/"},"modified":"2025-11-07T20:16:06","modified_gmt":"2025-11-07T20:16:06","slug":"pileli-bol-paca-pantolon-ekru","status":"publish","type":"product","link":"https:\/\/mod.wisdar.net\/tr\/urun\/pileli-bol-paca-pantolon-ekru\/","title":{"rendered":"Pileli Bol Pa\u00e7a Pantolon \u2013 Ekru"},"content":{"rendered":"<p>Bel k\u0131sm\u0131ndaki zarif pileler dinamik bir g\u00f6r\u00fcn\u00fcm sa\u011flarken, ak\u0131\u015fkan yap\u0131s\u0131 g\u00fcn boyu konfor ve \u015f\u0131kl\u0131k sunar.<\/p>\n<p>Kuma\u015f Kompozisyonu: %70 Lyocell, %25 Polyester, %5 Elastan<\/p>\n<p>Desen: D\u00fcz<br \/>\nBel Tipi: Normal Bel<br \/>\nPa\u00e7a Tipi: Bol Pa\u00e7a<br \/>\nCep: Yan Cep<br \/>\nAstar: Astars\u0131z<br \/>\n\u00dcr\u00fcn Boyu: 112 cm<br \/>\nKal\u0131p: Regular Fit<br \/>\nModelin Giydi\u011fi Beden: 36<br \/>\nModel \u00d6l\u00e7\u00fcleri: Boy: 176 cm, G\u00f6\u011f\u00fcs: 80 cm, Bel: 61 cm, Kal\u00e7a: 90 cm<\/p>\n","protected":false},"excerpt":{"rendered":"<p>Bel k\u0131sm\u0131ndaki zarif pileler dinamik bir g\u00f6r\u00fcn\u00fcm sa\u011flarken, ak\u0131\u015fkan yap\u0131s\u0131 g\u00fcn boyu konfor ve \u015f\u0131kl\u0131k sunar. Kuma\u015f Kompozisyonu: %70 Lyocell, %25 Polyester, %5 Elastan Desen: D\u00fcz Bel Tipi: Normal Bel Pa\u00e7a Tipi: Bol Pa\u00e7a Cep: Yan Cep Astar: Astars\u0131z \u00dcr\u00fcn Boyu: 112 cm Kal\u0131p: Regular Fit Modelin Giydi\u011fi Beden: 36 Model \u00d6l\u00e7\u00fcleri: Boy: 176 cm, [&hellip;]<\/p>\n","protected":false},"featured_media":0,"comment_status":"open","ping_status":"closed","template":"","meta":[],"product_brand":[],"product_cat":[1882],"product_tag":[6761,6757,6759,6749,6747],"class_list":{"0":"post-80951","1":"product","2":"type-product","3":"status-publish","5":"product_cat-alt-giyim","6":"product_tag-bol-paca","7":"product_tag-ekru","8":"product_tag-konfor","9":"product_tag-pantolon","10":"product_tag-pile-detayli","11":"pa_color-ekru","12":"pa_size-4701","13":"pa_size-4706","14":"pa_size-4711","15":"pa_size-4713","16":"pa_size-4751","18":"first","19":"instock","20":"sale","21":"shipping-taxable","22":"purchasable","23":"product-type-variable"},"_links":{"self":[{"href":"https:\/\/mod.wisdar.net\/tr\/wp-json\/wp\/v2\/product\/80951","targetHints":{"allow":["GET"]}}],"collection":[{"href":"https:\/\/mod.wisdar.net\/tr\/wp-json\/wp\/v2\/product"}],"about":[{"href":"https:\/\/mod.wisdar.net\/tr\/wp-json\/wp\/v2\/types\/product"}],"replies":[{"embeddable":true,"href":"https:\/\/mod.wisdar.net\/tr\/wp-json\/wp\/v2\/comments?post=80951"}],"wp:attachment":[{"href":"https:\/\/mod.wisdar.net\/tr\/wp-json\/wp\/v2\/media?parent=80951"}],"wp:term":[{"taxonomy":"product_brand","embeddable":true,"href":"https:\/\/mod.wisdar.net\/tr\/wp-json\/wp\/v2\/product_brand?post=80951"},{"taxonomy":"product_cat","embeddable":true,"href":"https:\/\/mod.wisdar.net\/tr\/wp-json\/wp\/v2\/product_cat?post=80951"},{"taxonomy":"product_tag","embeddable":true,"href":"https:\/\/mod.wisdar.net\/tr\/wp-json\/wp\/v2\/product_tag?post=80951"}],"curies":[{"name":"wp","href":"https:\/\/api.w.org\/{rel}","templated":true}]}}