{"id":80973,"date":"2025-11-01T20:58:35","date_gmt":"2025-11-01T20:58:35","guid":{"rendered":"https:\/\/modesthanim.com\/product\/beli-lastikli-desenli-piliseli-mavi-etek\/"},"modified":"2026-03-26T01:42:33","modified_gmt":"2026-03-26T01:42:33","slug":"beli-lastikli-desenli-piliseli-mavi-etek","status":"publish","type":"product","link":"https:\/\/mod.wisdar.net\/tr\/urun\/beli-lastikli-desenli-piliseli-mavi-etek\/","title":{"rendered":"Desenli ve Elastik Beli Mavi Pilili Etek"},"content":{"rendered":"<p>Desenli kuma\u015f\u0131 ve pilili dokusu ile zarif bir hareket kazanan bu etek, elastik bel detay\u0131 ile g\u00fcn boyu rahatl\u0131k sunar. Hafif yap\u0131s\u0131 her ad\u0131mda ak\u0131c\u0131 bir duru\u015f sergiler ve g\u00fcnl\u00fck k\u0131yafetlere feminen bir dokunu\u015f ekler.<\/p>\n<p>\u2014 Teknik Detaylar \u2014<br \/>\nDesen: Kar\u0131\u015f\u0131k Desen<br \/>\nBel Tipi: Normal Bel \u2013 Elastik Bel<br \/>\nEtek Tipi: Pilili Etek<br \/>\nCep: Cep Yok<br \/>\nAstar: Astarl\u0131<br \/>\n\u00dcr\u00fcn Uzunlu\u011fu: 95 cm<br \/>\nKal\u0131p: Normal Kal\u0131p<br \/>\nModelin Giydi\u011fi Beden: 36<br \/>\nModel \u00d6l\u00e7\u00fcleri: {&#8216;Boy&#8217;: &#8216;176 cm&#8217;, &#8216;G\u00f6\u011f\u00fcs&#8217;: &#8217;80 cm&#8217;, &#8216;Bel&#8217;: &#8217;60 cm&#8217;, &#8216;Kal\u00e7a&#8217;: &#8217;90 cm&#8217;}<\/p>\n","protected":false},"excerpt":{"rendered":"<p>Desenli kuma\u015f\u0131 ve pilili dokusu ile zarif bir hareket kazanan bu etek, elastik bel detay\u0131 ile g\u00fcn boyu rahatl\u0131k sunar. Hafif yap\u0131s\u0131 her ad\u0131mda ak\u0131c\u0131 bir duru\u015f sergiler ve g\u00fcnl\u00fck k\u0131yafetlere feminen bir dokunu\u015f ekler. \u2014 Teknik Detaylar \u2014 Desen: Kar\u0131\u015f\u0131k Desen Bel Tipi: Normal Bel \u2013 Elastik Bel Etek Tipi: Pilili Etek Cep: Cep [&hellip;]<\/p>\n","protected":false},"featured_media":10688,"comment_status":"open","ping_status":"closed","template":"","meta":[],"product_brand":[],"product_cat":[1969],"product_tag":[6769,6767,6766,6765,6747],"class_list":{"0":"post-80973","1":"product","2":"type-product","3":"status-publish","4":"has-post-thumbnail","6":"product_cat-etekler","7":"product_tag-desenli","8":"product_tag-feminen","9":"product_tag-hafif","10":"product_tag-lastikli-bel","11":"product_tag-pile-detayli","12":"pa_color-mavi","13":"pa_size-4701","14":"pa_size-4706","15":"pa_size-4711","16":"pa_size-4713","18":"first","19":"instock","20":"sale","21":"shipping-taxable","22":"purchasable","23":"product-type-variable"},"_links":{"self":[{"href":"https:\/\/mod.wisdar.net\/tr\/wp-json\/wp\/v2\/product\/80973","targetHints":{"allow":["GET"]}}],"collection":[{"href":"https:\/\/mod.wisdar.net\/tr\/wp-json\/wp\/v2\/product"}],"about":[{"href":"https:\/\/mod.wisdar.net\/tr\/wp-json\/wp\/v2\/types\/product"}],"replies":[{"embeddable":true,"href":"https:\/\/mod.wisdar.net\/tr\/wp-json\/wp\/v2\/comments?post=80973"}],"wp:featuredmedia":[{"embeddable":true,"href":"https:\/\/mod.wisdar.net\/tr\/wp-json\/wp\/v2\/media\/10688"}],"wp:attachment":[{"href":"https:\/\/mod.wisdar.net\/tr\/wp-json\/wp\/v2\/media?parent=80973"}],"wp:term":[{"taxonomy":"product_brand","embeddable":true,"href":"https:\/\/mod.wisdar.net\/tr\/wp-json\/wp\/v2\/product_brand?post=80973"},{"taxonomy":"product_cat","embeddable":true,"href":"https:\/\/mod.wisdar.net\/tr\/wp-json\/wp\/v2\/product_cat?post=80973"},{"taxonomy":"product_tag","embeddable":true,"href":"https:\/\/mod.wisdar.net\/tr\/wp-json\/wp\/v2\/product_tag?post=80973"}],"curies":[{"name":"wp","href":"https:\/\/api.w.org\/{rel}","templated":true}]}}