{"id":80974,"date":"2025-12-21T12:29:46","date_gmt":"2025-12-21T12:29:46","guid":{"rendered":"https:\/\/modesthanim.com\/product\/buzgu-detayli-elbise-haki\/"},"modified":"2026-03-27T18:57:50","modified_gmt":"2026-03-27T18:57:50","slug":"buzgu-detayli-elbise-haki","status":"publish","type":"product","link":"https:\/\/mod.wisdar.net\/tr\/urun\/buzgu-detayli-elbise-haki\/","title":{"rendered":"B\u00fczg\u00fc Detayl\u0131 Elbise \u2013 Olive"},"content":{"rendered":"<p>Bel ve g\u00f6\u011f\u00fcs k\u0131sm\u0131ndaki b\u00fczg\u00fc detaylar\u0131yla tasarlanan bu elbise, modern ve feminen bir g\u00f6r\u00fcn\u00fcm sunar. Ak\u0131c\u0131 kuma\u015f\u0131 ve rahat kesimi sayesinde g\u00fcn boyu konfor sa\u011flarken, zarif tasar\u0131m\u0131 \u00f6zel davetlerden g\u00fcnl\u00fck kombinlere kadar geni\u015f bir kullan\u0131m alan\u0131 yarat\u0131r<br \/>\nKuma\u015f \u0130\u00e7eri\u011fi: %100 Viskon<br \/>\nDesen: D\u00fcz<br \/>\nYaka Tipi: G\u00f6mlek Yaka<br \/>\nKol Tipi: Uzun Kol<br \/>\nCep: Cepsiz<br \/>\nAstar: Astarl\u0131<br \/>\n\u00dcr\u00fcn Boyu: 130 cm<br \/>\nKal\u0131p Tipi: Normal Kal\u0131p<br \/>\nMankenin Giydi\u011fi Beden: 38<br \/>\nManken \u00d6l\u00e7\u00fcleri:Boy: 175 cmG\u00f6\u011f\u00fcs: 85 cmBel: 70 cmBasen: 98 cm<\/p>\n<p>\u2014 Technical Details \u2014<br \/>\nDesen: D\u00fcz<br \/>\nYaka Tipi: G\u00f6mlek Yaka<br \/>\nKol Tipi: Uzun Kol<br \/>\nCep: Cepsiz<br \/>\nAstar: Astarl\u0131<br \/>\n\u00dcr\u00fcn Boyu: 130 cm<br \/>\nKal\u0131p Tipi: Normal Kal\u0131p<br \/>\nMankenin Giydi\u011fi Beden: 38<br \/>\nManken \u00d6l\u00e7\u00fcleri: Boy: 175 cm, G\u00f6\u011f\u00fcs: 85 cm, Bel: 70 cm, Basen: 98 cm<\/p>\n","protected":false},"excerpt":{"rendered":"<p>Bel ve g\u00f6\u011f\u00fcs k\u0131sm\u0131ndaki b\u00fczg\u00fc detaylar\u0131yla tasarlanan bu elbise, modern ve feminen bir g\u00f6r\u00fcn\u00fcm sunar. Ak\u0131c\u0131 kuma\u015f\u0131 ve rahat kesimi sayesinde g\u00fcn boyu konfor sa\u011flarken, zarif tasar\u0131m\u0131 \u00f6zel davetlerden g\u00fcnl\u00fck kombinlere kadar geni\u015f bir kullan\u0131m alan\u0131 yarat\u0131r Kuma\u015f \u0130\u00e7eri\u011fi: %100 Viskon Desen: D\u00fcz Yaka Tipi: G\u00f6mlek Yaka Kol Tipi: Uzun Kol Cep: Cepsiz Astar: Astarl\u0131 [&hellip;]<\/p>\n","protected":false},"featured_media":49951,"comment_status":"open","ping_status":"closed","template":"","meta":[],"product_brand":[],"product_cat":[6249,1933],"product_tag":[6773,6771,6770,6775,6772,6768,6774,6745],"class_list":{"0":"post-80974","1":"product","2":"type-product","3":"status-publish","4":"has-post-thumbnail","6":"product_cat-elbiseler","7":"product_cat-gunluk-ve-gunduz-elbiseleri","8":"product_tag-buzgulu-elbise","9":"product_tag-gomlek-yaka","10":"product_tag-gunluk-giyim","11":"product_tag-haki-elbise","12":"product_tag-ozel-gun","13":"product_tag-uzun-kol","14":"product_tag-viskon-elbise","15":"product_tag-zarif-elbise","16":"pa_color-olive","17":"pa_size-4706","18":"pa_size-4711","19":"pa_size-4713","20":"pa_size-4751","22":"first","23":"instock","24":"sale","25":"shipping-taxable","26":"purchasable","27":"product-type-variable"},"_links":{"self":[{"href":"https:\/\/mod.wisdar.net\/tr\/wp-json\/wp\/v2\/product\/80974","targetHints":{"allow":["GET"]}}],"collection":[{"href":"https:\/\/mod.wisdar.net\/tr\/wp-json\/wp\/v2\/product"}],"about":[{"href":"https:\/\/mod.wisdar.net\/tr\/wp-json\/wp\/v2\/types\/product"}],"replies":[{"embeddable":true,"href":"https:\/\/mod.wisdar.net\/tr\/wp-json\/wp\/v2\/comments?post=80974"}],"wp:featuredmedia":[{"embeddable":true,"href":"https:\/\/mod.wisdar.net\/tr\/wp-json\/wp\/v2\/media\/49951"}],"wp:attachment":[{"href":"https:\/\/mod.wisdar.net\/tr\/wp-json\/wp\/v2\/media?parent=80974"}],"wp:term":[{"taxonomy":"product_brand","embeddable":true,"href":"https:\/\/mod.wisdar.net\/tr\/wp-json\/wp\/v2\/product_brand?post=80974"},{"taxonomy":"product_cat","embeddable":true,"href":"https:\/\/mod.wisdar.net\/tr\/wp-json\/wp\/v2\/product_cat?post=80974"},{"taxonomy":"product_tag","embeddable":true,"href":"https:\/\/mod.wisdar.net\/tr\/wp-json\/wp\/v2\/product_tag?post=80974"}],"curies":[{"name":"wp","href":"https:\/\/api.w.org\/{rel}","templated":true}]}}