{"id":80994,"date":"2025-11-07T20:16:06","date_gmt":"2025-11-01T19:55:01","guid":{"rendered":"https:\/\/modesthanim.com\/product\/antrasit-mina-kisa-trenckot\/"},"modified":"2026-02-19T20:49:33","modified_gmt":"2026-02-19T20:49:33","slug":"antrasit-mina-kisa-trenckot","status":"publish","type":"product","link":"https:\/\/mod.wisdar.net\/tr\/urun\/antrasit-mina-kisa-trenckot\/","title":{"rendered":"Antrasit Mina K\u0131sa Tren\u00e7kot"},"content":{"rendered":"<p>Antrasit Mina K\u0131sa Tren\u00e7kot<\/p>\n<p>Model \u00d6l\u00e7\u00fcleri: Boy \u2013 165 cm \/ A\u011f\u0131rl\u0131k \u2013 55 kg<br \/>\n-Uzunluk: 77 cm<br \/>\n-\u00c7\u0131kar\u0131labilir kemer \u00f6zelli\u011fi.<br \/>\n-\u00d6n tarafta \u00e7\u0131t\u00e7\u0131t d\u00fc\u011fme kapatma.<br \/>\n-Astal\u0131.<br \/>\n-\u0130ki cep.<br \/>\nModel 36 beden giymektedir.<\/p>\n","protected":false},"excerpt":{"rendered":"<p>Antrasit Mina K\u0131sa Tren\u00e7kot Model \u00d6l\u00e7\u00fcleri: Boy \u2013 165 cm \/ A\u011f\u0131rl\u0131k \u2013 55 kg -Uzunluk: 77 cm -\u00c7\u0131kar\u0131labilir kemer \u00f6zelli\u011fi. -\u00d6n tarafta \u00e7\u0131t\u00e7\u0131t d\u00fc\u011fme kapatma. -Astal\u0131. -\u0130ki cep. Model 36 beden giymektedir.<\/p>\n","protected":false},"featured_media":0,"comment_status":"open","ping_status":"closed","template":"","meta":[],"product_brand":[],"product_cat":[2047],"product_tag":[6777,6778,6776],"class_list":{"0":"post-80994","1":"product","2":"type-product","3":"status-publish","5":"product_cat-paltolar","6":"product_tag-antrasit","7":"product_tag-kisa","8":"product_tag-trenckot","9":"pa_brand-fushya","10":"pa_color-antrasit","11":"pa_size-4701","12":"pa_size-4706","13":"pa_size-4711","14":"pa_size-4713","16":"first","17":"outofstock","18":"shipping-taxable","19":"product-type-variable"},"_links":{"self":[{"href":"https:\/\/mod.wisdar.net\/tr\/wp-json\/wp\/v2\/product\/80994","targetHints":{"allow":["GET"]}}],"collection":[{"href":"https:\/\/mod.wisdar.net\/tr\/wp-json\/wp\/v2\/product"}],"about":[{"href":"https:\/\/mod.wisdar.net\/tr\/wp-json\/wp\/v2\/types\/product"}],"replies":[{"embeddable":true,"href":"https:\/\/mod.wisdar.net\/tr\/wp-json\/wp\/v2\/comments?post=80994"}],"wp:attachment":[{"href":"https:\/\/mod.wisdar.net\/tr\/wp-json\/wp\/v2\/media?parent=80994"}],"wp:term":[{"taxonomy":"product_brand","embeddable":true,"href":"https:\/\/mod.wisdar.net\/tr\/wp-json\/wp\/v2\/product_brand?post=80994"},{"taxonomy":"product_cat","embeddable":true,"href":"https:\/\/mod.wisdar.net\/tr\/wp-json\/wp\/v2\/product_cat?post=80994"},{"taxonomy":"product_tag","embeddable":true,"href":"https:\/\/mod.wisdar.net\/tr\/wp-json\/wp\/v2\/product_tag?post=80994"}],"curies":[{"name":"wp","href":"https:\/\/api.w.org\/{rel}","templated":true}]}}