{"id":82404,"date":"2026-02-01T11:32:53","date_gmt":"2026-02-01T11:32:53","guid":{"rendered":"https:\/\/modesthanim.com\/product\/kadin-etiket-detayli-sapli-askili-suni-suet-tote-canta-2\/"},"modified":"2026-04-02T01:41:02","modified_gmt":"2026-04-02T01:41:02","slug":"kadin-etiket-detayli-sapli-askili-suni-suet-tote-canta-2","status":"publish","type":"product","link":"https:\/\/mod.wisdar.net\/tr\/urun\/kadin-etiket-detayli-sapli-askili-suni-suet-tote-canta-2\/","title":{"rendered":"Kad\u0131n Etiket Detayl\u0131 Sapl\u0131 Ask\u0131l\u0131 Suni S\u00fcet Tote \u00c7anta"},"content":{"rendered":"<p>Koton \u00e7anta modelleri k\u00fclt g\u00f6r\u00fcn\u00fcmleriyle be\u011feni topluyor, zamans\u0131z g\u00f6r\u00fcn\u00fcm\u00fc garantiliyor. Etiket detayl\u0131, sapl\u0131, ask\u0131l\u0131, suni s\u00fcet \u00e7anta i\u015f sonras\u0131 ak\u015fam yeme\u011fi veya g\u00fcnl\u00fck bir g\u00f6r\u00fcn\u00fcm i\u00e7in her stile kolayca entegre oluyor.<\/p>\n<p>\u2014 Technical Details \u2014<br \/>\nSil\u00fcet: Tote<br \/>\nMateryal: Polyester<br \/>\n\u00dcr\u00fcn Tipi \/ Stil: Tote<br \/>\n\u00dcr\u00fcn\u00fcn Alt Markas\u0131: Accessories<br \/>\nSat\u0131c\u0131\/\u0130malat\u00e7\u0131\/\u0130thalat\u00e7\u0131 \u0130smi: Koton Ma\u011fazac\u0131l\u0131k Tekstil Sanayi ve Ticaret A.\u015e.<br \/>\nPosta Adresi: Ayaza\u011fa Mah. Maslak Ayaza\u011fa Cad. No:3 \u0130\u00e7 Kap\u0131 No:5 Sar\u0131yer\/\u0130stanbul<br \/>\nE-Posta Adresi: mim@koton.com<br \/>\nAstar: %100 POL\u0130ESTER<\/p>\n","protected":false},"excerpt":{"rendered":"<p>Koton \u00e7anta modelleri k\u00fclt g\u00f6r\u00fcn\u00fcmleriyle be\u011feni topluyor, zamans\u0131z g\u00f6r\u00fcn\u00fcm\u00fc garantiliyor. Etiket detayl\u0131, sapl\u0131, ask\u0131l\u0131, suni s\u00fcet \u00e7anta i\u015f sonras\u0131 ak\u015fam yeme\u011fi veya g\u00fcnl\u00fck bir g\u00f6r\u00fcn\u00fcm i\u00e7in her stile kolayca entegre oluyor. \u2014 Technical Details \u2014 Sil\u00fcet: Tote Materyal: Polyester \u00dcr\u00fcn Tipi \/ Stil: Tote \u00dcr\u00fcn\u00fcn Alt Markas\u0131: Accessories Sat\u0131c\u0131\/\u0130malat\u00e7\u0131\/\u0130thalat\u00e7\u0131 \u0130smi: Koton Ma\u011fazac\u0131l\u0131k Tekstil Sanayi ve [&hellip;]<\/p>\n","protected":false},"featured_media":82397,"comment_status":"open","ping_status":"closed","template":"","meta":[],"product_brand":[],"product_cat":[6960,6957],"product_tag":[6981,6979,6980,6978,6982],"class_list":{"0":"post-82404","1":"product","2":"type-product","3":"status-publish","4":"has-post-thumbnail","6":"product_cat-cantalar","7":"product_cat-cantalar-el-cantalari","8":"product_tag-isten-aksama","9":"product_tag-kadin-el-cantasi","10":"product_tag-omuz-cantasi","11":"product_tag-suni-suet-tote","12":"product_tag-zamansiz-aksesuar","13":"pa_brand-koton","14":"pa_color-kahve","15":"pa_size-tek-beden","17":"first","18":"outofstock","19":"shipping-taxable","20":"product-type-variable"},"_links":{"self":[{"href":"https:\/\/mod.wisdar.net\/tr\/wp-json\/wp\/v2\/product\/82404","targetHints":{"allow":["GET"]}}],"collection":[{"href":"https:\/\/mod.wisdar.net\/tr\/wp-json\/wp\/v2\/product"}],"about":[{"href":"https:\/\/mod.wisdar.net\/tr\/wp-json\/wp\/v2\/types\/product"}],"replies":[{"embeddable":true,"href":"https:\/\/mod.wisdar.net\/tr\/wp-json\/wp\/v2\/comments?post=82404"}],"wp:featuredmedia":[{"embeddable":true,"href":"https:\/\/mod.wisdar.net\/tr\/wp-json\/wp\/v2\/media\/82397"}],"wp:attachment":[{"href":"https:\/\/mod.wisdar.net\/tr\/wp-json\/wp\/v2\/media?parent=82404"}],"wp:term":[{"taxonomy":"product_brand","embeddable":true,"href":"https:\/\/mod.wisdar.net\/tr\/wp-json\/wp\/v2\/product_brand?post=82404"},{"taxonomy":"product_cat","embeddable":true,"href":"https:\/\/mod.wisdar.net\/tr\/wp-json\/wp\/v2\/product_cat?post=82404"},{"taxonomy":"product_tag","embeddable":true,"href":"https:\/\/mod.wisdar.net\/tr\/wp-json\/wp\/v2\/product_tag?post=82404"}],"curies":[{"name":"wp","href":"https:\/\/api.w.org\/{rel}","templated":true}]}}