{"id":8243,"date":"2025-11-01T20:08:37","date_gmt":"2025-11-01T20:08:37","guid":{"rendered":"https:\/\/modesthanim.com\/product\/genis-mansetli-ceket-lacivert\/"},"modified":"2026-04-10T15:21:32","modified_gmt":"2026-04-10T15:21:32","slug":"genis-mansetli-ceket-lacivert","status":"publish","type":"product","link":"https:\/\/mod.wisdar.net\/tr\/urun\/genis-mansetli-ceket-lacivert\/","title":{"rendered":"Geni\u015f Man\u015fetli Ceket \u2013 Lacivert"},"content":{"rendered":"<p>Geni\u015f man\u015fet detaylar\u0131 ile modern ve \u015f\u0131k bir duru\u015f sunan bu ceket, stil ve konforu bir arada sunar. Ak\u0131c\u0131 kesimi rahat bir kullan\u0131m sa\u011flarken, sade ve sofistike tasar\u0131m\u0131 her k\u0131yafetle uyum sa\u011flar.<\/p>\n<p>\u2014 Teknik Detaylar \u2014<br \/>\nDesen: D\u00fcz<br \/>\nYaka Tipi: G\u00f6mlek Yaka<br \/>\nKol Tipi: Raglan Kol<br \/>\nCep: D\u00fc\u011fmeli Cep<br \/>\nAstar: Astars\u0131z<br \/>\n\u00dcr\u00fcn Uzunlu\u011fu: 112 cm<br \/>\nKal\u0131p: Rahat Kal\u0131p<br \/>\nModelin Giydi\u011fi Beden: 38<br \/>\nModel \u00d6l\u00e7\u00fcleri: {&#8216;Boy&#8217;: &#8216;176 cm&#8217;, &#8216;G\u00f6\u011f\u00fcs&#8217;: &#8217;75 cm&#8217;, &#8216;Bel&#8217;: &#8217;60 cm&#8217;, &#8216;Kal\u00e7a&#8217;: &#8217;90 cm&#8217;}<\/p>\n","protected":false},"excerpt":{"rendered":"<p>Geni\u015f man\u015fet detaylar\u0131 ile modern ve \u015f\u0131k bir duru\u015f sunan bu ceket, stil ve konforu bir arada sunar. Ak\u0131c\u0131 kesimi rahat bir kullan\u0131m sa\u011flarken, sade ve sofistike tasar\u0131m\u0131 her k\u0131yafetle uyum sa\u011flar. \u2014 Teknik Detaylar \u2014 Desen: D\u00fcz Yaka Tipi: G\u00f6mlek Yaka Kol Tipi: Raglan Kol Cep: D\u00fc\u011fmeli Cep Astar: Astars\u0131z \u00dcr\u00fcn Uzunlu\u011fu: 112 cm [&hellip;]<\/p>\n","protected":false},"featured_media":52000,"comment_status":"open","ping_status":"closed","template":"","meta":[],"product_brand":[],"product_cat":[2047],"product_tag":[5010,5012,7238,5013,6751],"class_list":{"0":"post-8243","1":"product","2":"type-product","3":"status-publish","4":"has-post-thumbnail","6":"product_cat-paltolar","7":"product_tag-coat","8":"product_tag-elegant","9":"product_tag-lacivert","10":"product_tag-modern","11":"product_tag-rahat","12":"pa_brand-tugba","13":"pa_color-lacivert","14":"pa_size-4706","15":"pa_size-4711","16":"pa_size-4713","17":"pa_size-4751","18":"pa_size-4749","19":"pa_size-4747","20":"pa_size-4746","22":"first","23":"instock","24":"sale","25":"shipping-taxable","26":"purchasable","27":"product-type-variable"},"_links":{"self":[{"href":"https:\/\/mod.wisdar.net\/tr\/wp-json\/wp\/v2\/product\/8243","targetHints":{"allow":["GET"]}}],"collection":[{"href":"https:\/\/mod.wisdar.net\/tr\/wp-json\/wp\/v2\/product"}],"about":[{"href":"https:\/\/mod.wisdar.net\/tr\/wp-json\/wp\/v2\/types\/product"}],"replies":[{"embeddable":true,"href":"https:\/\/mod.wisdar.net\/tr\/wp-json\/wp\/v2\/comments?post=8243"}],"wp:featuredmedia":[{"embeddable":true,"href":"https:\/\/mod.wisdar.net\/tr\/wp-json\/wp\/v2\/media\/52000"}],"wp:attachment":[{"href":"https:\/\/mod.wisdar.net\/tr\/wp-json\/wp\/v2\/media?parent=8243"}],"wp:term":[{"taxonomy":"product_brand","embeddable":true,"href":"https:\/\/mod.wisdar.net\/tr\/wp-json\/wp\/v2\/product_brand?post=8243"},{"taxonomy":"product_cat","embeddable":true,"href":"https:\/\/mod.wisdar.net\/tr\/wp-json\/wp\/v2\/product_cat?post=8243"},{"taxonomy":"product_tag","embeddable":true,"href":"https:\/\/mod.wisdar.net\/tr\/wp-json\/wp\/v2\/product_tag?post=8243"}],"curies":[{"name":"wp","href":"https:\/\/api.w.org\/{rel}","templated":true}]}}