{"id":82447,"date":"2026-02-01T11:34:00","date_gmt":"2026-02-01T11:34:00","guid":{"rendered":"https:\/\/modesthanim.com\/product\/kadin-metal-aksesuarli-tokali-fermuarli-suni-deri-el-cantasi\/"},"modified":"2026-03-07T21:35:57","modified_gmt":"2026-03-07T21:35:57","slug":"kadin-metal-aksesuarli-tokali-fermuarli-suni-deri-el-cantasi","status":"publish","type":"product","link":"https:\/\/mod.wisdar.net\/tr\/urun\/kadin-metal-aksesuarli-tokali-fermuarli-suni-deri-el-cantasi\/","title":{"rendered":"Kad\u0131n Metal Aksesuarl\u0131 Tokal\u0131 Fermuarl\u0131 Suni Deri El \u00c7antas\u0131"},"content":{"rendered":"<p>Koton \u00e7anta modelleri bu sezon elinizden d\u00fc\u015fmeyecek! Metal aksesuarl\u0131, tokal\u0131, fermuarl\u0131, suni deri el \u00e7antas\u0131 sezonun iddial\u0131 \u00e7anta modelleri aras\u0131nda yer al\u0131yor.<\/p>\n<p>\u2014 Technical Details \u2014<br \/>\nKuma\u015f: %25 POL\u0130ESTER, %75 POLIVINILKLOR\u00dcR<br \/>\nSil\u00fcet: Satchel<br \/>\nMateryal: PVC<br \/>\n\u00dcr\u00fcn Tipi \/ Stil: Satchel<br \/>\n\u00dcr\u00fcn\u00fcn Alt Markas\u0131: Accessories<br \/>\nSat\u0131c\u0131\/\u0130malat\u00e7\u0131\/\u0130thalat\u00e7\u0131 \u0130smi: Koton Ma\u011fazac\u0131l\u0131k Tekstil Sanayi ve Ticaret A.\u015e.<br \/>\nPosta Adresi: Ayaza\u011fa Mah. Maslak Ayaza\u011fa Cad. No:3 \u0130\u00e7 Kap\u0131 No:5 Sar\u0131yer\/\u0130stanbul<br \/>\nE-Posta Adresi: mim@koton.com<\/p>\n","protected":false},"excerpt":{"rendered":"<p>Koton \u00e7anta modelleri bu sezon elinizden d\u00fc\u015fmeyecek! Metal aksesuarl\u0131, tokal\u0131, fermuarl\u0131, suni deri el \u00e7antas\u0131 sezonun iddial\u0131 \u00e7anta modelleri aras\u0131nda yer al\u0131yor. \u2014 Technical Details \u2014 Kuma\u015f: %25 POL\u0130ESTER, %75 POLIVINILKLOR\u00dcR Sil\u00fcet: Satchel Materyal: PVC \u00dcr\u00fcn Tipi \/ Stil: Satchel \u00dcr\u00fcn\u00fcn Alt Markas\u0131: Accessories Sat\u0131c\u0131\/\u0130malat\u00e7\u0131\/\u0130thalat\u00e7\u0131 \u0130smi: Koton Ma\u011fazac\u0131l\u0131k Tekstil Sanayi ve Ticaret A.\u015e. Posta Adresi: [&hellip;]<\/p>\n","protected":false},"featured_media":82434,"comment_status":"open","ping_status":"closed","template":"","meta":[],"product_brand":[],"product_cat":[6960,6957],"product_tag":[7003,6979,7001,6995,6999,6998,7002],"class_list":{"0":"post-82447","1":"product","2":"type-product","3":"status-publish","4":"has-post-thumbnail","6":"product_cat-cantalar","7":"product_cat-cantalar-el-cantalari","8":"product_tag-fermuarli-canta","9":"product_tag-kadin-el-cantasi","10":"product_tag-metal-detaylar","11":"product_tag-moda-aksesuari","12":"product_tag-satchel","13":"product_tag-suni-deri","14":"product_tag-toka-kapatma","15":"pa_brand-koton","16":"pa_color-deve-tuyu","17":"pa_size-tek-beden","19":"first","20":"outofstock","21":"shipping-taxable","22":"product-type-variable"},"_links":{"self":[{"href":"https:\/\/mod.wisdar.net\/tr\/wp-json\/wp\/v2\/product\/82447","targetHints":{"allow":["GET"]}}],"collection":[{"href":"https:\/\/mod.wisdar.net\/tr\/wp-json\/wp\/v2\/product"}],"about":[{"href":"https:\/\/mod.wisdar.net\/tr\/wp-json\/wp\/v2\/types\/product"}],"replies":[{"embeddable":true,"href":"https:\/\/mod.wisdar.net\/tr\/wp-json\/wp\/v2\/comments?post=82447"}],"wp:featuredmedia":[{"embeddable":true,"href":"https:\/\/mod.wisdar.net\/tr\/wp-json\/wp\/v2\/media\/82434"}],"wp:attachment":[{"href":"https:\/\/mod.wisdar.net\/tr\/wp-json\/wp\/v2\/media?parent=82447"}],"wp:term":[{"taxonomy":"product_brand","embeddable":true,"href":"https:\/\/mod.wisdar.net\/tr\/wp-json\/wp\/v2\/product_brand?post=82447"},{"taxonomy":"product_cat","embeddable":true,"href":"https:\/\/mod.wisdar.net\/tr\/wp-json\/wp\/v2\/product_cat?post=82447"},{"taxonomy":"product_tag","embeddable":true,"href":"https:\/\/mod.wisdar.net\/tr\/wp-json\/wp\/v2\/product_tag?post=82447"}],"curies":[{"name":"wp","href":"https:\/\/api.w.org\/{rel}","templated":true}]}}