{"id":82484,"date":"2026-02-01T11:35:10","date_gmt":"2026-02-01T11:35:10","guid":{"rendered":"https:\/\/modesthanim.com\/product\/kadin-orgu-desenli-toka-detayli-suni-deri-omuz-cantasi\/"},"modified":"2026-03-07T21:34:58","modified_gmt":"2026-03-07T21:34:58","slug":"kadin-orgu-desenli-toka-detayli-suni-deri-omuz-cantasi","status":"publish","type":"product","link":"https:\/\/mod.wisdar.net\/tr\/urun\/kadin-orgu-desenli-toka-detayli-suni-deri-omuz-cantasi\/","title":{"rendered":"Kad\u0131n \u00d6rg\u00fc Desenli Toka Detayl\u0131 Suni Deri Omuz \u00c7antas\u0131"},"content":{"rendered":"<p>Koton \u00e7anta modelleri k\u00fclt g\u00f6r\u00fcn\u00fcmleriyle be\u011feni topluyor, zamans\u0131z g\u00f6r\u00fcn\u00fcm\u00fc garantiliyor. \u00d6rg\u00fc desenli, tokal\u0131, suni deri omuz \u00e7antas\u0131 i\u015f sonras\u0131 ak\u015fam yeme\u011fi veya g\u00fcnl\u00fck bir g\u00f6r\u00fcn\u00fcm i\u00e7in her stile kolayca entegre oluyor.<\/p>\n<p>\u2014 Technical Details \u2014<br \/>\nSil\u00fcet: Tote<br \/>\nMateryal: PVC<br \/>\n\u00dcr\u00fcn Tipi \/ Stil: Tote<br \/>\n\u00dcr\u00fcn\u00fcn Alt Markas\u0131: Accessories<\/p>\n","protected":false},"excerpt":{"rendered":"<p>Koton \u00e7anta modelleri k\u00fclt g\u00f6r\u00fcn\u00fcmleriyle be\u011feni topluyor, zamans\u0131z g\u00f6r\u00fcn\u00fcm\u00fc garantiliyor. \u00d6rg\u00fc desenli, tokal\u0131, suni deri omuz \u00e7antas\u0131 i\u015f sonras\u0131 ak\u015fam yeme\u011fi veya g\u00fcnl\u00fck bir g\u00f6r\u00fcn\u00fcm i\u00e7in her stile kolayca entegre oluyor. \u2014 Technical Details \u2014 Sil\u00fcet: Tote Materyal: PVC \u00dcr\u00fcn Tipi \/ Stil: Tote \u00dcr\u00fcn\u00fcn Alt Markas\u0131: Accessories<\/p>\n","protected":false},"featured_media":82476,"comment_status":"open","ping_status":"closed","template":"","meta":[],"product_brand":[],"product_cat":[6960,6957],"product_tag":[7020,7019,7016,6995,6980,7017,6998,7018],"class_list":{"0":"post-82484","1":"product","2":"type-product","3":"status-publish","4":"has-post-thumbnail","6":"product_cat-cantalar","7":"product_cat-cantalar-el-cantalari","8":"product_tag-gece-cantasi","9":"product_tag-gunluk-kullanim","10":"product_tag-kadin-cantasi","11":"product_tag-moda-aksesuari","12":"product_tag-omuz-cantasi","13":"product_tag-orgu-desen","14":"product_tag-suni-deri","15":"product_tag-tote-canta","16":"pa_brand-koton","17":"pa_color-bordo","18":"pa_size-tek-beden","20":"first","21":"outofstock","22":"shipping-taxable","23":"product-type-variable"},"_links":{"self":[{"href":"https:\/\/mod.wisdar.net\/tr\/wp-json\/wp\/v2\/product\/82484","targetHints":{"allow":["GET"]}}],"collection":[{"href":"https:\/\/mod.wisdar.net\/tr\/wp-json\/wp\/v2\/product"}],"about":[{"href":"https:\/\/mod.wisdar.net\/tr\/wp-json\/wp\/v2\/types\/product"}],"replies":[{"embeddable":true,"href":"https:\/\/mod.wisdar.net\/tr\/wp-json\/wp\/v2\/comments?post=82484"}],"wp:featuredmedia":[{"embeddable":true,"href":"https:\/\/mod.wisdar.net\/tr\/wp-json\/wp\/v2\/media\/82476"}],"wp:attachment":[{"href":"https:\/\/mod.wisdar.net\/tr\/wp-json\/wp\/v2\/media?parent=82484"}],"wp:term":[{"taxonomy":"product_brand","embeddable":true,"href":"https:\/\/mod.wisdar.net\/tr\/wp-json\/wp\/v2\/product_brand?post=82484"},{"taxonomy":"product_cat","embeddable":true,"href":"https:\/\/mod.wisdar.net\/tr\/wp-json\/wp\/v2\/product_cat?post=82484"},{"taxonomy":"product_tag","embeddable":true,"href":"https:\/\/mod.wisdar.net\/tr\/wp-json\/wp\/v2\/product_tag?post=82484"}],"curies":[{"name":"wp","href":"https:\/\/api.w.org\/{rel}","templated":true}]}}