{"id":82501,"date":"2026-02-01T11:35:17","date_gmt":"2026-02-01T11:35:17","guid":{"rendered":"https:\/\/modesthanim.com\/product\/kadin-pelus-canta\/"},"modified":"2026-03-07T21:35:36","modified_gmt":"2026-03-07T21:35:36","slug":"kadin-pelus-canta","status":"publish","type":"product","link":"https:\/\/mod.wisdar.net\/tr\/urun\/kadin-pelus-canta\/","title":{"rendered":"Kad\u0131n Pelu\u015f \u00c7anta"},"content":{"rendered":"<p>Pelu\u015f \u00e7anta. D\u0131\u015f: %100 POL\u0130ESTER Astar: %100 POL\u0130ESTER<\/p>\n<p>\u2014 Technical Details \u2014<br \/>\nAstar: %100 POL\u0130ESTER<br \/>\nSil\u00fcet: Shoulder<br \/>\nMateryal: Polyester<br \/>\n\u00dcr\u00fcn Tipi \/ Stil: Shoulder<br \/>\n\u00dcr\u00fcn\u00fcn Alt Markas\u0131: Accessories<br \/>\nSat\u0131c\u0131\/\u0130malat\u00e7\u0131\/\u0130thalat\u00e7\u0131 \u0130smi: Koton Ma\u011fazac\u0131l\u0131k Tekstil Sanayi ve Ticaret A.\u015e.<br \/>\nPosta Adresi: Ayaza\u011fa Mah. Maslak Ayaza\u011fa Cad. No:3 \u0130\u00e7 Kap\u0131 No:5 Sar\u0131yer\/\u0130stanbul<br \/>\nE-Posta Adresi: mim@koton.com<\/p>\n","protected":false},"excerpt":{"rendered":"<p>Pelu\u015f \u00e7anta. D\u0131\u015f: %100 POL\u0130ESTER Astar: %100 POL\u0130ESTER \u2014 Technical Details \u2014 Astar: %100 POL\u0130ESTER Sil\u00fcet: Shoulder Materyal: Polyester \u00dcr\u00fcn Tipi \/ Stil: Shoulder \u00dcr\u00fcn\u00fcn Alt Markas\u0131: Accessories Sat\u0131c\u0131\/\u0130malat\u00e7\u0131\/\u0130thalat\u00e7\u0131 \u0130smi: Koton Ma\u011fazac\u0131l\u0131k Tekstil Sanayi ve Ticaret A.\u015e. Posta Adresi: Ayaza\u011fa Mah. Maslak Ayaza\u011fa Cad. No:3 \u0130\u00e7 Kap\u0131 No:5 Sar\u0131yer\/\u0130stanbul E-Posta Adresi: mim@koton.com<\/p>\n","protected":false},"featured_media":82485,"comment_status":"open","ping_status":"closed","template":"","meta":[],"product_brand":[],"product_cat":[6960,6957],"product_tag":[7023,7016,6980,7022,7021],"class_list":{"0":"post-82501","1":"product","2":"type-product","3":"status-publish","4":"has-post-thumbnail","6":"product_cat-cantalar","7":"product_cat-cantalar-el-cantalari","8":"product_tag-aksesuar","9":"product_tag-kadin-cantasi","10":"product_tag-omuz-cantasi","11":"product_tag-pelus-el-cantasi","12":"product_tag-polyester","13":"pa_brand-koton","14":"pa_color-bej","15":"pa_size-tek-beden","17":"first","18":"outofstock","19":"shipping-taxable","20":"product-type-variable"},"_links":{"self":[{"href":"https:\/\/mod.wisdar.net\/tr\/wp-json\/wp\/v2\/product\/82501","targetHints":{"allow":["GET"]}}],"collection":[{"href":"https:\/\/mod.wisdar.net\/tr\/wp-json\/wp\/v2\/product"}],"about":[{"href":"https:\/\/mod.wisdar.net\/tr\/wp-json\/wp\/v2\/types\/product"}],"replies":[{"embeddable":true,"href":"https:\/\/mod.wisdar.net\/tr\/wp-json\/wp\/v2\/comments?post=82501"}],"wp:featuredmedia":[{"embeddable":true,"href":"https:\/\/mod.wisdar.net\/tr\/wp-json\/wp\/v2\/media\/82485"}],"wp:attachment":[{"href":"https:\/\/mod.wisdar.net\/tr\/wp-json\/wp\/v2\/media?parent=82501"}],"wp:term":[{"taxonomy":"product_brand","embeddable":true,"href":"https:\/\/mod.wisdar.net\/tr\/wp-json\/wp\/v2\/product_brand?post=82501"},{"taxonomy":"product_cat","embeddable":true,"href":"https:\/\/mod.wisdar.net\/tr\/wp-json\/wp\/v2\/product_cat?post=82501"},{"taxonomy":"product_tag","embeddable":true,"href":"https:\/\/mod.wisdar.net\/tr\/wp-json\/wp\/v2\/product_tag?post=82501"}],"curies":[{"name":"wp","href":"https:\/\/api.w.org\/{rel}","templated":true}]}}