{"id":82536,"date":"2026-02-01T11:36:28","date_gmt":"2026-02-01T11:36:28","guid":{"rendered":"https:\/\/modesthanim.com\/product\/kadin-zincir-detayli-pelus-canta-2\/"},"modified":"2026-03-07T21:36:35","modified_gmt":"2026-03-07T21:36:35","slug":"kadin-zincir-detayli-pelus-canta-2","status":"publish","type":"product","link":"https:\/\/mod.wisdar.net\/tr\/urun\/kadin-zincir-detayli-pelus-canta-2\/","title":{"rendered":"Kad\u0131n Zincir Detayl\u0131 Pelu\u015f \u00c7anta"},"content":{"rendered":"<p>Zincir detayl\u0131 pelu\u015f \u00e7anta. D\u0131\u015f: %100 POL\u0130ESTER Astar: %100 POL\u0130\u00dcRETAN<\/p>\n<p>\u2014 Technical Details \u2014<br \/>\nKuma\u015f: %100 POL\u0130ESTER<br \/>\nAstar: %100 POL\u0130\u00dcRETAN<br \/>\nSil\u00fcet: Shoulder<br \/>\nMateryal: Polyester<br \/>\n\u00dcr\u00fcn Tipi \/ Stil: Shoulder<br \/>\n\u00dcr\u00fcn\u00fcn Alt Markas\u0131: Accessories<\/p>\n","protected":false},"excerpt":{"rendered":"<p>Zincir detayl\u0131 pelu\u015f \u00e7anta. D\u0131\u015f: %100 POL\u0130ESTER Astar: %100 POL\u0130\u00dcRETAN \u2014 Technical Details \u2014 Kuma\u015f: %100 POL\u0130ESTER Astar: %100 POL\u0130\u00dcRETAN Sil\u00fcet: Shoulder Materyal: Polyester \u00dcr\u00fcn Tipi \/ Stil: Shoulder \u00dcr\u00fcn\u00fcn Alt Markas\u0131: Accessories<\/p>\n","protected":false},"featured_media":82529,"comment_status":"open","ping_status":"closed","template":"","meta":[],"product_brand":[],"product_cat":[6960,6957],"product_tag":[],"class_list":{"0":"post-82536","1":"product","2":"type-product","3":"status-publish","4":"has-post-thumbnail","6":"product_cat-cantalar","7":"product_cat-cantalar-el-cantalari","8":"pa_brand-koton","9":"pa_color-kahverengi","10":"pa_size-tek-beden","12":"first","13":"outofstock","14":"shipping-taxable","15":"product-type-variable"},"_links":{"self":[{"href":"https:\/\/mod.wisdar.net\/tr\/wp-json\/wp\/v2\/product\/82536","targetHints":{"allow":["GET"]}}],"collection":[{"href":"https:\/\/mod.wisdar.net\/tr\/wp-json\/wp\/v2\/product"}],"about":[{"href":"https:\/\/mod.wisdar.net\/tr\/wp-json\/wp\/v2\/types\/product"}],"replies":[{"embeddable":true,"href":"https:\/\/mod.wisdar.net\/tr\/wp-json\/wp\/v2\/comments?post=82536"}],"wp:featuredmedia":[{"embeddable":true,"href":"https:\/\/mod.wisdar.net\/tr\/wp-json\/wp\/v2\/media\/82529"}],"wp:attachment":[{"href":"https:\/\/mod.wisdar.net\/tr\/wp-json\/wp\/v2\/media?parent=82536"}],"wp:term":[{"taxonomy":"product_brand","embeddable":true,"href":"https:\/\/mod.wisdar.net\/tr\/wp-json\/wp\/v2\/product_brand?post=82536"},{"taxonomy":"product_cat","embeddable":true,"href":"https:\/\/mod.wisdar.net\/tr\/wp-json\/wp\/v2\/product_cat?post=82536"},{"taxonomy":"product_tag","embeddable":true,"href":"https:\/\/mod.wisdar.net\/tr\/wp-json\/wp\/v2\/product_tag?post=82536"}],"curies":[{"name":"wp","href":"https:\/\/api.w.org\/{rel}","templated":true}]}}