{"id":82550,"date":"2026-02-01T11:36:36","date_gmt":"2026-02-01T11:36:36","guid":{"rendered":"https:\/\/modesthanim.com\/product\/kadin-suni-deri-detayli-sapli-askili-ekoseli-omuz-cantasi\/"},"modified":"2026-03-07T21:37:50","modified_gmt":"2026-03-07T21:37:50","slug":"kadin-suni-deri-detayli-sapli-askili-ekoseli-omuz-cantasi","status":"publish","type":"product","link":"https:\/\/mod.wisdar.net\/tr\/urun\/kadin-suni-deri-detayli-sapli-askili-ekoseli-omuz-cantasi\/","title":{"rendered":"Kad\u0131n Suni Deri Detayl\u0131 Sapl\u0131 Ask\u0131l\u0131 Ekoseli Omuz \u00c7antas\u0131"},"content":{"rendered":"<p>Suni deri detayl\u0131 sapl\u0131 ask\u0131l\u0131 ekoseli omuz \u00e7antas\u0131. D\u0131\u015f: %3 ELASTAN, %62 POL\u0130ESTER, %35 V\u0130SKOZ<\/p>\n<p>\u2014 Technical Details \u2014<br \/>\nKuma\u015f: %3 ELASTAN, %62 POL\u0130ESTER, %35 V\u0130SKOZ<br \/>\nSil\u00fcet: El \u00c7antas\u0131<br \/>\nMateryal: PU Textile Mix<br \/>\n\u00dcr\u00fcn Tipi \/ Stil: El \u00c7antas\u0131<br \/>\n\u00dcr\u00fcn\u00fcn Alt Markas\u0131: Accessories<br \/>\nSat\u0131c\u0131\/\u0130malat\u00e7\u0131\/\u0130thalat\u00e7\u0131 \u0130smi: Koton Ma\u011fazac\u0131l\u0131k Tekstil Sanayi ve Ticaret A.\u015e.<br \/>\nPosta Adresi: Ayaza\u011fa Mah. Maslak Ayaza\u011fa Cad. No:3 \u0130\u00e7 Kap\u0131 No:5 Sar\u0131yer\/\u0130stanbul<br \/>\nE-Posta Adresi: mim@koton.com<\/p>\n","protected":false},"excerpt":{"rendered":"<p>Suni deri detayl\u0131 sapl\u0131 ask\u0131l\u0131 ekoseli omuz \u00e7antas\u0131. D\u0131\u015f: %3 ELASTAN, %62 POL\u0130ESTER, %35 V\u0130SKOZ \u2014 Technical Details \u2014 Kuma\u015f: %3 ELASTAN, %62 POL\u0130ESTER, %35 V\u0130SKOZ Sil\u00fcet: El \u00c7antas\u0131 Materyal: PU Textile Mix \u00dcr\u00fcn Tipi \/ Stil: El \u00c7antas\u0131 \u00dcr\u00fcn\u00fcn Alt Markas\u0131: Accessories Sat\u0131c\u0131\/\u0130malat\u00e7\u0131\/\u0130thalat\u00e7\u0131 \u0130smi: Koton Ma\u011fazac\u0131l\u0131k Tekstil Sanayi ve Ticaret A.\u015e. Posta Adresi: Ayaza\u011fa [&hellip;]<\/p>\n","protected":false},"featured_media":82538,"comment_status":"open","ping_status":"closed","template":"","meta":[],"product_brand":[],"product_cat":[6957,6963],"product_tag":[7023,7036,7037,7016,7035,6980,6998],"class_list":{"0":"post-82550","1":"product","2":"type-product","3":"status-publish","4":"has-post-thumbnail","6":"product_cat-cantalar-el-cantalari","7":"product_cat-cuzdanlar","8":"product_tag-aksesuar","9":"product_tag-ekose-desen-3","10":"product_tag-el-cantasi","11":"product_tag-kadin-cantasi","12":"product_tag-moda-canta","13":"product_tag-omuz-cantasi","14":"product_tag-suni-deri","15":"pa_brand-koton","16":"pa_color-ekru-ekose","17":"pa_size-tek-beden","19":"first","20":"outofstock","21":"shipping-taxable","22":"product-type-variable"},"_links":{"self":[{"href":"https:\/\/mod.wisdar.net\/tr\/wp-json\/wp\/v2\/product\/82550","targetHints":{"allow":["GET"]}}],"collection":[{"href":"https:\/\/mod.wisdar.net\/tr\/wp-json\/wp\/v2\/product"}],"about":[{"href":"https:\/\/mod.wisdar.net\/tr\/wp-json\/wp\/v2\/types\/product"}],"replies":[{"embeddable":true,"href":"https:\/\/mod.wisdar.net\/tr\/wp-json\/wp\/v2\/comments?post=82550"}],"wp:featuredmedia":[{"embeddable":true,"href":"https:\/\/mod.wisdar.net\/tr\/wp-json\/wp\/v2\/media\/82538"}],"wp:attachment":[{"href":"https:\/\/mod.wisdar.net\/tr\/wp-json\/wp\/v2\/media?parent=82550"}],"wp:term":[{"taxonomy":"product_brand","embeddable":true,"href":"https:\/\/mod.wisdar.net\/tr\/wp-json\/wp\/v2\/product_brand?post=82550"},{"taxonomy":"product_cat","embeddable":true,"href":"https:\/\/mod.wisdar.net\/tr\/wp-json\/wp\/v2\/product_cat?post=82550"},{"taxonomy":"product_tag","embeddable":true,"href":"https:\/\/mod.wisdar.net\/tr\/wp-json\/wp\/v2\/product_tag?post=82550"}],"curies":[{"name":"wp","href":"https:\/\/api.w.org\/{rel}","templated":true}]}}