{"id":82579,"date":"2026-02-01T11:37:29","date_gmt":"2026-02-01T11:37:29","guid":{"rendered":"https:\/\/modesthanim.com\/product\/kadin-suet-cuzdan-2\/"},"modified":"2026-04-02T01:43:00","modified_gmt":"2026-04-02T01:43:00","slug":"kadin-suet-cuzdan-2","status":"publish","type":"product","link":"https:\/\/mod.wisdar.net\/tr\/urun\/kadin-suet-cuzdan-2\/","title":{"rendered":"Kad\u0131n S\u00fcet C\u00fczdan"},"content":{"rendered":"<p>Kad\u0131n Suni Deri C\u00fczdan, \u015f\u0131k tasar\u0131m\u0131 ve dayan\u0131kl\u0131 yap\u0131s\u0131yla g\u00fcnl\u00fck kullan\u0131m i\u00e7in pratiktir. \u00c7oklu kart b\u00f6lmeleri ve d\u00fczenleyici alanlar\u0131 sayesinde e\u015fyalar\u0131n\u0131z\u0131 d\u00fczenli bir \u015fekilde ta\u015f\u0131man\u0131za yard\u0131mc\u0131 olur. Modern g\u00f6r\u00fcn\u00fcm\u00fcyle her \u00e7antaya uyum sa\u011flayan zarif bir aksesuard\u0131r.<\/p>\n<p>\u2014 Technical Details \u2014<br \/>\n\u00c7anta Tipi: C\u00fczdan<br \/>\nRenk: Mor \/ Lila<br \/>\nKuma\u015f: S\u00fcet<br \/>\n\u00dcr\u00fcn \u00d6l\u00e7\u00fcs\u00fc: 1 cm<br \/>\nMen\u015fei: TR<br \/>\n\u00dcr\u00fcn Grubu: Kad\u0131n C\u00fczdan<\/p>\n","protected":false},"excerpt":{"rendered":"<p>Kad\u0131n Suni Deri C\u00fczdan, \u015f\u0131k tasar\u0131m\u0131 ve dayan\u0131kl\u0131 yap\u0131s\u0131yla g\u00fcnl\u00fck kullan\u0131m i\u00e7in pratiktir. \u00c7oklu kart b\u00f6lmeleri ve d\u00fczenleyici alanlar\u0131 sayesinde e\u015fyalar\u0131n\u0131z\u0131 d\u00fczenli bir \u015fekilde ta\u015f\u0131man\u0131za yard\u0131mc\u0131 olur. Modern g\u00f6r\u00fcn\u00fcm\u00fcyle her \u00e7antaya uyum sa\u011flayan zarif bir aksesuard\u0131r. \u2014 Technical Details \u2014 \u00c7anta Tipi: C\u00fczdan Renk: Mor \/ Lila Kuma\u015f: S\u00fcet \u00dcr\u00fcn \u00d6l\u00e7\u00fcs\u00fc: 1 cm Men\u015fei: TR [&hellip;]<\/p>\n","protected":false},"featured_media":0,"comment_status":"open","ping_status":"closed","template":"","meta":[],"product_brand":[],"product_cat":[6957,6963],"product_tag":[7055,7056,7053,7054,7052,7057],"class_list":{"0":"post-82579","1":"product","2":"type-product","3":"status-publish","5":"product_cat-cantalar-el-cantalari","6":"product_cat-cuzdanlar","7":"product_tag-cuzdan","8":"product_tag-kadin-cuzdani","9":"product_tag-lila","10":"product_tag-mor","11":"product_tag-suet","12":"product_tag-vegan-deri","13":"pa_brand-defacto","14":"pa_color-yesil","15":"pa_size-std","17":"first","18":"outofstock","19":"shipping-taxable","20":"product-type-variable"},"_links":{"self":[{"href":"https:\/\/mod.wisdar.net\/tr\/wp-json\/wp\/v2\/product\/82579","targetHints":{"allow":["GET"]}}],"collection":[{"href":"https:\/\/mod.wisdar.net\/tr\/wp-json\/wp\/v2\/product"}],"about":[{"href":"https:\/\/mod.wisdar.net\/tr\/wp-json\/wp\/v2\/types\/product"}],"replies":[{"embeddable":true,"href":"https:\/\/mod.wisdar.net\/tr\/wp-json\/wp\/v2\/comments?post=82579"}],"wp:attachment":[{"href":"https:\/\/mod.wisdar.net\/tr\/wp-json\/wp\/v2\/media?parent=82579"}],"wp:term":[{"taxonomy":"product_brand","embeddable":true,"href":"https:\/\/mod.wisdar.net\/tr\/wp-json\/wp\/v2\/product_brand?post=82579"},{"taxonomy":"product_cat","embeddable":true,"href":"https:\/\/mod.wisdar.net\/tr\/wp-json\/wp\/v2\/product_cat?post=82579"},{"taxonomy":"product_tag","embeddable":true,"href":"https:\/\/mod.wisdar.net\/tr\/wp-json\/wp\/v2\/product_tag?post=82579"}],"curies":[{"name":"wp","href":"https:\/\/api.w.org\/{rel}","templated":true}]}}