{"id":82594,"date":"2026-02-01T11:37:40","date_gmt":"2026-02-01T11:37:40","guid":{"rendered":"https:\/\/modesthanim.com\/product\/kadin-bozuk-para-cantasi\/"},"modified":"2026-04-02T01:41:46","modified_gmt":"2026-04-02T01:41:46","slug":"kadin-bozuk-para-cantasi","status":"publish","type":"product","link":"https:\/\/mod.wisdar.net\/tr\/urun\/kadin-bozuk-para-cantasi\/","title":{"rendered":"Kad\u0131n Bozuk Para \u00c7antas\u0131"},"content":{"rendered":"<p>Kad\u0131n bozuk para \u00e7antas\u0131, kompakt ve kullan\u0131\u015fl\u0131 tasar\u0131m\u0131yla bozuk paralar\u0131n\u0131z\u0131 d\u00fczenli bir \u015fekilde ta\u015f\u0131man\u0131z\u0131 sa\u011flar. \u015e\u0131k ve modern g\u00f6r\u00fcn\u00fcm\u00fcyle \u00e7anta i\u00e7inde veya tek ba\u015f\u0131na pratik bir aksesuar olarak kullan\u0131labilir.<\/p>\n<p>\u2014 Technical Details \u2014<br \/>\n\u00dcr\u00fcn \u00d6l\u00e7\u00fcs\u00fc: 10*8.5*2<br \/>\n\u00c7anta Tipi: Bozuk Para \u00c7antas\u0131<br \/>\n\u00dcr\u00fcn Tipi: Mini \u00c7anta<br \/>\nCinsiyet: Kad\u0131n<br \/>\nMen\u015fei: TR<\/p>\n","protected":false},"excerpt":{"rendered":"<p>Kad\u0131n bozuk para \u00e7antas\u0131, kompakt ve kullan\u0131\u015fl\u0131 tasar\u0131m\u0131yla bozuk paralar\u0131n\u0131z\u0131 d\u00fczenli bir \u015fekilde ta\u015f\u0131man\u0131z\u0131 sa\u011flar. \u015e\u0131k ve modern g\u00f6r\u00fcn\u00fcm\u00fcyle \u00e7anta i\u00e7inde veya tek ba\u015f\u0131na pratik bir aksesuar olarak kullan\u0131labilir. \u2014 Technical Details \u2014 \u00dcr\u00fcn \u00d6l\u00e7\u00fcs\u00fc: 10*8.5*2 \u00c7anta Tipi: Bozuk Para \u00c7antas\u0131 \u00dcr\u00fcn Tipi: Mini \u00c7anta Cinsiyet: Kad\u0131n Men\u015fei: TR<\/p>\n","protected":false},"featured_media":82588,"comment_status":"open","ping_status":"closed","template":"","meta":[],"product_brand":[],"product_cat":[6957,6963],"product_tag":[7061,7064,7063,7062],"class_list":{"0":"post-82594","1":"product","2":"type-product","3":"status-publish","4":"has-post-thumbnail","6":"product_cat-cantalar-el-cantalari","7":"product_cat-cuzdanlar","8":"product_tag-bordo-kadin-bozuk-para-cuzdani","9":"product_tag-bozuk-para-cuzdani","10":"product_tag-kadin-bozuk-para-cuzdani","11":"product_tag-kadinlar-icin-bordo-bozuk-para-cuzdani","12":"pa_brand-defacto","13":"pa_color-acik-sari","14":"pa_size-std","16":"first","17":"outofstock","18":"shipping-taxable","19":"product-type-variable"},"_links":{"self":[{"href":"https:\/\/mod.wisdar.net\/tr\/wp-json\/wp\/v2\/product\/82594","targetHints":{"allow":["GET"]}}],"collection":[{"href":"https:\/\/mod.wisdar.net\/tr\/wp-json\/wp\/v2\/product"}],"about":[{"href":"https:\/\/mod.wisdar.net\/tr\/wp-json\/wp\/v2\/types\/product"}],"replies":[{"embeddable":true,"href":"https:\/\/mod.wisdar.net\/tr\/wp-json\/wp\/v2\/comments?post=82594"}],"wp:featuredmedia":[{"embeddable":true,"href":"https:\/\/mod.wisdar.net\/tr\/wp-json\/wp\/v2\/media\/82588"}],"wp:attachment":[{"href":"https:\/\/mod.wisdar.net\/tr\/wp-json\/wp\/v2\/media?parent=82594"}],"wp:term":[{"taxonomy":"product_brand","embeddable":true,"href":"https:\/\/mod.wisdar.net\/tr\/wp-json\/wp\/v2\/product_brand?post=82594"},{"taxonomy":"product_cat","embeddable":true,"href":"https:\/\/mod.wisdar.net\/tr\/wp-json\/wp\/v2\/product_cat?post=82594"},{"taxonomy":"product_tag","embeddable":true,"href":"https:\/\/mod.wisdar.net\/tr\/wp-json\/wp\/v2\/product_tag?post=82594"}],"curies":[{"name":"wp","href":"https:\/\/api.w.org\/{rel}","templated":true}]}}