{"id":82625,"date":"2026-02-01T11:38:28","date_gmt":"2026-02-01T11:38:28","guid":{"rendered":"https:\/\/modesthanim.com\/product\/kadin-suni-deri-cuzdan-2\/"},"modified":"2026-04-09T09:50:40","modified_gmt":"2026-04-09T09:50:40","slug":"kadin-suni-deri-cuzdan-2","status":"publish","type":"product","link":"https:\/\/mod.wisdar.net\/tr\/urun\/kadin-suni-deri-cuzdan-2\/","title":{"rendered":"Kad\u0131n Suni Deri C\u00fczdan"},"content":{"rendered":"<p>Suni deri tasar\u0131m\u0131yla bu kad\u0131n c\u00fczdan, \u015f\u0131k ve dayan\u0131kl\u0131 bir kullan\u0131m sunar. G\u00fcnl\u00fck ve \u00f6zel kombinlerde pratik bir aksesuar olarak \u00f6ne \u00e7\u0131kar.<\/p>\n<p>\u2014 Technical Details \u2014<br \/>\nproduct_size: 1 cm<br \/>\ncolor: Bordo<br \/>\nfabric: Suni Deri<br \/>\nbag_type: C\u00fczdan<br \/>\norigin: TR<br \/>\nproduct_group: Kad\u0131n C\u00fczdan<br \/>\nsample_size: STD<br \/>\nmodel_measurements: STD Beden \u2013 1,72cm \u2013 83\/58\/87<\/p>\n","protected":false},"excerpt":{"rendered":"<p>Suni deri tasar\u0131m\u0131yla bu kad\u0131n c\u00fczdan, \u015f\u0131k ve dayan\u0131kl\u0131 bir kullan\u0131m sunar. G\u00fcnl\u00fck ve \u00f6zel kombinlerde pratik bir aksesuar olarak \u00f6ne \u00e7\u0131kar. \u2014 Technical Details \u2014 product_size: 1 cm color: Bordo fabric: Suni Deri bag_type: C\u00fczdan origin: TR product_group: Kad\u0131n C\u00fczdan sample_size: STD model_measurements: STD Beden \u2013 1,72cm \u2013 83\/58\/87<\/p>\n","protected":false},"featured_media":0,"comment_status":"open","ping_status":"closed","template":"","meta":[],"product_brand":[],"product_cat":[6957,6963],"product_tag":[7070,7071],"class_list":{"0":"post-82625","1":"product","2":"type-product","3":"status-publish","5":"product_cat-cantalar-el-cantalari","6":"product_cat-cuzdanlar","7":"product_tag-bordo-kadin-suni-deri-cuzdan","8":"product_tag-kadin-suni-deri-cuzdan","9":"pa_brand-defacto","10":"pa_color-mavi","11":"pa_size-std","13":"first","14":"outofstock","15":"shipping-taxable","16":"product-type-variable"},"_links":{"self":[{"href":"https:\/\/mod.wisdar.net\/tr\/wp-json\/wp\/v2\/product\/82625","targetHints":{"allow":["GET"]}}],"collection":[{"href":"https:\/\/mod.wisdar.net\/tr\/wp-json\/wp\/v2\/product"}],"about":[{"href":"https:\/\/mod.wisdar.net\/tr\/wp-json\/wp\/v2\/types\/product"}],"replies":[{"embeddable":true,"href":"https:\/\/mod.wisdar.net\/tr\/wp-json\/wp\/v2\/comments?post=82625"}],"wp:attachment":[{"href":"https:\/\/mod.wisdar.net\/tr\/wp-json\/wp\/v2\/media?parent=82625"}],"wp:term":[{"taxonomy":"product_brand","embeddable":true,"href":"https:\/\/mod.wisdar.net\/tr\/wp-json\/wp\/v2\/product_brand?post=82625"},{"taxonomy":"product_cat","embeddable":true,"href":"https:\/\/mod.wisdar.net\/tr\/wp-json\/wp\/v2\/product_cat?post=82625"},{"taxonomy":"product_tag","embeddable":true,"href":"https:\/\/mod.wisdar.net\/tr\/wp-json\/wp\/v2\/product_tag?post=82625"}],"curies":[{"name":"wp","href":"https:\/\/api.w.org\/{rel}","templated":true}]}}