{"id":82642,"date":"2026-02-01T11:38:38","date_gmt":"2026-02-01T11:38:38","guid":{"rendered":"https:\/\/modesthanim.com\/product\/kadin-suni-deri-el-cantasi-2\/"},"modified":"2026-03-21T07:51:29","modified_gmt":"2026-03-21T07:51:29","slug":"kadin-suni-deri-el-cantasi-2","status":"publish","type":"product","link":"https:\/\/mod.wisdar.net\/tr\/urun\/kadin-suni-deri-el-cantasi-2\/","title":{"rendered":"Kad\u0131n Suni Deri El \u00c7antas\u0131"},"content":{"rendered":"<p>Y\u00fcksek kaliteli suni deriden \u00fcretilen \u015f\u0131k kad\u0131n el \u00e7antas\u0131, zarif tasar\u0131m\u0131 ve dayan\u0131kl\u0131 yap\u0131s\u0131yla \u00f6ne \u00e7\u0131k\u0131yor. G\u00fcnl\u00fck kullan\u0131ma uygun olan bu \u00e7anta, \u015f\u0131kl\u0131\u011f\u0131 ve i\u015flevselli\u011fi bir arada sunuyor. Gard\u0131robunuzun vazge\u00e7ilmezi olmaya aday!<\/p>\n<p>\u2014 Technical Details \u2014<br \/>\n\u00dcr\u00fcn \u00d6l\u00e7\u00fcs\u00fc: 35*44*14<br \/>\n\u00c7anta Tipi: El \u00c7antas\u0131<br \/>\nCinsiyet: Kad\u0131n<br \/>\nKuma\u015f: Suni Deri<br \/>\nMen\u015fei: TR<br \/>\nModel \u00d6l\u00e7\u00fcleri: STD Beden \u2013 1,74cm \u2013 84\/61\/92<\/p>\n","protected":false},"excerpt":{"rendered":"<p>Y\u00fcksek kaliteli suni deriden \u00fcretilen \u015f\u0131k kad\u0131n el \u00e7antas\u0131, zarif tasar\u0131m\u0131 ve dayan\u0131kl\u0131 yap\u0131s\u0131yla \u00f6ne \u00e7\u0131k\u0131yor. G\u00fcnl\u00fck kullan\u0131ma uygun olan bu \u00e7anta, \u015f\u0131kl\u0131\u011f\u0131 ve i\u015flevselli\u011fi bir arada sunuyor. Gard\u0131robunuzun vazge\u00e7ilmezi olmaya aday! \u2014 Technical Details \u2014 \u00dcr\u00fcn \u00d6l\u00e7\u00fcs\u00fc: 35*44*14 \u00c7anta Tipi: El \u00c7antas\u0131 Cinsiyet: Kad\u0131n Kuma\u015f: Suni Deri Men\u015fei: TR Model \u00d6l\u00e7\u00fcleri: STD Beden \u2013 [&hellip;]<\/p>\n","protected":false},"featured_media":82630,"comment_status":"open","ping_status":"closed","template":"","meta":[],"product_brand":[],"product_cat":[6960,6957],"product_tag":[7075,7037,7074,6998],"class_list":{"0":"post-82642","1":"product","2":"type-product","3":"status-publish","4":"has-post-thumbnail","6":"product_cat-cantalar","7":"product_cat-cantalar-el-cantalari","8":"product_tag-canta","9":"product_tag-el-cantasi","10":"product_tag-siyah","11":"product_tag-suni-deri","12":"pa_brand-defacto","13":"pa_color-siyah","14":"pa_size-std","16":"first","17":"instock","18":"shipping-taxable","19":"purchasable","20":"product-type-variable"},"_links":{"self":[{"href":"https:\/\/mod.wisdar.net\/tr\/wp-json\/wp\/v2\/product\/82642","targetHints":{"allow":["GET"]}}],"collection":[{"href":"https:\/\/mod.wisdar.net\/tr\/wp-json\/wp\/v2\/product"}],"about":[{"href":"https:\/\/mod.wisdar.net\/tr\/wp-json\/wp\/v2\/types\/product"}],"replies":[{"embeddable":true,"href":"https:\/\/mod.wisdar.net\/tr\/wp-json\/wp\/v2\/comments?post=82642"}],"wp:featuredmedia":[{"embeddable":true,"href":"https:\/\/mod.wisdar.net\/tr\/wp-json\/wp\/v2\/media\/82630"}],"wp:attachment":[{"href":"https:\/\/mod.wisdar.net\/tr\/wp-json\/wp\/v2\/media?parent=82642"}],"wp:term":[{"taxonomy":"product_brand","embeddable":true,"href":"https:\/\/mod.wisdar.net\/tr\/wp-json\/wp\/v2\/product_brand?post=82642"},{"taxonomy":"product_cat","embeddable":true,"href":"https:\/\/mod.wisdar.net\/tr\/wp-json\/wp\/v2\/product_cat?post=82642"},{"taxonomy":"product_tag","embeddable":true,"href":"https:\/\/mod.wisdar.net\/tr\/wp-json\/wp\/v2\/product_tag?post=82642"}],"curies":[{"name":"wp","href":"https:\/\/api.w.org\/{rel}","templated":true}]}}