{"id":82683,"date":"2026-02-01T11:39:30","date_gmt":"2026-02-01T11:39:30","guid":{"rendered":"https:\/\/modesthanim.com\/product\/sapli-sirt-cantasi-yesil\/"},"modified":"2026-03-30T20:47:10","modified_gmt":"2026-03-30T20:47:10","slug":"sapli-sirt-cantasi-yesil","status":"publish","type":"product","link":"https:\/\/mod.wisdar.net\/tr\/urun\/sapli-sirt-cantasi-yesil\/","title":{"rendered":"Kulplu S\u0131rt \u00c7antas\u0131 \u2013 Ye\u015fil"},"content":{"rendered":"<p>Hem elde ta\u015f\u0131nabilen kulp yap\u0131s\u0131 hem de s\u0131rt \u00e7antas\u0131 formuyla \u00e7ok y\u00f6nl\u00fc bir kullan\u0131m sunan bu tasar\u0131m, \u015fehir ya\u015fam\u0131na pratiklik ve modern bir stil kazand\u0131r\u0131r.<br \/>\nMateryal: Suni Deri<br \/>\nDesen: D\u00fcz<br \/>\n\u00d6l\u00e7\u00fcler: 22 x 22 cm<br \/>\nAstar: Astarl\u0131<br \/>\nD\u0131\u015f Detaylar: Fermuar kapama, Fermuarl\u0131 D\u0131\u015f Cep<br \/>\n\u0130\u00e7 Detaylar: \u00dc\u00e7 B\u00f6lme, Fermuarl\u0131 \u0130\u00e7 Cep<\/p>\n<p>\u2014 Technical Details \u2014<br \/>\nMateryal: Suni Deri<br \/>\nDesen: D\u00fcz<br \/>\n\u00d6l\u00e7\u00fcler: 22 x 22 cm<br \/>\nAstar: Astarl\u0131<br \/>\nD\u0131\u015f Detaylar: Fermuar kapama, Fermuarl\u0131 D\u0131\u015f Cep<br \/>\n\u0130\u00e7 Detaylar: \u00dc\u00e7 B\u00f6lme, Fermuarl\u0131 \u0130\u00e7 Cep<\/p>\n","protected":false},"excerpt":{"rendered":"<p>Hem elde ta\u015f\u0131nabilen kulp yap\u0131s\u0131 hem de s\u0131rt \u00e7antas\u0131 formuyla \u00e7ok y\u00f6nl\u00fc bir kullan\u0131m sunan bu tasar\u0131m, \u015fehir ya\u015fam\u0131na pratiklik ve modern bir stil kazand\u0131r\u0131r. Materyal: Suni Deri Desen: D\u00fcz \u00d6l\u00e7\u00fcler: 22 x 22 cm Astar: Astarl\u0131 D\u0131\u015f Detaylar: Fermuar kapama, Fermuarl\u0131 D\u0131\u015f Cep \u0130\u00e7 Detaylar: \u00dc\u00e7 B\u00f6lme, Fermuarl\u0131 \u0130\u00e7 Cep \u2014 Technical Details \u2014 [&hellip;]<\/p>\n","protected":false},"featured_media":0,"comment_status":"open","ping_status":"closed","template":"","meta":[],"product_brand":[],"product_cat":[6960,6957],"product_tag":[7096,7101,7098,6825,7097,7100,7099],"class_list":{"0":"post-82683","1":"product","2":"type-product","3":"status-publish","5":"product_cat-cantalar","6":"product_cat-cantalar-el-cantalari","7":"product_tag-modern-tasarim","8":"product_tag-pratik-canta","9":"product_tag-sapli-sirt-cantasi","10":"product_tag-sehir-stili","11":"product_tag-sirt-cantasi","12":"product_tag-suni-deri-2","13":"product_tag-yesil-canta","14":"pa_brand-tugba","15":"pa_color-yesil","16":"pa_size-std","18":"first","19":"outofstock","20":"shipping-taxable","21":"product-type-variable"},"_links":{"self":[{"href":"https:\/\/mod.wisdar.net\/tr\/wp-json\/wp\/v2\/product\/82683","targetHints":{"allow":["GET"]}}],"collection":[{"href":"https:\/\/mod.wisdar.net\/tr\/wp-json\/wp\/v2\/product"}],"about":[{"href":"https:\/\/mod.wisdar.net\/tr\/wp-json\/wp\/v2\/types\/product"}],"replies":[{"embeddable":true,"href":"https:\/\/mod.wisdar.net\/tr\/wp-json\/wp\/v2\/comments?post=82683"}],"wp:attachment":[{"href":"https:\/\/mod.wisdar.net\/tr\/wp-json\/wp\/v2\/media?parent=82683"}],"wp:term":[{"taxonomy":"product_brand","embeddable":true,"href":"https:\/\/mod.wisdar.net\/tr\/wp-json\/wp\/v2\/product_brand?post=82683"},{"taxonomy":"product_cat","embeddable":true,"href":"https:\/\/mod.wisdar.net\/tr\/wp-json\/wp\/v2\/product_cat?post=82683"},{"taxonomy":"product_tag","embeddable":true,"href":"https:\/\/mod.wisdar.net\/tr\/wp-json\/wp\/v2\/product_tag?post=82683"}],"curies":[{"name":"wp","href":"https:\/\/api.w.org\/{rel}","templated":true}]}}