{"id":82730,"date":"2026-02-01T11:40:21","date_gmt":"2026-02-01T11:40:21","guid":{"rendered":"https:\/\/modesthanim.com\/product\/bantli-tokali-kapakli-canta-kahverengi\/"},"modified":"2026-03-07T21:40:28","modified_gmt":"2026-03-07T21:40:28","slug":"bantli-tokali-kapakli-canta-kahverengi","status":"publish","type":"product","link":"https:\/\/mod.wisdar.net\/tr\/urun\/bantli-tokali-kapakli-canta-kahverengi\/","title":{"rendered":"Bant Tokal\u0131 Flap \u00c7anta \u2013 Kahve"},"content":{"rendered":"<p>Flap kapak tasar\u0131m\u0131n\u0131 tamamlayan bant tokas\u0131yla modern bir g\u00f6r\u00fcn\u00fcm sunan bu \u00e7anta, sade siluetiyle \u015fehir stiline temiz ve sofistike bir hava katar. D\u00fczenli i\u00e7 b\u00f6lmesi g\u00fcnl\u00fck kullan\u0131mda pratiklik sa\u011flarken, yap\u0131sal formu her kombine uyumlu bir \u015f\u0131kl\u0131k ekler.<br \/>\nMateryal: Suni Deri<br \/>\nDesen: D\u00fcz<br \/>\n\u00d6l\u00e7\u00fcler: 14 x 15 cm<br \/>\nAstar: Astarl\u0131<br \/>\nD\u0131\u015f Detaylar: \u00c7\u0131t\u00e7\u0131t Kapama, Ayarlanabilir Uzun Ask\u0131, K\u00fc\u00e7\u00fck Cep<br \/>\n\u0130\u00e7 Detaylar: Bir Fermuarl\u0131 \u0130\u00e7 Cep, \u0130ki Fermuars\u0131z B\u00f6lme<\/p>\n<p>\u2014 Technical Details \u2014<br \/>\nDesen: D\u00fcz<br \/>\n\u00d6l\u00e7\u00fcler: 14 x 15 cm<br \/>\nAstar: Astarl\u0131<br \/>\nD\u0131\u015f Detaylar: \u00c7\u0131t\u00e7\u0131t Kapama, Ayarlanabilir Uzun Ask\u0131, K\u00fc\u00e7\u00fck Cep<br \/>\n\u0130\u00e7 Detaylar: Bir Fermuarl\u0131 \u0130\u00e7 Cep, \u0130ki Fermuars\u0131z B\u00f6lme<\/p>\n","protected":false},"excerpt":{"rendered":"<p>Flap kapak tasar\u0131m\u0131n\u0131 tamamlayan bant tokas\u0131yla modern bir g\u00f6r\u00fcn\u00fcm sunan bu \u00e7anta, sade siluetiyle \u015fehir stiline temiz ve sofistike bir hava katar. D\u00fczenli i\u00e7 b\u00f6lmesi g\u00fcnl\u00fck kullan\u0131mda pratiklik sa\u011flarken, yap\u0131sal formu her kombine uyumlu bir \u015f\u0131kl\u0131k ekler. Materyal: Suni Deri Desen: D\u00fcz \u00d6l\u00e7\u00fcler: 14 x 15 cm Astar: Astarl\u0131 D\u0131\u015f Detaylar: \u00c7\u0131t\u00e7\u0131t Kapama, Ayarlanabilir Uzun [&hellip;]<\/p>\n","protected":false},"featured_media":0,"comment_status":"open","ping_status":"closed","template":"","meta":[],"product_brand":[],"product_cat":[6960,6957],"product_tag":[7127,7128,7019,7016,7087,7126,6825,7100],"class_list":{"0":"post-82730","1":"product","2":"type-product","3":"status-publish","5":"product_cat-cantalar","6":"product_cat-cantalar-el-cantalari","7":"product_tag-bantli-toka","8":"product_tag-duzenli-ic-bolme","9":"product_tag-gunluk-kullanim","10":"product_tag-kadin-cantasi","11":"product_tag-kahverengi-canta","12":"product_tag-kapakli-canta","13":"product_tag-sehir-stili","14":"product_tag-suni-deri-2","15":"pa_color-kahve","16":"pa_size-std","18":"first","19":"outofstock","20":"shipping-taxable","21":"product-type-variable"},"_links":{"self":[{"href":"https:\/\/mod.wisdar.net\/tr\/wp-json\/wp\/v2\/product\/82730","targetHints":{"allow":["GET"]}}],"collection":[{"href":"https:\/\/mod.wisdar.net\/tr\/wp-json\/wp\/v2\/product"}],"about":[{"href":"https:\/\/mod.wisdar.net\/tr\/wp-json\/wp\/v2\/types\/product"}],"replies":[{"embeddable":true,"href":"https:\/\/mod.wisdar.net\/tr\/wp-json\/wp\/v2\/comments?post=82730"}],"wp:attachment":[{"href":"https:\/\/mod.wisdar.net\/tr\/wp-json\/wp\/v2\/media?parent=82730"}],"wp:term":[{"taxonomy":"product_brand","embeddable":true,"href":"https:\/\/mod.wisdar.net\/tr\/wp-json\/wp\/v2\/product_brand?post=82730"},{"taxonomy":"product_cat","embeddable":true,"href":"https:\/\/mod.wisdar.net\/tr\/wp-json\/wp\/v2\/product_cat?post=82730"},{"taxonomy":"product_tag","embeddable":true,"href":"https:\/\/mod.wisdar.net\/tr\/wp-json\/wp\/v2\/product_tag?post=82730"}],"curies":[{"name":"wp","href":"https:\/\/api.w.org\/{rel}","templated":true}]}}