{"id":82731,"date":"2026-02-01T11:40:23","date_gmt":"2026-02-01T11:40:23","guid":{"rendered":"https:\/\/modesthanim.com\/product\/klipsli-canta-siyah\/"},"modified":"2026-04-15T20:53:24","modified_gmt":"2026-04-15T20:53:24","slug":"klipsli-canta-siyah","status":"publish","type":"product","link":"https:\/\/mod.wisdar.net\/tr\/urun\/klipsli-canta-siyah\/","title":{"rendered":"Tokal\u0131 \u00c7anta \u2013 Siyah"},"content":{"rendered":"<p>Zarif tokas\u0131yla \u00f6ne \u00e7\u0131kan bu \u00e7anta, minimal tasar\u0131m\u0131yla sade ama etkileyici bir duru\u015f sunar. Kaliteli dokusu ve kusursuz formu, g\u00fcnl\u00fck \u015fehir stilinden \u00f6zel davet kombinlerine kadar her g\u00f6r\u00fcn\u00fcme uyum sa\u011flar.<br \/>\nMateryal: Suni Deri<br \/>\nDesen: D\u00fcz<br \/>\n\u00d6l\u00e7\u00fcler: 16 x 23 cm<br \/>\nAstar: Astarl\u0131<br \/>\nD\u0131\u015f Detaylar: \u00c7\u0131t\u00e7\u0131t Kapama, Ayarlanabilir Uzun Ask\u0131<br \/>\n\u0130\u00e7 Detaylar: Bir Fermuarl\u0131 B\u00f6lme, Bir Fermuarl\u0131 \u0130\u00e7 Cep, Bir Fermuars\u0131z B\u00f6lme, Bir Fermuars\u0131z \u0130\u00e7 Cep<\/p>\n<p>\u2014 Technical Details \u2014<br \/>\nDesen: D\u00fcz<br \/>\n\u00d6l\u00e7\u00fcler: 16 x 23 cm<br \/>\nAstar: Astarl\u0131<br \/>\nD\u0131\u015f Detaylar: \u00c7\u0131t\u00e7\u0131t Kapama, Ayarlanabilir Uzun Ask\u0131<br \/>\n\u0130\u00e7 Detaylar: Bir Fermuarl\u0131 B\u00f6lme, Bir Fermuarl\u0131 \u0130\u00e7 Cep, Bir Fermuars\u0131z B\u00f6lme, Bir Fermuars\u0131z \u0130\u00e7 Cep<\/p>\n","protected":false},"excerpt":{"rendered":"<p>Zarif tokas\u0131yla \u00f6ne \u00e7\u0131kan bu \u00e7anta, minimal tasar\u0131m\u0131yla sade ama etkileyici bir duru\u015f sunar. Kaliteli dokusu ve kusursuz formu, g\u00fcnl\u00fck \u015fehir stilinden \u00f6zel davet kombinlerine kadar her g\u00f6r\u00fcn\u00fcme uyum sa\u011flar. Materyal: Suni Deri Desen: D\u00fcz \u00d6l\u00e7\u00fcler: 16 x 23 cm Astar: Astarl\u0131 D\u0131\u015f Detaylar: \u00c7\u0131t\u00e7\u0131t Kapama, Ayarlanabilir Uzun Ask\u0131 \u0130\u00e7 Detaylar: Bir Fermuarl\u0131 B\u00f6lme, Bir [&hellip;]<\/p>\n","protected":false},"featured_media":0,"comment_status":"open","ping_status":"closed","template":"","meta":[],"product_brand":[],"product_cat":[6960,6957],"product_tag":[7137,7133,7136,7134,6979,7129,7132,7135,7130,7131],"class_list":{"0":"post-82731","1":"product","2":"type-product","3":"status-publish","5":"product_cat-cantalar","6":"product_cat-cantalar-el-cantalari","7":"product_tag-astarli-canta","8":"product_tag-ayarlanabilir-askili-canta","9":"product_tag-duz-tasarim","10":"product_tag-gunluk-canta-2","11":"product_tag-kadin-el-cantasi","12":"product_tag-klipsli-canta","13":"product_tag-minimalist-canta","14":"product_tag-ozel-gun-cantasi","15":"product_tag-siyah-canta","16":"product_tag-suni-deri-canta","17":"pa_brand-tugba","18":"pa_color-siyah","19":"pa_size-std","21":"first","22":"outofstock","23":"shipping-taxable","24":"product-type-variable"},"_links":{"self":[{"href":"https:\/\/mod.wisdar.net\/tr\/wp-json\/wp\/v2\/product\/82731","targetHints":{"allow":["GET"]}}],"collection":[{"href":"https:\/\/mod.wisdar.net\/tr\/wp-json\/wp\/v2\/product"}],"about":[{"href":"https:\/\/mod.wisdar.net\/tr\/wp-json\/wp\/v2\/types\/product"}],"replies":[{"embeddable":true,"href":"https:\/\/mod.wisdar.net\/tr\/wp-json\/wp\/v2\/comments?post=82731"}],"wp:attachment":[{"href":"https:\/\/mod.wisdar.net\/tr\/wp-json\/wp\/v2\/media?parent=82731"}],"wp:term":[{"taxonomy":"product_brand","embeddable":true,"href":"https:\/\/mod.wisdar.net\/tr\/wp-json\/wp\/v2\/product_brand?post=82731"},{"taxonomy":"product_cat","embeddable":true,"href":"https:\/\/mod.wisdar.net\/tr\/wp-json\/wp\/v2\/product_cat?post=82731"},{"taxonomy":"product_tag","embeddable":true,"href":"https:\/\/mod.wisdar.net\/tr\/wp-json\/wp\/v2\/product_tag?post=82731"}],"curies":[{"name":"wp","href":"https:\/\/api.w.org\/{rel}","templated":true}]}}