{"id":8275,"date":"2025-11-01T20:09:16","date_gmt":"2025-11-01T20:09:16","guid":{"rendered":"https:\/\/modesthanim.com\/product\/t-kollu-garnili-kapusonlu-trenckot-indigo\/"},"modified":"2026-03-26T00:06:44","modified_gmt":"2026-03-26T00:06:44","slug":"t-kollu-garnili-kapusonlu-trenckot-indigo","status":"publish","type":"product","link":"https:\/\/mod.wisdar.net\/tr\/urun\/t-kollu-garnili-kapusonlu-trenckot-indigo\/","title":{"rendered":"T-Kollu Garnili Kap\u00fc\u015fonlu Tren\u00e7kot \u2013 \u0130ndigo"},"content":{"rendered":"<p>T-kolu kesimi ve detayl\u0131 garnisi ile modern bir duru\u015f sergileyen bu kap\u00fc\u015fonlu tren\u00e7kot, tarz\u0131n\u0131za \u015f\u0131kl\u0131k kat\u0131yor. Hafif yap\u0131s\u0131 ve rahat kesimi sayesinde konforlu kullan\u0131m sunarken, garni detaylar\u0131 tasar\u0131ma hareket kat\u0131yor.<\/p>\n<p>\u2014 Teknik Detaylar \u2014<br \/>\nDesen: D\u00fcz<br \/>\nYaka Tipi: Kap\u00fc\u015fonlu Yaka<br \/>\nKol Tipi: Uzun Kol<br \/>\nCep: Fleto Cep<br \/>\nAstar: Astarl\u0131<br \/>\n\u00dcr\u00fcn Uzunlu\u011fu: 105 cm<br \/>\nBeden Tipi: B\u00fcy\u00fck Beden<br \/>\nModelin Giydi\u011fi Beden: 42<br \/>\nModel \u00d6l\u00e7\u00fcleri: {&#8216;Boy&#8217;: &#8216;176 cm&#8217;, &#8216;G\u00f6\u011f\u00fcs&#8217;: &#8217;75 cm&#8217;, &#8216;Bel&#8217;: &#8217;59 cm&#8217;, &#8216;Kal\u00e7a&#8217;: &#8217;87 cm&#8217;}<\/p>\n","protected":false},"excerpt":{"rendered":"<p>T-kolu kesimi ve detayl\u0131 garnisi ile modern bir duru\u015f sergileyen bu kap\u00fc\u015fonlu tren\u00e7kot, tarz\u0131n\u0131za \u015f\u0131kl\u0131k kat\u0131yor. Hafif yap\u0131s\u0131 ve rahat kesimi sayesinde konforlu kullan\u0131m sunarken, garni detaylar\u0131 tasar\u0131ma hareket kat\u0131yor. \u2014 Teknik Detaylar \u2014 Desen: D\u00fcz Yaka Tipi: Kap\u00fc\u015fonlu Yaka Kol Tipi: Uzun Kol Cep: Fleto Cep Astar: Astarl\u0131 \u00dcr\u00fcn Uzunlu\u011fu: 105 cm Beden Tipi: [&hellip;]<\/p>\n","protected":false},"featured_media":51999,"comment_status":"open","ping_status":"closed","template":"","meta":[],"product_brand":[],"product_cat":[2047],"product_tag":[],"class_list":{"0":"post-8275","1":"product","2":"type-product","3":"status-publish","4":"has-post-thumbnail","6":"product_cat-paltolar","7":"pa_color-indigo","8":"pa_size-4713","9":"pa_size-4751","10":"pa_size-4749","11":"pa_size-4747","12":"pa_size-4746","14":"first","15":"instock","16":"sale","17":"shipping-taxable","18":"purchasable","19":"product-type-variable"},"_links":{"self":[{"href":"https:\/\/mod.wisdar.net\/tr\/wp-json\/wp\/v2\/product\/8275","targetHints":{"allow":["GET"]}}],"collection":[{"href":"https:\/\/mod.wisdar.net\/tr\/wp-json\/wp\/v2\/product"}],"about":[{"href":"https:\/\/mod.wisdar.net\/tr\/wp-json\/wp\/v2\/types\/product"}],"replies":[{"embeddable":true,"href":"https:\/\/mod.wisdar.net\/tr\/wp-json\/wp\/v2\/comments?post=8275"}],"wp:featuredmedia":[{"embeddable":true,"href":"https:\/\/mod.wisdar.net\/tr\/wp-json\/wp\/v2\/media\/51999"}],"wp:attachment":[{"href":"https:\/\/mod.wisdar.net\/tr\/wp-json\/wp\/v2\/media?parent=8275"}],"wp:term":[{"taxonomy":"product_brand","embeddable":true,"href":"https:\/\/mod.wisdar.net\/tr\/wp-json\/wp\/v2\/product_brand?post=8275"},{"taxonomy":"product_cat","embeddable":true,"href":"https:\/\/mod.wisdar.net\/tr\/wp-json\/wp\/v2\/product_cat?post=8275"},{"taxonomy":"product_tag","embeddable":true,"href":"https:\/\/mod.wisdar.net\/tr\/wp-json\/wp\/v2\/product_tag?post=8275"}],"curies":[{"name":"wp","href":"https:\/\/api.w.org\/{rel}","templated":true}]}}