{"id":82775,"date":"2026-02-01T11:41:14","date_gmt":"2026-02-01T11:41:14","guid":{"rendered":"https:\/\/modesthanim.com\/product\/kol-cantasi-siyah-2\/"},"modified":"2026-02-01T11:41:38","modified_gmt":"2026-02-01T11:41:38","slug":"kol-cantasi-siyah-2","status":"publish","type":"product","link":"https:\/\/mod.wisdar.net\/tr\/urun\/kol-cantasi-siyah-2\/","title":{"rendered":"Kol \u00c7antas\u0131 \u2013 Siyah"},"content":{"rendered":"<p>Bu kol \u00e7antas\u0131, elde ta\u015f\u0131ma tasar\u0131m\u0131yla pratik kullan\u0131m sunarken, minimalist esteti\u011fiyle kentsel tarza modern bir sadelik kat\u0131yor.<br \/>\nMalzeme: Suni Deri<br \/>\nDesen: D\u00fcz<br \/>\nBoyutlar: 23 x 42 cm<br \/>\nAstar: Astarl\u0131<br \/>\nD\u0131\u015f Detaylar: \u00c7\u0131t\u00e7\u0131tl\u0131 Kapama, Fermuarl\u0131 Kapama<br \/>\n\u0130\u00e7 Detaylar: Tek B\u00f6lme, Fermuarl\u0131 \u0130\u00e7 Cep<\/p>\n<p>\u2014 Teknik Detaylar \u2014<br \/>\nboyutlar: 23 x 42 cm<br \/>\nastar: Astarl\u0131<br \/>\nkapama: \u00c7\u0131t\u00e7\u0131tl\u0131 Kapama, Fermuarl\u0131 Kapama<br \/>\nb\u00f6lmeler: Tek B\u00f6lme, Fermuarl\u0131 \u0130\u00e7 Cep<\/p>\n","protected":false},"excerpt":{"rendered":"<p>Bu kol \u00e7antas\u0131, elde ta\u015f\u0131ma tasar\u0131m\u0131yla pratik kullan\u0131m sunarken, minimalist esteti\u011fiyle kentsel tarza modern bir sadelik kat\u0131yor. Malzeme: Suni Deri Desen: D\u00fcz Boyutlar: 23 x 42 cm Astar: Astarl\u0131 D\u0131\u015f Detaylar: \u00c7\u0131t\u00e7\u0131tl\u0131 Kapama, Fermuarl\u0131 Kapama \u0130\u00e7 Detaylar: Tek B\u00f6lme, Fermuarl\u0131 \u0130\u00e7 Cep \u2014 Teknik Detaylar \u2014 boyutlar: 23 x 42 cm astar: Astarl\u0131 kapama: \u00c7\u0131t\u00e7\u0131tl\u0131 [&hellip;]<\/p>\n","protected":false},"featured_media":82747,"comment_status":"open","ping_status":"closed","template":"","meta":[],"product_brand":[],"product_cat":[6960,6957],"product_tag":[7037,7145,7146,7144,6825,7130,6998],"class_list":{"0":"post-82775","1":"product","2":"type-product","3":"status-publish","4":"has-post-thumbnail","6":"product_cat-cantalar","7":"product_cat-cantalar-el-cantalari","8":"product_tag-el-cantasi","9":"product_tag-kadin-aksesuari","10":"product_tag-kol-cantasi","11":"product_tag-minimalist","12":"product_tag-sehir-stili","13":"product_tag-siyah-canta","14":"product_tag-suni-deri","15":"pa_color-siyah","16":"pa_size-std","18":"first","19":"instock","20":"sale","21":"shipping-taxable","22":"purchasable","23":"product-type-variable","24":"has-default-attributes"},"_links":{"self":[{"href":"https:\/\/mod.wisdar.net\/tr\/wp-json\/wp\/v2\/product\/82775","targetHints":{"allow":["GET"]}}],"collection":[{"href":"https:\/\/mod.wisdar.net\/tr\/wp-json\/wp\/v2\/product"}],"about":[{"href":"https:\/\/mod.wisdar.net\/tr\/wp-json\/wp\/v2\/types\/product"}],"replies":[{"embeddable":true,"href":"https:\/\/mod.wisdar.net\/tr\/wp-json\/wp\/v2\/comments?post=82775"}],"wp:featuredmedia":[{"embeddable":true,"href":"https:\/\/mod.wisdar.net\/tr\/wp-json\/wp\/v2\/media\/82747"}],"wp:attachment":[{"href":"https:\/\/mod.wisdar.net\/tr\/wp-json\/wp\/v2\/media?parent=82775"}],"wp:term":[{"taxonomy":"product_brand","embeddable":true,"href":"https:\/\/mod.wisdar.net\/tr\/wp-json\/wp\/v2\/product_brand?post=82775"},{"taxonomy":"product_cat","embeddable":true,"href":"https:\/\/mod.wisdar.net\/tr\/wp-json\/wp\/v2\/product_cat?post=82775"},{"taxonomy":"product_tag","embeddable":true,"href":"https:\/\/mod.wisdar.net\/tr\/wp-json\/wp\/v2\/product_tag?post=82775"}],"curies":[{"name":"wp","href":"https:\/\/api.w.org\/{rel}","templated":true}]}}