{"id":82810,"date":"2026-02-01T11:42:00","date_gmt":"2026-02-01T11:42:00","guid":{"rendered":"https:\/\/modesthanim.com\/product\/aksesuar-detayli-canta-siyah-2\/"},"modified":"2026-02-26T06:13:08","modified_gmt":"2026-02-26T06:13:08","slug":"aksesuar-detayli-canta-siyah-2","status":"publish","type":"product","link":"https:\/\/mod.wisdar.net\/tr\/urun\/aksesuar-detayli-canta-siyah-2\/","title":{"rendered":"Aksesuar Detayl\u0131 \u00c7anta \u2013 Siyah"},"content":{"rendered":"<p>\u00dczerindeki dekoratif aksesuarlar, \u00e7antaya hareket ve karakter kazand\u0131r\u0131rken genel g\u00f6r\u00fcn\u00fcm\u00fc yormadan \u015f\u0131kl\u0131\u011f\u0131 destekler.<br \/>\nMateryal: Suni Deri<br \/>\nDesen: D\u00fcz<br \/>\n\u00d6l\u00e7\u00fcler:<br \/>\nAstar: Astarl\u0131<br \/>\n\u0130\u00e7 Detaylar: Bir fermuarl\u0131 b\u00f6lme, bir fermuarl\u0131 i\u00e7 cep<\/p>\n","protected":false},"excerpt":{"rendered":"<p>\u00dczerindeki dekoratif aksesuarlar, \u00e7antaya hareket ve karakter kazand\u0131r\u0131rken genel g\u00f6r\u00fcn\u00fcm\u00fc yormadan \u015f\u0131kl\u0131\u011f\u0131 destekler. Materyal: Suni Deri Desen: D\u00fcz \u00d6l\u00e7\u00fcler: Astar: Astarl\u0131 \u0130\u00e7 Detaylar: Bir fermuarl\u0131 b\u00f6lme, bir fermuarl\u0131 i\u00e7 cep<\/p>\n","protected":false},"featured_media":82801,"comment_status":"open","ping_status":"closed","template":"","meta":[],"product_brand":[],"product_cat":[6960,6957],"product_tag":[],"class_list":{"0":"post-82810","1":"product","2":"type-product","3":"status-publish","4":"has-post-thumbnail","6":"product_cat-cantalar","7":"product_cat-cantalar-el-cantalari","8":"pa_color-siyah","9":"pa_size-std","11":"first","12":"outofstock","13":"shipping-taxable","14":"product-type-variable"},"_links":{"self":[{"href":"https:\/\/mod.wisdar.net\/tr\/wp-json\/wp\/v2\/product\/82810","targetHints":{"allow":["GET"]}}],"collection":[{"href":"https:\/\/mod.wisdar.net\/tr\/wp-json\/wp\/v2\/product"}],"about":[{"href":"https:\/\/mod.wisdar.net\/tr\/wp-json\/wp\/v2\/types\/product"}],"replies":[{"embeddable":true,"href":"https:\/\/mod.wisdar.net\/tr\/wp-json\/wp\/v2\/comments?post=82810"}],"wp:featuredmedia":[{"embeddable":true,"href":"https:\/\/mod.wisdar.net\/tr\/wp-json\/wp\/v2\/media\/82801"}],"wp:attachment":[{"href":"https:\/\/mod.wisdar.net\/tr\/wp-json\/wp\/v2\/media?parent=82810"}],"wp:term":[{"taxonomy":"product_brand","embeddable":true,"href":"https:\/\/mod.wisdar.net\/tr\/wp-json\/wp\/v2\/product_brand?post=82810"},{"taxonomy":"product_cat","embeddable":true,"href":"https:\/\/mod.wisdar.net\/tr\/wp-json\/wp\/v2\/product_cat?post=82810"},{"taxonomy":"product_tag","embeddable":true,"href":"https:\/\/mod.wisdar.net\/tr\/wp-json\/wp\/v2\/product_tag?post=82810"}],"curies":[{"name":"wp","href":"https:\/\/api.w.org\/{rel}","templated":true}]}}