{"id":82830,"date":"2026-02-01T11:42:15","date_gmt":"2026-02-01T11:42:15","guid":{"rendered":"https:\/\/modesthanim.com\/product\/aksesuar-detayli-canta-bordo-2\/"},"modified":"2026-02-26T06:13:35","modified_gmt":"2026-02-26T06:13:35","slug":"aksesuar-detayli-canta-bordo-2","status":"publish","type":"product","link":"https:\/\/mod.wisdar.net\/tr\/urun\/aksesuar-detayli-canta-bordo-2\/","title":{"rendered":"Aksesuar Detayl\u0131 \u00c7anta \u2013 Bordo"},"content":{"rendered":"<p>\u00dczerindeki dekoratif aksesuarlar, \u00e7antaya hareket ve karakter kazand\u0131r\u0131rken genel g\u00f6r\u00fcn\u00fcm\u00fc yormadan \u015f\u0131kl\u0131\u011f\u0131 destekler.<br \/>\nMateryal: Suni Deri<br \/>\nDesen: D\u00fcz<br \/>\n\u00d6l\u00e7\u00fcler:<br \/>\nAstar: Astarl\u0131<br \/>\n\u0130\u00e7 Detaylar: Bir fermuarl\u0131 b\u00f6lme, bir fermuarl\u0131 i\u00e7 cep<\/p>\n","protected":false},"excerpt":{"rendered":"<p>\u00dczerindeki dekoratif aksesuarlar, \u00e7antaya hareket ve karakter kazand\u0131r\u0131rken genel g\u00f6r\u00fcn\u00fcm\u00fc yormadan \u015f\u0131kl\u0131\u011f\u0131 destekler. Materyal: Suni Deri Desen: D\u00fcz \u00d6l\u00e7\u00fcler: Astar: Astarl\u0131 \u0130\u00e7 Detaylar: Bir fermuarl\u0131 b\u00f6lme, bir fermuarl\u0131 i\u00e7 cep<\/p>\n","protected":false},"featured_media":82825,"comment_status":"open","ping_status":"closed","template":"","meta":[],"product_brand":[],"product_cat":[6960,6957],"product_tag":[7149,7150,7075,7016,6995,6998],"class_list":{"0":"post-82830","1":"product","2":"type-product","3":"status-publish","4":"has-post-thumbnail","6":"product_cat-cantalar","7":"product_cat-cantalar-el-cantalari","8":"product_tag-aksesuar-detayli","9":"product_tag-bordo","10":"product_tag-canta","11":"product_tag-kadin-cantasi","12":"product_tag-moda-aksesuari","13":"product_tag-suni-deri","14":"pa_color-bordo","15":"pa_size-std","17":"first","18":"outofstock","19":"shipping-taxable","20":"product-type-variable"},"_links":{"self":[{"href":"https:\/\/mod.wisdar.net\/tr\/wp-json\/wp\/v2\/product\/82830","targetHints":{"allow":["GET"]}}],"collection":[{"href":"https:\/\/mod.wisdar.net\/tr\/wp-json\/wp\/v2\/product"}],"about":[{"href":"https:\/\/mod.wisdar.net\/tr\/wp-json\/wp\/v2\/types\/product"}],"replies":[{"embeddable":true,"href":"https:\/\/mod.wisdar.net\/tr\/wp-json\/wp\/v2\/comments?post=82830"}],"wp:featuredmedia":[{"embeddable":true,"href":"https:\/\/mod.wisdar.net\/tr\/wp-json\/wp\/v2\/media\/82825"}],"wp:attachment":[{"href":"https:\/\/mod.wisdar.net\/tr\/wp-json\/wp\/v2\/media?parent=82830"}],"wp:term":[{"taxonomy":"product_brand","embeddable":true,"href":"https:\/\/mod.wisdar.net\/tr\/wp-json\/wp\/v2\/product_brand?post=82830"},{"taxonomy":"product_cat","embeddable":true,"href":"https:\/\/mod.wisdar.net\/tr\/wp-json\/wp\/v2\/product_cat?post=82830"},{"taxonomy":"product_tag","embeddable":true,"href":"https:\/\/mod.wisdar.net\/tr\/wp-json\/wp\/v2\/product_tag?post=82830"}],"curies":[{"name":"wp","href":"https:\/\/api.w.org\/{rel}","templated":true}]}}