{"id":82910,"date":"2026-02-01T11:43:53","date_gmt":"2026-02-01T11:43:53","guid":{"rendered":"https:\/\/modesthanim.com\/product\/deri-kemerli-kanvas-canta-siyah\/"},"modified":"2026-03-07T22:01:41","modified_gmt":"2026-03-07T22:01:41","slug":"deri-kemerli-kanvas-canta-siyah","status":"publish","type":"product","link":"https:\/\/mod.wisdar.net\/tr\/urun\/deri-kemerli-kanvas-canta-siyah\/","title":{"rendered":"Deri Kemerli Kanvas \u00c7anta \u2013 Siyah"},"content":{"rendered":"<p>Dayan\u0131kl\u0131 kanvas dokusunu hakiki deri detaylarla bir araya getiren bu \u00e7anta, hem sa\u011flaml\u0131\u011f\u0131 hem de \u015f\u0131kl\u0131\u011f\u0131yla \u00f6ne \u00e7\u0131kar.<br \/>\nMateryal: %100 Deri<br \/>\nDesen: D\u00fcz<br \/>\n\u00d6l\u00e7\u00fcler: 33 x 37 cm<br \/>\nAstar: Astarl\u0131<br \/>\nD\u0131\u015f Detaylar: Kancal\u0131 Kapama<br \/>\n\u0130\u00e7 Detaylar: \u0130ki B\u00f6lme, Bir fermuarl\u0131 i\u00e7 cep<\/p>\n","protected":false},"excerpt":{"rendered":"<p>Dayan\u0131kl\u0131 kanvas dokusunu hakiki deri detaylarla bir araya getiren bu \u00e7anta, hem sa\u011flaml\u0131\u011f\u0131 hem de \u015f\u0131kl\u0131\u011f\u0131yla \u00f6ne \u00e7\u0131kar. Materyal: %100 Deri Desen: D\u00fcz \u00d6l\u00e7\u00fcler: 33 x 37 cm Astar: Astarl\u0131 D\u0131\u015f Detaylar: Kancal\u0131 Kapama \u0130\u00e7 Detaylar: \u0130ki B\u00f6lme, Bir fermuarl\u0131 i\u00e7 cep<\/p>\n","protected":false},"featured_media":82901,"comment_status":"open","ping_status":"closed","template":"","meta":[],"product_brand":[],"product_cat":[6960,6957],"product_tag":[],"class_list":{"0":"post-82910","1":"product","2":"type-product","3":"status-publish","4":"has-post-thumbnail","6":"product_cat-cantalar","7":"product_cat-cantalar-el-cantalari","8":"pa_color-siyah","9":"pa_size-std","11":"first","12":"outofstock","13":"shipping-taxable","14":"product-type-variable"},"_links":{"self":[{"href":"https:\/\/mod.wisdar.net\/tr\/wp-json\/wp\/v2\/product\/82910","targetHints":{"allow":["GET"]}}],"collection":[{"href":"https:\/\/mod.wisdar.net\/tr\/wp-json\/wp\/v2\/product"}],"about":[{"href":"https:\/\/mod.wisdar.net\/tr\/wp-json\/wp\/v2\/types\/product"}],"replies":[{"embeddable":true,"href":"https:\/\/mod.wisdar.net\/tr\/wp-json\/wp\/v2\/comments?post=82910"}],"wp:featuredmedia":[{"embeddable":true,"href":"https:\/\/mod.wisdar.net\/tr\/wp-json\/wp\/v2\/media\/82901"}],"wp:attachment":[{"href":"https:\/\/mod.wisdar.net\/tr\/wp-json\/wp\/v2\/media?parent=82910"}],"wp:term":[{"taxonomy":"product_brand","embeddable":true,"href":"https:\/\/mod.wisdar.net\/tr\/wp-json\/wp\/v2\/product_brand?post=82910"},{"taxonomy":"product_cat","embeddable":true,"href":"https:\/\/mod.wisdar.net\/tr\/wp-json\/wp\/v2\/product_cat?post=82910"},{"taxonomy":"product_tag","embeddable":true,"href":"https:\/\/mod.wisdar.net\/tr\/wp-json\/wp\/v2\/product_tag?post=82910"}],"curies":[{"name":"wp","href":"https:\/\/api.w.org\/{rel}","templated":true}]}}