{"id":83015,"date":"2026-02-01T11:46:13","date_gmt":"2026-02-01T11:46:13","guid":{"rendered":"https:\/\/modesthanim.com\/product\/fermuarli-mini-cuzdan-koyu-kahve\/"},"modified":"2026-04-09T10:02:12","modified_gmt":"2026-04-09T10:02:12","slug":"fermuarli-mini-cuzdan-koyu-kahve","status":"publish","type":"product","link":"https:\/\/mod.wisdar.net\/tr\/urun\/fermuarli-mini-cuzdan-koyu-kahve\/","title":{"rendered":"Fermuarl\u0131 Mini C\u00fczdan \u2013 Koyu Kahve"},"content":{"rendered":"<p>Fermuarl\u0131 tasar\u0131m\u0131yla g\u00fcvenli kullan\u0131m sunan bu mini c\u00fczdan, k\u00fc\u00e7\u00fck boyutuna ra\u011fmen d\u00fczenli i\u00e7 yap\u0131s\u0131yla g\u00fcnl\u00fck ihtiya\u00e7lar\u0131n\u0131z\u0131 pratik \u015fekilde ta\u015f\u0131r. Minimal silueti \u015fehir stiline modern ve zarif bir dokunu\u015f katarken, hafif yap\u0131s\u0131 \u00e7anta i\u00e7inde kolayl\u0131k sa\u011flar.<br \/>\nMateryal: Suni Deri<br \/>\nDesen: D\u00fcz<br \/>\n\u00d6l\u00e7\u00fcler:<br \/>\nAstar: Astars\u0131z<br \/>\nD\u0131\u015f Detaylar: Bir fermuarl\u0131 b\u00f6lme<br \/>\n\u0130\u00e7 Detaylar: Bir fermuarl\u0131 ana b\u00f6lme, Ana b\u00f6lme i\u00e7inde iki i\u00e7 b\u00f6lme, Kartl\u0131k<\/p>\n","protected":false},"excerpt":{"rendered":"<p>Fermuarl\u0131 tasar\u0131m\u0131yla g\u00fcvenli kullan\u0131m sunan bu mini c\u00fczdan, k\u00fc\u00e7\u00fck boyutuna ra\u011fmen d\u00fczenli i\u00e7 yap\u0131s\u0131yla g\u00fcnl\u00fck ihtiya\u00e7lar\u0131n\u0131z\u0131 pratik \u015fekilde ta\u015f\u0131r. Minimal silueti \u015fehir stiline modern ve zarif bir dokunu\u015f katarken, hafif yap\u0131s\u0131 \u00e7anta i\u00e7inde kolayl\u0131k sa\u011flar. Materyal: Suni Deri Desen: D\u00fcz \u00d6l\u00e7\u00fcler: Astar: Astars\u0131z D\u0131\u015f Detaylar: Bir fermuarl\u0131 b\u00f6lme \u0130\u00e7 Detaylar: Bir fermuarl\u0131 ana b\u00f6lme, Ana [&hellip;]<\/p>\n","protected":false},"featured_media":83012,"comment_status":"open","ping_status":"closed","template":"","meta":[],"product_brand":[],"product_cat":[6957,6963],"product_tag":[7188,7190,7213,7187,7210,6825,7100],"class_list":{"0":"post-83015","1":"product","2":"type-product","3":"status-publish","4":"has-post-thumbnail","6":"product_cat-cantalar-el-cantalari","7":"product_cat-cuzdanlar","8":"product_tag-fermuarli-cuzdan","9":"product_tag-kompakt-cuzdan","10":"product_tag-koyu-kahverengi-cuzdan","11":"product_tag-mini-cuzdan","12":"product_tag-modern-aksesuar","13":"product_tag-sehir-stili","14":"product_tag-suni-deri-2","15":"pa_brand-tugba","16":"pa_color-koyu-kahve","17":"pa_size-std","19":"first","20":"outofstock","21":"shipping-taxable","22":"product-type-variable"},"_links":{"self":[{"href":"https:\/\/mod.wisdar.net\/tr\/wp-json\/wp\/v2\/product\/83015","targetHints":{"allow":["GET"]}}],"collection":[{"href":"https:\/\/mod.wisdar.net\/tr\/wp-json\/wp\/v2\/product"}],"about":[{"href":"https:\/\/mod.wisdar.net\/tr\/wp-json\/wp\/v2\/types\/product"}],"replies":[{"embeddable":true,"href":"https:\/\/mod.wisdar.net\/tr\/wp-json\/wp\/v2\/comments?post=83015"}],"wp:featuredmedia":[{"embeddable":true,"href":"https:\/\/mod.wisdar.net\/tr\/wp-json\/wp\/v2\/media\/83012"}],"wp:attachment":[{"href":"https:\/\/mod.wisdar.net\/tr\/wp-json\/wp\/v2\/media?parent=83015"}],"wp:term":[{"taxonomy":"product_brand","embeddable":true,"href":"https:\/\/mod.wisdar.net\/tr\/wp-json\/wp\/v2\/product_brand?post=83015"},{"taxonomy":"product_cat","embeddable":true,"href":"https:\/\/mod.wisdar.net\/tr\/wp-json\/wp\/v2\/product_cat?post=83015"},{"taxonomy":"product_tag","embeddable":true,"href":"https:\/\/mod.wisdar.net\/tr\/wp-json\/wp\/v2\/product_tag?post=83015"}],"curies":[{"name":"wp","href":"https:\/\/api.w.org\/{rel}","templated":true}]}}