{"id":83038,"date":"2026-02-01T11:46:50","date_gmt":"2026-02-01T11:46:50","guid":{"rendered":"https:\/\/modesthanim.com\/product\/fermuarli-deri-kart-cuzdani-kahve\/"},"modified":"2026-02-01T11:46:50","modified_gmt":"2026-02-01T11:46:50","slug":"fermuarli-deri-kart-cuzdani-kahve","status":"publish","type":"product","link":"https:\/\/mod.wisdar.net\/tr\/urun\/fermuarli-deri-kart-cuzdani-kahve\/","title":{"rendered":"Fermuarl\u0131 Deri Kart C\u00fczdan\u0131 \u2013 Kahve"},"content":{"rendered":"<p>Fermuarl\u0131 deri kart c\u00fczdan\u0131, d\u00fczenli ve g\u00fcvenli kullan\u0131m sunan pratik bir tasar\u0131ma sahiptir. Hakiki deri yap\u0131s\u0131 sa\u011flam bir g\u00f6r\u00fcn\u00fcm sa\u011flar ve uzun \u00f6m\u00fcrl\u00fc dayan\u0131kl\u0131l\u0131k garanti eder.<br \/>\nMalzeme: %100 Deri<br \/>\nDesen: D\u00fcz<br \/>\nBoyutlar:<br \/>\nAstar: Astars\u0131z<br \/>\nD\u0131\u015f Detaylar: Kart yuvas\u0131 b\u00f6lmesi<br \/>\n\u0130\u00e7 Detaylar: Bir fermuarl\u0131 b\u00f6lme <\/p>\n","protected":false},"excerpt":{"rendered":"<p>Fermuarl\u0131 deri kart c\u00fczdan\u0131, d\u00fczenli ve g\u00fcvenli kullan\u0131m sunan pratik bir tasar\u0131ma sahiptir. Hakiki deri yap\u0131s\u0131 sa\u011flam bir g\u00f6r\u00fcn\u00fcm sa\u011flar ve uzun \u00f6m\u00fcrl\u00fc dayan\u0131kl\u0131l\u0131k garanti eder. Malzeme: %100 Deri Desen: D\u00fcz Boyutlar: Astar: Astars\u0131z D\u0131\u015f Detaylar: Kart yuvas\u0131 b\u00f6lmesi \u0130\u00e7 Detaylar: Bir fermuarl\u0131 b\u00f6lme<\/p>\n","protected":false},"featured_media":0,"comment_status":"open","ping_status":"closed","template":"","meta":[],"product_brand":[],"product_cat":[6957,6963],"product_tag":[7226,7228,7188,7227,7225,7229],"class_list":{"0":"post-83038","1":"product","2":"type-product","3":"status-publish","5":"product_cat-cantalar-el-cantalari","6":"product_cat-cuzdanlar","7":"product_tag-deri-kart-cuzdani","8":"product_tag-erkek-aksesuari","9":"product_tag-fermuarli-cuzdan","10":"product_tag-hakiki-deri","11":"product_tag-kahve-kahverengi","12":"product_tag-minimalist-cuzdan","13":"pa_color-kahve","14":"pa_size-std","16":"first","17":"instock","18":"shipping-taxable","19":"purchasable","20":"product-type-variable"},"_links":{"self":[{"href":"https:\/\/mod.wisdar.net\/tr\/wp-json\/wp\/v2\/product\/83038","targetHints":{"allow":["GET"]}}],"collection":[{"href":"https:\/\/mod.wisdar.net\/tr\/wp-json\/wp\/v2\/product"}],"about":[{"href":"https:\/\/mod.wisdar.net\/tr\/wp-json\/wp\/v2\/types\/product"}],"replies":[{"embeddable":true,"href":"https:\/\/mod.wisdar.net\/tr\/wp-json\/wp\/v2\/comments?post=83038"}],"wp:attachment":[{"href":"https:\/\/mod.wisdar.net\/tr\/wp-json\/wp\/v2\/media?parent=83038"}],"wp:term":[{"taxonomy":"product_brand","embeddable":true,"href":"https:\/\/mod.wisdar.net\/tr\/wp-json\/wp\/v2\/product_brand?post=83038"},{"taxonomy":"product_cat","embeddable":true,"href":"https:\/\/mod.wisdar.net\/tr\/wp-json\/wp\/v2\/product_cat?post=83038"},{"taxonomy":"product_tag","embeddable":true,"href":"https:\/\/mod.wisdar.net\/tr\/wp-json\/wp\/v2\/product_tag?post=83038"}],"curies":[{"name":"wp","href":"https:\/\/api.w.org\/{rel}","templated":true}]}}