{"id":83076,"date":"2026-02-01T11:47:42","date_gmt":"2026-02-01T11:47:42","guid":{"rendered":"https:\/\/modesthanim.com\/product\/fermuarli-deri-kartlik-lacivert-2\/"},"modified":"2026-04-02T02:21:12","modified_gmt":"2026-04-02T02:21:12","slug":"fermuarli-deri-kartlik-lacivert-2","status":"publish","type":"product","link":"https:\/\/mod.wisdar.net\/tr\/urun\/fermuarli-deri-kartlik-lacivert-2\/","title":{"rendered":"Fermuarl\u0131 Deri Kartl\u0131k \u2013 Lacivert"},"content":{"rendered":"<p>Fermuarl\u0131 deri kartl\u0131k, d\u00fczenli ve g\u00fcvenli kullan\u0131m sunan pratik bir tasar\u0131ma sahiptir. Hakiki deri yap\u0131s\u0131, tok bir duru\u015f ve uzun s\u00fcreli kullan\u0131m sa\u011flar.<br \/>\nMateryal: %100 Deri<br \/>\nDesen: D\u00fcz<br \/>\n\u00d6l\u00e7\u00fcler:<br \/>\nAstar: Astars\u0131z<br \/>\nD\u0131\u015f Detaylar: Kartl\u0131k b\u00f6lmesi<br \/>\n\u0130\u00e7 Detaylar: Bir fermuarl\u0131 b\u00f6lme<\/p>\n","protected":false},"excerpt":{"rendered":"<p>Fermuarl\u0131 deri kartl\u0131k, d\u00fczenli ve g\u00fcvenli kullan\u0131m sunan pratik bir tasar\u0131ma sahiptir. Hakiki deri yap\u0131s\u0131, tok bir duru\u015f ve uzun s\u00fcreli kullan\u0131m sa\u011flar. Materyal: %100 Deri Desen: D\u00fcz \u00d6l\u00e7\u00fcler: Astar: Astars\u0131z D\u0131\u015f Detaylar: Kartl\u0131k b\u00f6lmesi \u0130\u00e7 Detaylar: Bir fermuarl\u0131 b\u00f6lme<\/p>\n","protected":false},"featured_media":83069,"comment_status":"open","ping_status":"closed","template":"","meta":[],"product_brand":[],"product_cat":[6957,6963],"product_tag":[7226,7188,7227,7239,7238],"class_list":{"0":"post-83076","1":"product","2":"type-product","3":"status-publish","4":"has-post-thumbnail","6":"product_cat-cantalar-el-cantalari","7":"product_cat-cuzdanlar","8":"product_tag-deri-kart-cuzdani","9":"product_tag-fermuarli-cuzdan","10":"product_tag-hakiki-deri","11":"product_tag-kart-duzenleyici","12":"product_tag-lacivert","13":"pa_brand-tugba","14":"pa_color-lacivert","15":"pa_size-std","17":"first","18":"outofstock","19":"shipping-taxable","20":"product-type-variable"},"_links":{"self":[{"href":"https:\/\/mod.wisdar.net\/tr\/wp-json\/wp\/v2\/product\/83076","targetHints":{"allow":["GET"]}}],"collection":[{"href":"https:\/\/mod.wisdar.net\/tr\/wp-json\/wp\/v2\/product"}],"about":[{"href":"https:\/\/mod.wisdar.net\/tr\/wp-json\/wp\/v2\/types\/product"}],"replies":[{"embeddable":true,"href":"https:\/\/mod.wisdar.net\/tr\/wp-json\/wp\/v2\/comments?post=83076"}],"wp:featuredmedia":[{"embeddable":true,"href":"https:\/\/mod.wisdar.net\/tr\/wp-json\/wp\/v2\/media\/83069"}],"wp:attachment":[{"href":"https:\/\/mod.wisdar.net\/tr\/wp-json\/wp\/v2\/media?parent=83076"}],"wp:term":[{"taxonomy":"product_brand","embeddable":true,"href":"https:\/\/mod.wisdar.net\/tr\/wp-json\/wp\/v2\/product_brand?post=83076"},{"taxonomy":"product_cat","embeddable":true,"href":"https:\/\/mod.wisdar.net\/tr\/wp-json\/wp\/v2\/product_cat?post=83076"},{"taxonomy":"product_tag","embeddable":true,"href":"https:\/\/mod.wisdar.net\/tr\/wp-json\/wp\/v2\/product_tag?post=83076"}],"curies":[{"name":"wp","href":"https:\/\/api.w.org\/{rel}","templated":true}]}}