{"id":83130,"date":"2026-02-01T11:48:22","date_gmt":"2026-02-01T11:48:22","guid":{"rendered":"https:\/\/modesthanim.com\/product\/citcitli-kapatmali-mini-deri-cuzdan-bordo\/"},"modified":"2026-04-02T02:21:09","modified_gmt":"2026-04-02T02:21:09","slug":"citcitli-kapatmali-mini-deri-cuzdan-bordo","status":"publish","type":"product","link":"https:\/\/mod.wisdar.net\/tr\/urun\/citcitli-kapatmali-mini-deri-cuzdan-bordo\/","title":{"rendered":"\u00c7\u0131t\u00e7\u0131tl\u0131 Mini Deri C\u00fczdan \u2013 Bordo"},"content":{"rendered":"<p>\u00c7\u0131t\u00e7\u0131t kapama detay\u0131yla pratik ve g\u00fcvenli kullan\u0131m sunan bu mini c\u00fczdan, k\u00fc\u00e7\u00fck formuna ra\u011fmen d\u00fczenli i\u00e7 yap\u0131s\u0131yla g\u00fcnl\u00fck ihtiya\u00e7lar\u0131 kolayca ta\u015f\u0131r.<br \/>\nMateryal: %100 Deri<br \/>\nDesen: D\u00fcz<br \/>\n\u00d6l\u00e7\u00fcler: 7 x 12 cm<br \/>\nAstar: Astars\u0131z<br \/>\nD\u0131\u015f Detaylar: \u00c7\u0131t\u00e7\u0131t Kapama, Fermuar Kapam<br \/>\n\u0130\u00e7 Detaylar: \u00c7ift b\u00f6lmeli i\u00e7 yap\u0131<\/p>\n","protected":false},"excerpt":{"rendered":"<p>\u00c7\u0131t\u00e7\u0131t kapama detay\u0131yla pratik ve g\u00fcvenli kullan\u0131m sunan bu mini c\u00fczdan, k\u00fc\u00e7\u00fck formuna ra\u011fmen d\u00fczenli i\u00e7 yap\u0131s\u0131yla g\u00fcnl\u00fck ihtiya\u00e7lar\u0131 kolayca ta\u015f\u0131r. Materyal: %100 Deri Desen: D\u00fcz \u00d6l\u00e7\u00fcler: 7 x 12 cm Astar: Astars\u0131z D\u0131\u015f Detaylar: \u00c7\u0131t\u00e7\u0131t Kapama, Fermuar Kapam \u0130\u00e7 Detaylar: \u00c7ift b\u00f6lmeli i\u00e7 yap\u0131<\/p>\n","protected":false},"featured_media":83098,"comment_status":"open","ping_status":"closed","template":"","meta":[],"product_brand":[],"product_cat":[6957,6963],"product_tag":[7248,7244,7245,7145,7190,7187,6995],"class_list":{"0":"post-83130","1":"product","2":"type-product","3":"status-publish","4":"has-post-thumbnail","6":"product_cat-cantalar-el-cantalari","7":"product_cat-cuzdanlar","8":"product_tag-bordo-cuzdan","9":"product_tag-citcit-kapama","10":"product_tag-deri-cuzdan","11":"product_tag-kadin-aksesuari","12":"product_tag-kompakt-cuzdan","13":"product_tag-mini-cuzdan","14":"product_tag-moda-aksesuari","15":"pa_brand-tugba","16":"pa_color-siyah","17":"pa_size-std","19":"first","20":"outofstock","21":"shipping-taxable","22":"product-type-variable"},"_links":{"self":[{"href":"https:\/\/mod.wisdar.net\/tr\/wp-json\/wp\/v2\/product\/83130","targetHints":{"allow":["GET"]}}],"collection":[{"href":"https:\/\/mod.wisdar.net\/tr\/wp-json\/wp\/v2\/product"}],"about":[{"href":"https:\/\/mod.wisdar.net\/tr\/wp-json\/wp\/v2\/types\/product"}],"replies":[{"embeddable":true,"href":"https:\/\/mod.wisdar.net\/tr\/wp-json\/wp\/v2\/comments?post=83130"}],"wp:featuredmedia":[{"embeddable":true,"href":"https:\/\/mod.wisdar.net\/tr\/wp-json\/wp\/v2\/media\/83098"}],"wp:attachment":[{"href":"https:\/\/mod.wisdar.net\/tr\/wp-json\/wp\/v2\/media?parent=83130"}],"wp:term":[{"taxonomy":"product_brand","embeddable":true,"href":"https:\/\/mod.wisdar.net\/tr\/wp-json\/wp\/v2\/product_brand?post=83130"},{"taxonomy":"product_cat","embeddable":true,"href":"https:\/\/mod.wisdar.net\/tr\/wp-json\/wp\/v2\/product_cat?post=83130"},{"taxonomy":"product_tag","embeddable":true,"href":"https:\/\/mod.wisdar.net\/tr\/wp-json\/wp\/v2\/product_tag?post=83130"}],"curies":[{"name":"wp","href":"https:\/\/api.w.org\/{rel}","templated":true}]}}