{"id":83194,"date":"2026-02-01T11:49:41","date_gmt":"2026-02-01T11:49:41","guid":{"rendered":"https:\/\/modesthanim.com\/product\/dikdortgen-deri-cuzdan-taba-2\/"},"modified":"2026-02-01T11:50:00","modified_gmt":"2026-02-01T11:50:00","slug":"dikdortgen-deri-cuzdan-taba-2","status":"publish","type":"product","link":"https:\/\/mod.wisdar.net\/tr\/urun\/dikdortgen-deri-cuzdan-taba-2\/","title":{"rendered":"Dikd\u00f6rtgen Deri C\u00fczdan \u2013 Taba"},"content":{"rendered":"<p>Dikd\u00f6rtgen formu ve kaliteli deri dokusuyla \u00f6ne \u00e7\u0131kan bu c\u00fczdan, d\u00fczenli i\u00e7 yap\u0131s\u0131yla g\u00fcnl\u00fck kullan\u0131m\u0131 pratik hale getirir.<br \/>\nMateryal: %100 Deri<br \/>\nDesen: D\u00fcz<br \/>\n\u00d6l\u00e7\u00fcler: 9 x 19.5 cm<br \/>\nAstar: Astars\u0131z<br \/>\nD\u0131\u015f Detaylar: \u00c7\u0131t\u00e7\u0131t Kapama<br \/>\n\u0130\u00e7 Detaylar: \u00c7ok B\u00f6lmeli \u0130\u00e7 Tasar\u0131m, Fermuarl\u0131 B\u00f6lme, Kartl\u0131k B\u00f6lmesi<\/p>\n","protected":false},"excerpt":{"rendered":"<p>Dikd\u00f6rtgen formu ve kaliteli deri dokusuyla \u00f6ne \u00e7\u0131kan bu c\u00fczdan, d\u00fczenli i\u00e7 yap\u0131s\u0131yla g\u00fcnl\u00fck kullan\u0131m\u0131 pratik hale getirir. Materyal: %100 Deri Desen: D\u00fcz \u00d6l\u00e7\u00fcler: 9 x 19.5 cm Astar: Astars\u0131z D\u0131\u015f Detaylar: \u00c7\u0131t\u00e7\u0131t Kapama \u0130\u00e7 Detaylar: \u00c7ok B\u00f6lmeli \u0130\u00e7 Tasar\u0131m, Fermuarl\u0131 B\u00f6lme, Kartl\u0131k B\u00f6lmesi<\/p>\n","protected":false},"featured_media":83188,"comment_status":"open","ping_status":"closed","template":"","meta":[],"product_brand":[],"product_cat":[6957,6963],"product_tag":[],"class_list":{"0":"post-83194","1":"product","2":"type-product","3":"status-publish","4":"has-post-thumbnail","6":"product_cat-cantalar-el-cantalari","7":"product_cat-cuzdanlar","8":"pa_color-taba","9":"pa_size-std","11":"first","12":"instock","13":"shipping-taxable","14":"purchasable","15":"product-type-variable"},"_links":{"self":[{"href":"https:\/\/mod.wisdar.net\/tr\/wp-json\/wp\/v2\/product\/83194","targetHints":{"allow":["GET"]}}],"collection":[{"href":"https:\/\/mod.wisdar.net\/tr\/wp-json\/wp\/v2\/product"}],"about":[{"href":"https:\/\/mod.wisdar.net\/tr\/wp-json\/wp\/v2\/types\/product"}],"replies":[{"embeddable":true,"href":"https:\/\/mod.wisdar.net\/tr\/wp-json\/wp\/v2\/comments?post=83194"}],"wp:featuredmedia":[{"embeddable":true,"href":"https:\/\/mod.wisdar.net\/tr\/wp-json\/wp\/v2\/media\/83188"}],"wp:attachment":[{"href":"https:\/\/mod.wisdar.net\/tr\/wp-json\/wp\/v2\/media?parent=83194"}],"wp:term":[{"taxonomy":"product_brand","embeddable":true,"href":"https:\/\/mod.wisdar.net\/tr\/wp-json\/wp\/v2\/product_brand?post=83194"},{"taxonomy":"product_cat","embeddable":true,"href":"https:\/\/mod.wisdar.net\/tr\/wp-json\/wp\/v2\/product_cat?post=83194"},{"taxonomy":"product_tag","embeddable":true,"href":"https:\/\/mod.wisdar.net\/tr\/wp-json\/wp\/v2\/product_tag?post=83194"}],"curies":[{"name":"wp","href":"https:\/\/api.w.org\/{rel}","templated":true}]}}