{"id":83213,"date":"2026-02-01T11:50:08","date_gmt":"2026-02-01T11:50:08","guid":{"rendered":"https:\/\/modesthanim.com\/product\/citcit-kapakli-krokodil-cuzdan-siyah\/"},"modified":"2026-02-01T11:50:26","modified_gmt":"2026-02-01T11:50:26","slug":"citcit-kapakli-krokodil-cuzdan-siyah","status":"publish","type":"product","link":"https:\/\/mod.wisdar.net\/tr\/urun\/citcit-kapakli-krokodil-cuzdan-siyah\/","title":{"rendered":"\u00c7\u0131t\u00e7\u0131t Kapakl\u0131 Krokodil C\u00fczdan \u2013 Siyah"},"content":{"rendered":"<p>Krokodil desenli deri y\u00fczeyiyle \u00f6ne \u00e7\u0131kan bu c\u00fczdan, \u00e7\u0131t\u00e7\u0131t kapak detay\u0131 sayesinde g\u00fcvenli ve pratik bir kullan\u0131m sunar.<br \/>\nMateryal: Suni Deri<br \/>\nDesen: Krokodil Desen<br \/>\n\u00d6l\u00e7\u00fcler: 9 x 16.5 cm<br \/>\nAstar: Astarl\u0131<br \/>\nD\u0131\u015f Detaylar: \u00c7\u0131t\u00e7\u0131t Kapama, Fermuar Kapama<br \/>\n\u0130\u00e7 Detaylar: \u00c7ok B\u00f6lmeli \u0130\u00e7 Tasar\u0131m, Fermuarl\u0131 B\u00f6lme, Kartl\u0131k B\u00f6lmesi<\/p>\n","protected":false},"excerpt":{"rendered":"<p>Krokodil desenli deri y\u00fczeyiyle \u00f6ne \u00e7\u0131kan bu c\u00fczdan, \u00e7\u0131t\u00e7\u0131t kapak detay\u0131 sayesinde g\u00fcvenli ve pratik bir kullan\u0131m sunar. Materyal: Suni Deri Desen: Krokodil Desen \u00d6l\u00e7\u00fcler: 9 x 16.5 cm Astar: Astarl\u0131 D\u0131\u015f Detaylar: \u00c7\u0131t\u00e7\u0131t Kapama, Fermuar Kapama \u0130\u00e7 Detaylar: \u00c7ok B\u00f6lmeli \u0130\u00e7 Tasar\u0131m, Fermuarl\u0131 B\u00f6lme, Kartl\u0131k B\u00f6lmesi<\/p>\n","protected":false},"featured_media":83207,"comment_status":"open","ping_status":"closed","template":"","meta":[],"product_brand":[],"product_cat":[6957,6963],"product_tag":[7244,7255,7100,7254],"class_list":{"0":"post-83213","1":"product","2":"type-product","3":"status-publish","4":"has-post-thumbnail","6":"product_cat-cantalar-el-cantalari","7":"product_cat-cuzdanlar","8":"product_tag-citcit-kapama","9":"product_tag-cok-bolmeli","10":"product_tag-suni-deri-2","11":"product_tag-timsah-deseni","12":"pa_color-siyah","13":"pa_size-std","15":"first","16":"instock","17":"shipping-taxable","18":"purchasable","19":"product-type-variable"},"_links":{"self":[{"href":"https:\/\/mod.wisdar.net\/tr\/wp-json\/wp\/v2\/product\/83213","targetHints":{"allow":["GET"]}}],"collection":[{"href":"https:\/\/mod.wisdar.net\/tr\/wp-json\/wp\/v2\/product"}],"about":[{"href":"https:\/\/mod.wisdar.net\/tr\/wp-json\/wp\/v2\/types\/product"}],"replies":[{"embeddable":true,"href":"https:\/\/mod.wisdar.net\/tr\/wp-json\/wp\/v2\/comments?post=83213"}],"wp:featuredmedia":[{"embeddable":true,"href":"https:\/\/mod.wisdar.net\/tr\/wp-json\/wp\/v2\/media\/83207"}],"wp:attachment":[{"href":"https:\/\/mod.wisdar.net\/tr\/wp-json\/wp\/v2\/media?parent=83213"}],"wp:term":[{"taxonomy":"product_brand","embeddable":true,"href":"https:\/\/mod.wisdar.net\/tr\/wp-json\/wp\/v2\/product_brand?post=83213"},{"taxonomy":"product_cat","embeddable":true,"href":"https:\/\/mod.wisdar.net\/tr\/wp-json\/wp\/v2\/product_cat?post=83213"},{"taxonomy":"product_tag","embeddable":true,"href":"https:\/\/mod.wisdar.net\/tr\/wp-json\/wp\/v2\/product_tag?post=83213"}],"curies":[{"name":"wp","href":"https:\/\/api.w.org\/{rel}","templated":true}]}}