{"id":83269,"date":"2026-02-01T11:51:01","date_gmt":"2026-02-01T11:51:01","guid":{"rendered":"https:\/\/modesthanim.com\/product\/deri-krokodil-cuzdan-aci-kahve\/"},"modified":"2026-02-01T11:51:29","modified_gmt":"2026-02-01T11:51:29","slug":"deri-krokodil-cuzdan-aci-kahve","status":"publish","type":"product","link":"https:\/\/mod.wisdar.net\/tr\/urun\/deri-krokodil-cuzdan-aci-kahve\/","title":{"rendered":"Deri Krokodil C\u00fczdan \u2013 Ac\u0131 Kahve"},"content":{"rendered":"<p>Krokodil desenli deri y\u00fczeyiyle dikkat \u00e7eken bu c\u00fczdan, klasik formuna sofistike bir karakter kazand\u0131r\u0131r. Kompakt ve d\u00fczenli i\u00e7 yap\u0131s\u0131 g\u00fcnl\u00fck kullan\u0131m\u0131 pratik hale getirirken, dokulu deri g\u00f6r\u00fcn\u00fcm\u00fc stil sahibi bir duru\u015f sunar.<br \/>\nMateryal: %100 Deri<br \/>\nDesen: Krokodil Desen<br \/>\n\u00d6l\u00e7\u00fcler: 9 x 16.5 cm<br \/>\nAstar: Astars\u0131z<br \/>\nD\u0131\u015f Detaylar: \u00c7\u0131t\u00e7\u0131t Kapama<br \/>\n\u0130\u00e7 Detaylar: Fermuarl\u0131 B\u00f6lme, Kartl\u0131k B\u00f6lmesi<\/p>\n","protected":false},"excerpt":{"rendered":"<p>Krokodil desenli deri y\u00fczeyiyle dikkat \u00e7eken bu c\u00fczdan, klasik formuna sofistike bir karakter kazand\u0131r\u0131r. Kompakt ve d\u00fczenli i\u00e7 yap\u0131s\u0131 g\u00fcnl\u00fck kullan\u0131m\u0131 pratik hale getirirken, dokulu deri g\u00f6r\u00fcn\u00fcm\u00fc stil sahibi bir duru\u015f sunar. Materyal: %100 Deri Desen: Krokodil Desen \u00d6l\u00e7\u00fcler: 9 x 16.5 cm Astar: Astars\u0131z D\u0131\u015f Detaylar: \u00c7\u0131t\u00e7\u0131t Kapama \u0130\u00e7 Detaylar: Fermuarl\u0131 B\u00f6lme, Kartl\u0131k B\u00f6lmesi<\/p>\n","protected":false},"featured_media":83254,"comment_status":"open","ping_status":"closed","template":"","meta":[],"product_brand":[],"product_cat":[6957,6963],"product_tag":[7245,7225,7190,6995,7254],"class_list":{"0":"post-83269","1":"product","2":"type-product","3":"status-publish","4":"has-post-thumbnail","6":"product_cat-cantalar-el-cantalari","7":"product_cat-cuzdanlar","8":"product_tag-deri-cuzdan","9":"product_tag-kahve-kahverengi","10":"product_tag-kompakt-cuzdan","11":"product_tag-moda-aksesuari","12":"product_tag-timsah-deseni","13":"pa_color-aci-kahve-1","14":"pa_size-std","16":"first","17":"instock","18":"shipping-taxable","19":"purchasable","20":"product-type-variable"},"_links":{"self":[{"href":"https:\/\/mod.wisdar.net\/tr\/wp-json\/wp\/v2\/product\/83269","targetHints":{"allow":["GET"]}}],"collection":[{"href":"https:\/\/mod.wisdar.net\/tr\/wp-json\/wp\/v2\/product"}],"about":[{"href":"https:\/\/mod.wisdar.net\/tr\/wp-json\/wp\/v2\/types\/product"}],"replies":[{"embeddable":true,"href":"https:\/\/mod.wisdar.net\/tr\/wp-json\/wp\/v2\/comments?post=83269"}],"wp:featuredmedia":[{"embeddable":true,"href":"https:\/\/mod.wisdar.net\/tr\/wp-json\/wp\/v2\/media\/83254"}],"wp:attachment":[{"href":"https:\/\/mod.wisdar.net\/tr\/wp-json\/wp\/v2\/media?parent=83269"}],"wp:term":[{"taxonomy":"product_brand","embeddable":true,"href":"https:\/\/mod.wisdar.net\/tr\/wp-json\/wp\/v2\/product_brand?post=83269"},{"taxonomy":"product_cat","embeddable":true,"href":"https:\/\/mod.wisdar.net\/tr\/wp-json\/wp\/v2\/product_cat?post=83269"},{"taxonomy":"product_tag","embeddable":true,"href":"https:\/\/mod.wisdar.net\/tr\/wp-json\/wp\/v2\/product_tag?post=83269"}],"curies":[{"name":"wp","href":"https:\/\/api.w.org\/{rel}","templated":true}]}}