{"id":83336,"date":"2026-02-01T11:52:28","date_gmt":"2026-02-01T11:52:28","guid":{"rendered":"https:\/\/modesthanim.com\/product\/siyah-deri-tote-canta\/"},"modified":"2026-02-26T06:20:10","modified_gmt":"2026-02-26T06:20:10","slug":"siyah-deri-tote-canta","status":"publish","type":"product","link":"https:\/\/mod.wisdar.net\/tr\/urun\/siyah-deri-tote-canta\/","title":{"rendered":"Siyah Deri Tote \u00c7anta"},"content":{"rendered":"<p>Zarafet, konfor ve i\u015flevselli\u011fi tek bir \u00fcr\u00fcnde birle\u015ftirdik! Bu muhte\u015fem deri tote \u00e7anta, g\u00fcn boyunca vazge\u00e7ilmez aksesuar\u0131n\u0131z olacak. Ayarlanabilir omuz ask\u0131s\u0131 sayesinde elinizde veya omzunuzda rahatl\u0131kla ta\u015f\u0131yabilir, \u00e7\u0131t\u00e7\u0131t kapa\u011f\u0131 ile e\u015fyalar\u0131n\u0131z\u0131 g\u00fcvende tutabilirsiniz. Geni\u015f i\u00e7 k\u0131sm\u0131, c\u00fczdan\u0131n\u0131zdan kitaplar\u0131n\u0131za kadar her \u015feyi kolayca al\u0131r. \u0130\u015fe giderken veya hafta sonu kahve molas\u0131 verirken&#8230; Bu \u00e7anta, her k\u0131yafeti tamamlayan m\u00fckemmel &#8216;beni-her-yere-g\u00f6t\u00fcr&#8217; par\u00e7as\u0131d\u0131r! \u00d6L\u00c7\u00dcLER: Geni\u015flik: 27 cm Y\u00fckseklik: 30 cm Derinlik: 27 cm<\/p>\n","protected":false},"excerpt":{"rendered":"<p>Zarafet, konfor ve i\u015flevselli\u011fi tek bir \u00fcr\u00fcnde birle\u015ftirdik! Bu muhte\u015fem deri tote \u00e7anta, g\u00fcn boyunca vazge\u00e7ilmez aksesuar\u0131n\u0131z olacak. Ayarlanabilir omuz ask\u0131s\u0131 sayesinde elinizde veya omzunuzda rahatl\u0131kla ta\u015f\u0131yabilir, \u00e7\u0131t\u00e7\u0131t kapa\u011f\u0131 ile e\u015fyalar\u0131n\u0131z\u0131 g\u00fcvende tutabilirsiniz. Geni\u015f i\u00e7 k\u0131sm\u0131, c\u00fczdan\u0131n\u0131zdan kitaplar\u0131n\u0131za kadar her \u015feyi kolayca al\u0131r. \u0130\u015fe giderken veya hafta sonu kahve molas\u0131 verirken&#8230; Bu \u00e7anta, her k\u0131yafeti [&hellip;]<\/p>\n","protected":false},"featured_media":83320,"comment_status":"open","ping_status":"closed","template":"","meta":[],"product_brand":[],"product_cat":[6960,6957],"product_tag":[],"class_list":{"0":"post-83336","1":"product","2":"type-product","3":"status-publish","4":"has-post-thumbnail","6":"product_cat-cantalar","7":"product_cat-cantalar-el-cantalari","8":"pa_brand-he-qa","9":"pa_color-siyah","10":"pa_size-standart","12":"first","13":"outofstock","14":"shipping-taxable","15":"product-type-variable"},"_links":{"self":[{"href":"https:\/\/mod.wisdar.net\/tr\/wp-json\/wp\/v2\/product\/83336","targetHints":{"allow":["GET"]}}],"collection":[{"href":"https:\/\/mod.wisdar.net\/tr\/wp-json\/wp\/v2\/product"}],"about":[{"href":"https:\/\/mod.wisdar.net\/tr\/wp-json\/wp\/v2\/types\/product"}],"replies":[{"embeddable":true,"href":"https:\/\/mod.wisdar.net\/tr\/wp-json\/wp\/v2\/comments?post=83336"}],"wp:featuredmedia":[{"embeddable":true,"href":"https:\/\/mod.wisdar.net\/tr\/wp-json\/wp\/v2\/media\/83320"}],"wp:attachment":[{"href":"https:\/\/mod.wisdar.net\/tr\/wp-json\/wp\/v2\/media?parent=83336"}],"wp:term":[{"taxonomy":"product_brand","embeddable":true,"href":"https:\/\/mod.wisdar.net\/tr\/wp-json\/wp\/v2\/product_brand?post=83336"},{"taxonomy":"product_cat","embeddable":true,"href":"https:\/\/mod.wisdar.net\/tr\/wp-json\/wp\/v2\/product_cat?post=83336"},{"taxonomy":"product_tag","embeddable":true,"href":"https:\/\/mod.wisdar.net\/tr\/wp-json\/wp\/v2\/product_tag?post=83336"}],"curies":[{"name":"wp","href":"https:\/\/api.w.org\/{rel}","templated":true}]}}