{"id":83366,"date":"2026-02-01T11:53:04","date_gmt":"2026-02-01T11:53:04","guid":{"rendered":"https:\/\/modesthanim.com\/product\/deri-tote-canta-aci-kahverengi\/"},"modified":"2026-04-15T21:52:12","modified_gmt":"2026-04-15T21:52:12","slug":"deri-tote-canta-aci-kahverengi","status":"publish","type":"product","link":"https:\/\/mod.wisdar.net\/tr\/urun\/deri-tote-canta-aci-kahverengi\/","title":{"rendered":"Deri Tote \u00c7anta Ac\u0131 Kahverengi"},"content":{"rendered":"<p>Zarafeti, konforu ve i\u015flevselli\u011fi tek bir \u00fcr\u00fcnde birle\u015ftirdik! Bu muhte\u015fem deri tote \u00e7anta, g\u00fcn boyunca en \u00e7ok kullanaca\u011f\u0131n\u0131z aksesuar\u0131n\u0131z olacak. Ayarlanabilir omuz ask\u0131s\u0131 sayesinde rahatl\u0131kla elde veya omuzda ta\u015f\u0131yabilir, d\u00fc\u011fmeli kapatma sistemi ile e\u015fyalar\u0131n\u0131z\u0131 g\u00fcvende tutabilirsiniz. Geni\u015f i\u00e7 hacmiyle c\u00fczdan\u0131n\u0131zdan kitaplar\u0131n\u0131za kadar her \u015feyi kolayca s\u0131\u011fd\u0131r\u0131r. \u0130\u015fe giderken ya da hafta sonu kahve molas\u0131nda&#8230; Bu \u00e7anta, her k\u0131yafetle uyum sa\u011flayan m\u00fckemmel &#8216;beni-her-yere-g\u00f6t\u00fcr&#8217; par\u00e7as\u0131d\u0131r! Do\u011fru \u00fcr\u00fcn rengi i\u00e7in st\u00fcdyo \u00e7ekimlerine ba\u015fvurabilirsiniz. \u00d6L\u00c7\u00dcLER: Geni\u015flik: 27 cm Y\u00fckseklik: 30 cm Derinlik: 27 cm<\/p>\n","protected":false},"excerpt":{"rendered":"<p>Zarafeti, konforu ve i\u015flevselli\u011fi tek bir \u00fcr\u00fcnde birle\u015ftirdik! Bu muhte\u015fem deri tote \u00e7anta, g\u00fcn boyunca en \u00e7ok kullanaca\u011f\u0131n\u0131z aksesuar\u0131n\u0131z olacak. Ayarlanabilir omuz ask\u0131s\u0131 sayesinde rahatl\u0131kla elde veya omuzda ta\u015f\u0131yabilir, d\u00fc\u011fmeli kapatma sistemi ile e\u015fyalar\u0131n\u0131z\u0131 g\u00fcvende tutabilirsiniz. Geni\u015f i\u00e7 hacmiyle c\u00fczdan\u0131n\u0131zdan kitaplar\u0131n\u0131za kadar her \u015feyi kolayca s\u0131\u011fd\u0131r\u0131r. \u0130\u015fe giderken ya da hafta sonu kahve molas\u0131nda&#8230; Bu [&hellip;]<\/p>\n","protected":false},"featured_media":83347,"comment_status":"open","ping_status":"closed","template":"","meta":[],"product_brand":[],"product_cat":[6960,6957],"product_tag":[],"class_list":{"0":"post-83366","1":"product","2":"type-product","3":"status-publish","4":"has-post-thumbnail","6":"product_cat-cantalar","7":"product_cat-cantalar-el-cantalari","8":"pa_brand-he-qa","9":"pa_color-aci-kahve-1","10":"pa_color-bitter-kahve","11":"pa_size-standart","13":"first","14":"outofstock","15":"shipping-taxable","16":"product-type-variable"},"_links":{"self":[{"href":"https:\/\/mod.wisdar.net\/tr\/wp-json\/wp\/v2\/product\/83366","targetHints":{"allow":["GET"]}}],"collection":[{"href":"https:\/\/mod.wisdar.net\/tr\/wp-json\/wp\/v2\/product"}],"about":[{"href":"https:\/\/mod.wisdar.net\/tr\/wp-json\/wp\/v2\/types\/product"}],"replies":[{"embeddable":true,"href":"https:\/\/mod.wisdar.net\/tr\/wp-json\/wp\/v2\/comments?post=83366"}],"wp:featuredmedia":[{"embeddable":true,"href":"https:\/\/mod.wisdar.net\/tr\/wp-json\/wp\/v2\/media\/83347"}],"wp:attachment":[{"href":"https:\/\/mod.wisdar.net\/tr\/wp-json\/wp\/v2\/media?parent=83366"}],"wp:term":[{"taxonomy":"product_brand","embeddable":true,"href":"https:\/\/mod.wisdar.net\/tr\/wp-json\/wp\/v2\/product_brand?post=83366"},{"taxonomy":"product_cat","embeddable":true,"href":"https:\/\/mod.wisdar.net\/tr\/wp-json\/wp\/v2\/product_cat?post=83366"},{"taxonomy":"product_tag","embeddable":true,"href":"https:\/\/mod.wisdar.net\/tr\/wp-json\/wp\/v2\/product_tag?post=83366"}],"curies":[{"name":"wp","href":"https:\/\/api.w.org\/{rel}","templated":true}]}}