{"id":83387,"date":"2026-02-01T11:54:29","date_gmt":"2026-02-01T11:54:29","guid":{"rendered":"https:\/\/modesthanim.com\/product\/deri-tote-canta-visne-rengi\/"},"modified":"2026-04-09T09:53:35","modified_gmt":"2026-04-09T09:53:35","slug":"deri-tote-canta-visne-rengi","status":"publish","type":"product","link":"https:\/\/mod.wisdar.net\/tr\/urun\/deri-tote-canta-visne-rengi\/","title":{"rendered":"Deri Tote \u00c7anta Vi\u015fne Rengi"},"content":{"rendered":"<p>Zarafeti, konforu ve i\u015flevselli\u011fi tek bir tasar\u0131mda birle\u015ftirdik! Bu muhte\u015fem deri tote \u00e7anta, g\u00fcn boyunca en \u00e7ok tercih etti\u011finiz aksesuar\u0131n\u0131z olacak. Ayarlanabilir omuz ask\u0131s\u0131 sayesinde elde veya omuzda rahat\u00e7a ta\u015f\u0131yabilir, tokal\u0131 kapa\u011f\u0131 ile e\u015fyalar\u0131n\u0131z\u0131 g\u00fcvenle saklayabilirsiniz. Geni\u015f i\u00e7 k\u0131sm\u0131, c\u00fczdan\u0131n\u0131zdan kitaplar\u0131n\u0131za kadar her \u015feyi kolayca s\u0131\u011fd\u0131r\u0131r. \u0130\u015fe giderken veya hafta sonu kahve molas\u0131nda&#8230; Bu \u00e7anta, her k\u0131yafeti tamamlayan m\u00fckemmel \u201cher yere beni g\u00f6t\u00fcr\u201d par\u00e7as\u0131d\u0131r! Do\u011fru \u00fcr\u00fcn rengi i\u00e7in st\u00fcdyo \u00e7ekimlerine ba\u015fvurabilirsiniz. \u00d6L\u00c7\u00dcLER: Geni\u015flik: 27 cm Y\u00fckseklik: 30 cm Derinlik: 27 cm<\/p>\n","protected":false},"excerpt":{"rendered":"<p>Zarafeti, konforu ve i\u015flevselli\u011fi tek bir tasar\u0131mda birle\u015ftirdik! Bu muhte\u015fem deri tote \u00e7anta, g\u00fcn boyunca en \u00e7ok tercih etti\u011finiz aksesuar\u0131n\u0131z olacak. Ayarlanabilir omuz ask\u0131s\u0131 sayesinde elde veya omuzda rahat\u00e7a ta\u015f\u0131yabilir, tokal\u0131 kapa\u011f\u0131 ile e\u015fyalar\u0131n\u0131z\u0131 g\u00fcvenle saklayabilirsiniz. Geni\u015f i\u00e7 k\u0131sm\u0131, c\u00fczdan\u0131n\u0131zdan kitaplar\u0131n\u0131za kadar her \u015feyi kolayca s\u0131\u011fd\u0131r\u0131r. \u0130\u015fe giderken veya hafta sonu kahve molas\u0131nda&#8230; Bu \u00e7anta, [&hellip;]<\/p>\n","protected":false},"featured_media":83379,"comment_status":"open","ping_status":"closed","template":"","meta":[],"product_brand":[],"product_cat":[6960,6957],"product_tag":[],"class_list":{"0":"post-83387","1":"product","2":"type-product","3":"status-publish","4":"has-post-thumbnail","6":"product_cat-cantalar","7":"product_cat-cantalar-el-cantalari","8":"pa_brand-he-qa","9":"pa_color-visne","10":"pa_size-standart","12":"first","13":"outofstock","14":"shipping-taxable","15":"product-type-variable"},"_links":{"self":[{"href":"https:\/\/mod.wisdar.net\/tr\/wp-json\/wp\/v2\/product\/83387","targetHints":{"allow":["GET"]}}],"collection":[{"href":"https:\/\/mod.wisdar.net\/tr\/wp-json\/wp\/v2\/product"}],"about":[{"href":"https:\/\/mod.wisdar.net\/tr\/wp-json\/wp\/v2\/types\/product"}],"replies":[{"embeddable":true,"href":"https:\/\/mod.wisdar.net\/tr\/wp-json\/wp\/v2\/comments?post=83387"}],"wp:featuredmedia":[{"embeddable":true,"href":"https:\/\/mod.wisdar.net\/tr\/wp-json\/wp\/v2\/media\/83379"}],"wp:attachment":[{"href":"https:\/\/mod.wisdar.net\/tr\/wp-json\/wp\/v2\/media?parent=83387"}],"wp:term":[{"taxonomy":"product_brand","embeddable":true,"href":"https:\/\/mod.wisdar.net\/tr\/wp-json\/wp\/v2\/product_brand?post=83387"},{"taxonomy":"product_cat","embeddable":true,"href":"https:\/\/mod.wisdar.net\/tr\/wp-json\/wp\/v2\/product_cat?post=83387"},{"taxonomy":"product_tag","embeddable":true,"href":"https:\/\/mod.wisdar.net\/tr\/wp-json\/wp\/v2\/product_tag?post=83387"}],"curies":[{"name":"wp","href":"https:\/\/api.w.org\/{rel}","templated":true}]}}