{"id":83406,"date":"2026-02-01T11:55:26","date_gmt":"2026-02-01T11:55:26","guid":{"rendered":"https:\/\/modesthanim.com\/product\/bordo-suet-baget-canta\/"},"modified":"2026-02-26T06:21:16","modified_gmt":"2026-02-26T06:21:16","slug":"bordo-suet-baget-canta","status":"publish","type":"product","link":"https:\/\/mod.wisdar.net\/tr\/urun\/bordo-suet-baget-canta\/","title":{"rendered":"Bordo S\u00fcet Baget \u00c7anta"},"content":{"rendered":"<p>Sezonun en trend kuma\u015flar\u0131ndan biri olan s\u00fcetten \u00fcretilen bu \u00e7anta, keskin ve yap\u0131land\u0131r\u0131lm\u0131\u015f formuyla \u00f6ne \u00e7\u0131k\u0131yor. G\u00fcncel renkleri her k\u0131yafetle zahmetsizce uyum sa\u011fl\u0131yor. Kusursuz diki\u015fi ve y\u00fcksek kaliteli malzemesiyle premium bir g\u00f6r\u00fcn\u00fcm sunarken, geni\u015f i\u00e7 hacmi konforlu ve pratik kullan\u0131m sa\u011fl\u0131yor.<\/p>\n<p>\u00d6l\u00e7\u00fcler:<br \/>\nGeni\u015flik: 35 cm<br \/>\nY\u00fckseklik: 17 cm<br \/>\nDerinlik: 13 cm<\/p>\n","protected":false},"excerpt":{"rendered":"<p>Sezonun en trend kuma\u015flar\u0131ndan biri olan s\u00fcetten \u00fcretilen bu \u00e7anta, keskin ve yap\u0131land\u0131r\u0131lm\u0131\u015f formuyla \u00f6ne \u00e7\u0131k\u0131yor. G\u00fcncel renkleri her k\u0131yafetle zahmetsizce uyum sa\u011fl\u0131yor. Kusursuz diki\u015fi ve y\u00fcksek kaliteli malzemesiyle premium bir g\u00f6r\u00fcn\u00fcm sunarken, geni\u015f i\u00e7 hacmi konforlu ve pratik kullan\u0131m sa\u011fl\u0131yor. \u00d6l\u00e7\u00fcler: Geni\u015flik: 35 cm Y\u00fckseklik: 17 cm Derinlik: 13 cm<\/p>\n","protected":false},"featured_media":83404,"comment_status":"open","ping_status":"closed","template":"","meta":[],"product_brand":[],"product_cat":[6960,6957],"product_tag":[],"class_list":{"0":"post-83406","1":"product","2":"type-product","3":"status-publish","4":"has-post-thumbnail","6":"product_cat-cantalar","7":"product_cat-cantalar-el-cantalari","8":"pa_brand-he-qa","9":"pa_color-bordo","10":"pa_size-standart","12":"first","13":"outofstock","14":"shipping-taxable","15":"product-type-variable"},"_links":{"self":[{"href":"https:\/\/mod.wisdar.net\/tr\/wp-json\/wp\/v2\/product\/83406","targetHints":{"allow":["GET"]}}],"collection":[{"href":"https:\/\/mod.wisdar.net\/tr\/wp-json\/wp\/v2\/product"}],"about":[{"href":"https:\/\/mod.wisdar.net\/tr\/wp-json\/wp\/v2\/types\/product"}],"replies":[{"embeddable":true,"href":"https:\/\/mod.wisdar.net\/tr\/wp-json\/wp\/v2\/comments?post=83406"}],"wp:featuredmedia":[{"embeddable":true,"href":"https:\/\/mod.wisdar.net\/tr\/wp-json\/wp\/v2\/media\/83404"}],"wp:attachment":[{"href":"https:\/\/mod.wisdar.net\/tr\/wp-json\/wp\/v2\/media?parent=83406"}],"wp:term":[{"taxonomy":"product_brand","embeddable":true,"href":"https:\/\/mod.wisdar.net\/tr\/wp-json\/wp\/v2\/product_brand?post=83406"},{"taxonomy":"product_cat","embeddable":true,"href":"https:\/\/mod.wisdar.net\/tr\/wp-json\/wp\/v2\/product_cat?post=83406"},{"taxonomy":"product_tag","embeddable":true,"href":"https:\/\/mod.wisdar.net\/tr\/wp-json\/wp\/v2\/product_tag?post=83406"}],"curies":[{"name":"wp","href":"https:\/\/api.w.org\/{rel}","templated":true}]}}