{"id":83499,"date":"2026-02-01T11:56:44","date_gmt":"2026-02-01T11:56:44","guid":{"rendered":"https:\/\/modesthanim.com\/product\/slim-fit-dar-kesim-dik-yaka-baskili-ultra-esnek-fermuarli-hirka\/"},"modified":"2026-04-02T02:10:29","modified_gmt":"2026-04-02T02:10:29","slug":"slim-fit-dar-kesim-dik-yaka-baskili-ultra-esnek-fermuarli-hirka","status":"publish","type":"product","link":"https:\/\/mod.wisdar.net\/tr\/urun\/slim-fit-dar-kesim-dik-yaka-baskili-ultra-esnek-fermuarli-hirka\/","title":{"rendered":"Slim Fit Dar Kesim Dik Yaka Bask\u0131l\u0131 Ultra Esnek Fermuarl\u0131 H\u0131rka"},"content":{"rendered":"<p>Slim fit kesimi ve dik yaka tasar\u0131m\u0131yla \u015f\u0131k bir g\u00f6r\u00fcn\u00fcm sunan bask\u0131l\u0131 fermuarl\u0131 h\u0131rka, hareket \u00f6zg\u00fcrl\u00fc\u011f\u00fc ve konforu bir arada sa\u011flar. G\u00fcnl\u00fck ve spor kombinler i\u00e7in ideal bir par\u00e7a.<\/p>\n<p>\u2014 Technical Details \u2014<br \/>\nYaka: Dik Yaka<br \/>\nKol Boyu: Uzun Kollu<br \/>\nKullan\u0131m Alan\u0131: Antrenman<br \/>\nYa\u015fam Tarz\u0131: Sporcu<br \/>\nKal\u0131p: Sl\u0131m F\u0131t Dar Kesim<br \/>\nRenk: Beyaz<br \/>\nDesen: Slogan Bask\u0131l\u0131<br \/>\nCep ve Fermuar Detay\u0131: Fermuarl\u0131<br \/>\n\u00dcr\u00fcn Y\u00fcksekli\u011fi: 100<\/p>\n","protected":false},"excerpt":{"rendered":"<p>Slim fit kesimi ve dik yaka tasar\u0131m\u0131yla \u015f\u0131k bir g\u00f6r\u00fcn\u00fcm sunan bask\u0131l\u0131 fermuarl\u0131 h\u0131rka, hareket \u00f6zg\u00fcrl\u00fc\u011f\u00fc ve konforu bir arada sa\u011flar. G\u00fcnl\u00fck ve spor kombinler i\u00e7in ideal bir par\u00e7a. \u2014 Technical Details \u2014 Yaka: Dik Yaka Kol Boyu: Uzun Kollu Kullan\u0131m Alan\u0131: Antrenman Ya\u015fam Tarz\u0131: Sporcu Kal\u0131p: Sl\u0131m F\u0131t Dar Kesim Renk: Beyaz Desen: Slogan [&hellip;]<\/p>\n","protected":false},"featured_media":83486,"comment_status":"open","ping_status":"closed","template":"","meta":[],"product_brand":[],"product_cat":[6948,6951],"product_tag":[7294,7296,7295,7297],"class_list":{"0":"post-83499","1":"product","2":"type-product","3":"status-publish","4":"has-post-thumbnail","6":"product_cat-spor-giyim","7":"product_cat-ust-giyim-ustler","8":"product_tag-beyaz","9":"product_tag-hareket-ozgurlugu","10":"product_tag-ultra-esnek","11":"product_tag-urun-kodue7717axwt34","12":"pa_brand-defacto","13":"pa_color-beyaz","14":"pa_size-l","15":"pa_size-m","16":"pa_size-s","17":"pa_size-xl","18":"pa_size-xs","20":"first","21":"outofstock","22":"shipping-taxable","23":"product-type-variable"},"_links":{"self":[{"href":"https:\/\/mod.wisdar.net\/tr\/wp-json\/wp\/v2\/product\/83499","targetHints":{"allow":["GET"]}}],"collection":[{"href":"https:\/\/mod.wisdar.net\/tr\/wp-json\/wp\/v2\/product"}],"about":[{"href":"https:\/\/mod.wisdar.net\/tr\/wp-json\/wp\/v2\/types\/product"}],"replies":[{"embeddable":true,"href":"https:\/\/mod.wisdar.net\/tr\/wp-json\/wp\/v2\/comments?post=83499"}],"wp:featuredmedia":[{"embeddable":true,"href":"https:\/\/mod.wisdar.net\/tr\/wp-json\/wp\/v2\/media\/83486"}],"wp:attachment":[{"href":"https:\/\/mod.wisdar.net\/tr\/wp-json\/wp\/v2\/media?parent=83499"}],"wp:term":[{"taxonomy":"product_brand","embeddable":true,"href":"https:\/\/mod.wisdar.net\/tr\/wp-json\/wp\/v2\/product_brand?post=83499"},{"taxonomy":"product_cat","embeddable":true,"href":"https:\/\/mod.wisdar.net\/tr\/wp-json\/wp\/v2\/product_cat?post=83499"},{"taxonomy":"product_tag","embeddable":true,"href":"https:\/\/mod.wisdar.net\/tr\/wp-json\/wp\/v2\/product_tag?post=83499"}],"curies":[{"name":"wp","href":"https:\/\/api.w.org\/{rel}","templated":true}]}}