{"id":83590,"date":"2026-02-01T11:58:12","date_gmt":"2026-02-01T11:58:12","guid":{"rendered":"https:\/\/modesthanim.com\/product\/slim-fit-dar-kesim-dik-yaka-hirka-2\/"},"modified":"2026-04-09T09:53:13","modified_gmt":"2026-04-09T09:53:13","slug":"slim-fit-dar-kesim-dik-yaka-hirka-2","status":"publish","type":"product","link":"https:\/\/mod.wisdar.net\/tr\/urun\/slim-fit-dar-kesim-dik-yaka-hirka-2\/","title":{"rendered":"Slim Fit Dar Kesim Dik Yaka H\u0131rka"},"content":{"rendered":"<p>Slim fit dar kesim dik yakal\u0131 h\u0131rka, hareket \u00f6zg\u00fcrl\u00fc\u011f\u00fc sunan esnek kuma\u015f\u0131yla spor \u015f\u0131kl\u0131\u011f\u0131n\u0131 bir arada sunar. Nefes alabilen yap\u0131s\u0131 sayesinde antrenman ve g\u00fcnl\u00fck aktivitelerde konforlu kullan\u0131m sa\u011flar.<\/p>\n<p>\u2014 Technical Details \u2014<br \/>\nModel \u00d6l\u00e7\u00fcleri: M Beden \u2013 1,79cm \u2013 90\/61\/90<br \/>\nNumune Bedeni: M<br \/>\nMarka: Defacto<br \/>\nMen\u015fei: CN<br \/>\n\u00dcr\u00fcn Grubu: Kad\u0131n H\u0131rka<br \/>\nYaka: Dik Yaka<br \/>\nKullan\u0131m Alan\u0131: Antrenman<br \/>\nKal\u0131p: Sl\u0131m F\u0131t Dar Kesim<br \/>\nYa\u015fam Tarz\u0131: Sporcu<br \/>\nKol Boyu: Uzun Kollu<br \/>\nKapama Detay\u0131: Fermuarl\u0131<br \/>\n\u00dcr\u00fcn Y\u00fcksekli\u011fi: 150<br \/>\nCep ve Fermuar Detay\u0131: Fermuarl\u0131<br \/>\n\u00dcr\u00fcn Uzunluk \u00d6l\u00e7\u00fcleri: Omuzdan Arka Boy: Xs-58 cm, S-59 cm, M-60 cm, L-61 cm, Xl-62 cm<\/p>\n","protected":false},"excerpt":{"rendered":"<p>Slim fit dar kesim dik yakal\u0131 h\u0131rka, hareket \u00f6zg\u00fcrl\u00fc\u011f\u00fc sunan esnek kuma\u015f\u0131yla spor \u015f\u0131kl\u0131\u011f\u0131n\u0131 bir arada sunar. Nefes alabilen yap\u0131s\u0131 sayesinde antrenman ve g\u00fcnl\u00fck aktivitelerde konforlu kullan\u0131m sa\u011flar. \u2014 Technical Details \u2014 Model \u00d6l\u00e7\u00fcleri: M Beden \u2013 1,79cm \u2013 90\/61\/90 Numune Bedeni: M Marka: Defacto Men\u015fei: CN \u00dcr\u00fcn Grubu: Kad\u0131n H\u0131rka Yaka: Dik Yaka Kullan\u0131m [&hellip;]<\/p>\n","protected":false},"featured_media":83578,"comment_status":"open","ping_status":"closed","template":"","meta":[],"product_brand":[],"product_cat":[6948,6951],"product_tag":[7314,7313,7312,7311,7309,7308,7074,7310,6768],"class_list":{"0":"post-83590","1":"product","2":"type-product","3":"status-publish","4":"has-post-thumbnail","6":"product_cat-spor-giyim","7":"product_cat-ust-giyim-ustler","8":"product_tag-antrenman","9":"product_tag-atletik","10":"product_tag-dar-kesim","11":"product_tag-dik-yaka","12":"product_tag-fermuarli","13":"product_tag-hirka","14":"product_tag-siyah","15":"product_tag-slim-fit","16":"product_tag-uzun-kol","17":"pa_brand-defacto","18":"pa_color-siyah","19":"pa_size-l","20":"pa_size-m","21":"pa_size-s","22":"pa_size-xl","23":"pa_size-xs","25":"first","26":"outofstock","27":"shipping-taxable","28":"product-type-variable"},"_links":{"self":[{"href":"https:\/\/mod.wisdar.net\/tr\/wp-json\/wp\/v2\/product\/83590","targetHints":{"allow":["GET"]}}],"collection":[{"href":"https:\/\/mod.wisdar.net\/tr\/wp-json\/wp\/v2\/product"}],"about":[{"href":"https:\/\/mod.wisdar.net\/tr\/wp-json\/wp\/v2\/types\/product"}],"replies":[{"embeddable":true,"href":"https:\/\/mod.wisdar.net\/tr\/wp-json\/wp\/v2\/comments?post=83590"}],"wp:featuredmedia":[{"embeddable":true,"href":"https:\/\/mod.wisdar.net\/tr\/wp-json\/wp\/v2\/media\/83578"}],"wp:attachment":[{"href":"https:\/\/mod.wisdar.net\/tr\/wp-json\/wp\/v2\/media?parent=83590"}],"wp:term":[{"taxonomy":"product_brand","embeddable":true,"href":"https:\/\/mod.wisdar.net\/tr\/wp-json\/wp\/v2\/product_brand?post=83590"},{"taxonomy":"product_cat","embeddable":true,"href":"https:\/\/mod.wisdar.net\/tr\/wp-json\/wp\/v2\/product_cat?post=83590"},{"taxonomy":"product_tag","embeddable":true,"href":"https:\/\/mod.wisdar.net\/tr\/wp-json\/wp\/v2\/product_tag?post=83590"}],"curies":[{"name":"wp","href":"https:\/\/api.w.org\/{rel}","templated":true}]}}