{"id":83656,"date":"2026-02-01T11:59:23","date_gmt":"2026-02-01T11:59:23","guid":{"rendered":"https:\/\/modesthanim.com\/product\/slim-fit-dar-kesim-dik-yaka-hirka-3\/"},"modified":"2026-04-02T02:01:06","modified_gmt":"2026-04-02T02:01:06","slug":"slim-fit-dar-kesim-dik-yaka-hirka-3","status":"publish","type":"product","link":"https:\/\/mod.wisdar.net\/tr\/urun\/slim-fit-dar-kesim-dik-yaka-hirka-3\/","title":{"rendered":"Slim Fit Dar Kesim Dik Yaka H\u0131rka"},"content":{"rendered":"<p>Slim fit dar kesim dik yakal\u0131 h\u0131rka, hareket \u00f6zg\u00fcrl\u00fc\u011f\u00fc sunan esnek kuma\u015f\u0131yla spor \u015f\u0131kl\u0131\u011f\u0131n\u0131 bir arada sunar. Nefes alabilen yap\u0131s\u0131 sayesinde antrenman ve g\u00fcnl\u00fck aktivitelerde konforlu kullan\u0131m sa\u011flar.<\/p>\n<p>\u2014 Technical Details \u2014<br \/>\nYaka: Dik Yaka<br \/>\nCep ve Fermuar Detay\u0131: Fermuarl\u0131<br \/>\nKal\u0131p: Slim Fit Dar Kesim<br \/>\nYa\u015fam Tarz\u0131: Sporcu<br \/>\nKol Boyu: Uzun Kollu<br \/>\n\u00dcr\u00fcn Y\u00fcksekli\u011fi: 150<br \/>\nKapama Detay\u0131: Fermuarl\u0131<br \/>\nKullan\u0131m Alan\u0131: Antrenman<br \/>\nRenk: Bordo \/ Koyu Bordo<br \/>\nModel \u00d6l\u00e7\u00fcleri: M Beden \u2013 1,79cm \u2013 90\/61\/90<br \/>\nMarka: Defacto<br \/>\nMen\u015fei: EG<br \/>\n\u00dcr\u00fcn Grubu: Kad\u0131n H\u0131rka<\/p>\n","protected":false},"excerpt":{"rendered":"<p>Slim fit dar kesim dik yakal\u0131 h\u0131rka, hareket \u00f6zg\u00fcrl\u00fc\u011f\u00fc sunan esnek kuma\u015f\u0131yla spor \u015f\u0131kl\u0131\u011f\u0131n\u0131 bir arada sunar. Nefes alabilen yap\u0131s\u0131 sayesinde antrenman ve g\u00fcnl\u00fck aktivitelerde konforlu kullan\u0131m sa\u011flar. \u2014 Technical Details \u2014 Yaka: Dik Yaka Cep ve Fermuar Detay\u0131: Fermuarl\u0131 Kal\u0131p: Slim Fit Dar Kesim Ya\u015fam Tarz\u0131: Sporcu Kol Boyu: Uzun Kollu \u00dcr\u00fcn Y\u00fcksekli\u011fi: 150 [&hellip;]<\/p>\n","protected":false},"featured_media":83637,"comment_status":"open","ping_status":"closed","template":"","meta":[],"product_brand":[],"product_cat":[6948,6951],"product_tag":[7313,7150,7312,7311,7308,7310],"class_list":{"0":"post-83656","1":"product","2":"type-product","3":"status-publish","4":"has-post-thumbnail","6":"product_cat-spor-giyim","7":"product_cat-ust-giyim-ustler","8":"product_tag-atletik","9":"product_tag-bordo","10":"product_tag-dar-kesim","11":"product_tag-dik-yaka","12":"product_tag-hirka","13":"product_tag-slim-fit","14":"pa_brand-defacto","15":"pa_color-koyu-bordo","16":"pa_size-l","17":"pa_size-m","18":"pa_size-s","19":"pa_size-xl","20":"pa_size-xs","22":"first","23":"outofstock","24":"shipping-taxable","25":"product-type-variable"},"_links":{"self":[{"href":"https:\/\/mod.wisdar.net\/tr\/wp-json\/wp\/v2\/product\/83656","targetHints":{"allow":["GET"]}}],"collection":[{"href":"https:\/\/mod.wisdar.net\/tr\/wp-json\/wp\/v2\/product"}],"about":[{"href":"https:\/\/mod.wisdar.net\/tr\/wp-json\/wp\/v2\/types\/product"}],"replies":[{"embeddable":true,"href":"https:\/\/mod.wisdar.net\/tr\/wp-json\/wp\/v2\/comments?post=83656"}],"wp:featuredmedia":[{"embeddable":true,"href":"https:\/\/mod.wisdar.net\/tr\/wp-json\/wp\/v2\/media\/83637"}],"wp:attachment":[{"href":"https:\/\/mod.wisdar.net\/tr\/wp-json\/wp\/v2\/media?parent=83656"}],"wp:term":[{"taxonomy":"product_brand","embeddable":true,"href":"https:\/\/mod.wisdar.net\/tr\/wp-json\/wp\/v2\/product_brand?post=83656"},{"taxonomy":"product_cat","embeddable":true,"href":"https:\/\/mod.wisdar.net\/tr\/wp-json\/wp\/v2\/product_cat?post=83656"},{"taxonomy":"product_tag","embeddable":true,"href":"https:\/\/mod.wisdar.net\/tr\/wp-json\/wp\/v2\/product_tag?post=83656"}],"curies":[{"name":"wp","href":"https:\/\/api.w.org\/{rel}","templated":true}]}}