{"id":83688,"date":"2026-02-01T11:59:39","date_gmt":"2026-02-01T11:59:39","guid":{"rendered":"https:\/\/modesthanim.com\/product\/nba-new-york-knicks-oversize-genis-kalip-yarim-fermuarli-sporcu-sweatshirt\/"},"modified":"2026-04-04T11:53:37","modified_gmt":"2026-04-04T11:53:37","slug":"nba-new-york-knicks-oversize-genis-kalip-yarim-fermuarli-sporcu-sweatshirt","status":"publish","type":"product","link":"https:\/\/mod.wisdar.net\/tr\/urun\/nba-new-york-knicks-oversize-genis-kalip-yarim-fermuarli-sporcu-sweatshirt\/","title":{"rendered":"NBA New York Knicks Oversize Geni\u015f Kal\u0131p Yar\u0131m Fermuarl\u0131 Sporcu Sweatshirt"},"content":{"rendered":"<p>NBA koleksiyonundan New York Knicks temal\u0131 bu oversize fit yar\u0131m fermuarl\u0131 sporcu sweatshirt, rahat kesimi ve ikonik tasar\u0131m\u0131yla spor stilinizi tamamlar. Konforlu kuma\u015f\u0131yla hem antrenmanlarda hem g\u00fcnl\u00fck kullan\u0131mlarda ideal bir se\u00e7im.<\/p>\n<p>\u2014 Technical Details \u2014<br \/>\nKal\u0131p: Overs\u0131ze Geni\u015f Kal\u0131p<br \/>\nKol Boyu: Uzun Kollu<br \/>\nKullan\u0131m Alan\u0131: G\u00fcnl\u00fck Giyim<br \/>\nKapama Detay\u0131: Fermuarl\u0131<br \/>\nLisans Bilgisi: NBA New York Kn\u0131cks<br \/>\nCep ve Fermuar Detay\u0131: Fermuarl\u0131<br \/>\nModel \u00d6l\u00e7\u00fcleri: M Beden \u2013 1,79cm \u2013 90\/61\/90<br \/>\nMen\u015fei: EG<br \/>\n\u00dcr\u00fcn Grubu: Kad\u0131n Sweatshirt<\/p>\n","protected":false},"excerpt":{"rendered":"<p>NBA koleksiyonundan New York Knicks temal\u0131 bu oversize fit yar\u0131m fermuarl\u0131 sporcu sweatshirt, rahat kesimi ve ikonik tasar\u0131m\u0131yla spor stilinizi tamamlar. Konforlu kuma\u015f\u0131yla hem antrenmanlarda hem g\u00fcnl\u00fck kullan\u0131mlarda ideal bir se\u00e7im. \u2014 Technical Details \u2014 Kal\u0131p: Overs\u0131ze Geni\u015f Kal\u0131p Kol Boyu: Uzun Kollu Kullan\u0131m Alan\u0131: G\u00fcnl\u00fck Giyim Kapama Detay\u0131: Fermuarl\u0131 Lisans Bilgisi: NBA New York [&hellip;]<\/p>\n","protected":false},"featured_media":83673,"comment_status":"open","ping_status":"closed","template":"","meta":[],"product_brand":[],"product_cat":[6948,6951],"product_tag":[7326,7328,7329,7330,7327,7332,7331],"class_list":{"0":"post-83688","1":"product","2":"type-product","3":"status-publish","4":"has-post-thumbnail","6":"product_cat-spor-giyim","7":"product_cat-ust-giyim-ustler","8":"product_tag-bol-kesim","9":"product_tag-kahverengi","10":"product_tag-nba","11":"product_tag-new-york-knicks","12":"product_tag-oversize","13":"product_tag-spor-sweatshirt","14":"product_tag-yarim-fermuar","15":"pa_brand-defacto","16":"pa_color-kahve","17":"pa_size-l","18":"pa_size-m","19":"pa_size-s","20":"pa_size-xl","21":"pa_size-xs","23":"first","24":"outofstock","25":"shipping-taxable","26":"product-type-variable"},"_links":{"self":[{"href":"https:\/\/mod.wisdar.net\/tr\/wp-json\/wp\/v2\/product\/83688","targetHints":{"allow":["GET"]}}],"collection":[{"href":"https:\/\/mod.wisdar.net\/tr\/wp-json\/wp\/v2\/product"}],"about":[{"href":"https:\/\/mod.wisdar.net\/tr\/wp-json\/wp\/v2\/types\/product"}],"replies":[{"embeddable":true,"href":"https:\/\/mod.wisdar.net\/tr\/wp-json\/wp\/v2\/comments?post=83688"}],"wp:featuredmedia":[{"embeddable":true,"href":"https:\/\/mod.wisdar.net\/tr\/wp-json\/wp\/v2\/media\/83673"}],"wp:attachment":[{"href":"https:\/\/mod.wisdar.net\/tr\/wp-json\/wp\/v2\/media?parent=83688"}],"wp:term":[{"taxonomy":"product_brand","embeddable":true,"href":"https:\/\/mod.wisdar.net\/tr\/wp-json\/wp\/v2\/product_brand?post=83688"},{"taxonomy":"product_cat","embeddable":true,"href":"https:\/\/mod.wisdar.net\/tr\/wp-json\/wp\/v2\/product_cat?post=83688"},{"taxonomy":"product_tag","embeddable":true,"href":"https:\/\/mod.wisdar.net\/tr\/wp-json\/wp\/v2\/product_tag?post=83688"}],"curies":[{"name":"wp","href":"https:\/\/api.w.org\/{rel}","templated":true}]}}