{"id":8376,"date":"2025-11-01T20:11:12","date_gmt":"2025-11-01T20:11:12","guid":{"rendered":"https:\/\/modesthanim.com\/product\/garni-esarp-detayli-trenckot-zeytin-yesili\/"},"modified":"2025-12-25T23:33:29","modified_gmt":"2025-12-25T23:33:29","slug":"garni-esarp-detayli-trenckot-zeytin-yesili","status":"publish","type":"product","link":"https:\/\/mod.wisdar.net\/tr\/urun\/garni-esarp-detayli-trenckot-zeytin-yesili\/","title":{"rendered":"Garni E\u015farp Detayl\u0131 Tren\u00e7kot \u2013 Zeytin Ye\u015fili"},"content":{"rendered":"<p>\u015e\u0131kl\u0131k ve tarz\u0131 bir araya getiren bu garni e\u015farp detayl\u0131 tren\u00e7kot, benzersiz tasar\u0131m\u0131yla g\u00f6r\u00fcn\u00fcm\u00fcn\u00fcz\u00fc tamamlar. Kontrast garni yap\u0131s\u0131 modern bir dokunu\u015f katarken, e\u015farp detay\u0131 sofistike ve feminen bir hava sa\u011flar.<br \/>\nKuma\u015f \u0130\u00e7eri\u011fi: %58 Pamuk, %42 Rayon<br \/>\nDesen: D\u00fcz<br \/>\nYaka Tipi: Blazer Yaka \u2013 \u00c7\u0131kar\u0131labilir E\u015farp Detay\u0131<br \/>\nKol Tipi: Uzun Kollu<br \/>\nCep: Gizli Cep<br \/>\nAstar: Astarl\u0131<br \/>\n\u00dcr\u00fcn Uzunlu\u011fu: 130 cm<br \/>\nKal\u0131p: Normal Kal\u0131p<br \/>\nModelin Giydi\u011fi Beden: 36<br \/>\nModel \u00d6l\u00e7\u00fcleri:<br \/>\nBoy: 176 cm<br \/>\nG\u00f6\u011f\u00fcs: 82 cm<br \/>\nBel: 61 cm<br \/>\nKal\u00e7a: 88 cm<\/p>\n","protected":false},"excerpt":{"rendered":"<p>\u015e\u0131kl\u0131k ve tarz\u0131 bir araya getiren bu garni e\u015farp detayl\u0131 tren\u00e7kot, benzersiz tasar\u0131m\u0131yla g\u00f6r\u00fcn\u00fcm\u00fcn\u00fcz\u00fc tamamlar. Kontrast garni yap\u0131s\u0131 modern bir dokunu\u015f katarken, e\u015farp detay\u0131 sofistike ve feminen bir hava sa\u011flar. Kuma\u015f \u0130\u00e7eri\u011fi: %58 Pamuk, %42 Rayon Desen: D\u00fcz Yaka Tipi: Blazer Yaka \u2013 \u00c7\u0131kar\u0131labilir E\u015farp Detay\u0131 Kol Tipi: Uzun Kollu Cep: Gizli Cep Astar: Astarl\u0131 [&hellip;]<\/p>\n","protected":false},"featured_media":51998,"comment_status":"open","ping_status":"closed","template":"","meta":[],"product_brand":[],"product_cat":[1853],"product_tag":[],"class_list":{"0":"post-8376","1":"product","2":"type-product","3":"status-publish","4":"has-post-thumbnail","6":"product_cat-womens-fashion-ar","8":"first","9":"instock","10":"sale","11":"shipping-taxable","12":"purchasable","13":"product-type-variable"},"_links":{"self":[{"href":"https:\/\/mod.wisdar.net\/tr\/wp-json\/wp\/v2\/product\/8376","targetHints":{"allow":["GET"]}}],"collection":[{"href":"https:\/\/mod.wisdar.net\/tr\/wp-json\/wp\/v2\/product"}],"about":[{"href":"https:\/\/mod.wisdar.net\/tr\/wp-json\/wp\/v2\/types\/product"}],"replies":[{"embeddable":true,"href":"https:\/\/mod.wisdar.net\/tr\/wp-json\/wp\/v2\/comments?post=8376"}],"wp:featuredmedia":[{"embeddable":true,"href":"https:\/\/mod.wisdar.net\/tr\/wp-json\/wp\/v2\/media\/51998"}],"wp:attachment":[{"href":"https:\/\/mod.wisdar.net\/tr\/wp-json\/wp\/v2\/media?parent=8376"}],"wp:term":[{"taxonomy":"product_brand","embeddable":true,"href":"https:\/\/mod.wisdar.net\/tr\/wp-json\/wp\/v2\/product_brand?post=8376"},{"taxonomy":"product_cat","embeddable":true,"href":"https:\/\/mod.wisdar.net\/tr\/wp-json\/wp\/v2\/product_cat?post=8376"},{"taxonomy":"product_tag","embeddable":true,"href":"https:\/\/mod.wisdar.net\/tr\/wp-json\/wp\/v2\/product_tag?post=8376"}],"curies":[{"name":"wp","href":"https:\/\/api.w.org\/{rel}","templated":true}]}}