{"id":83764,"date":"2026-02-01T12:00:58","date_gmt":"2026-02-01T12:00:58","guid":{"rendered":"https:\/\/modesthanim.com\/product\/nba-new-york-knicks-cepli-standart-boy-jogger-esofman-alti\/"},"modified":"2026-04-04T12:28:07","modified_gmt":"2026-04-04T12:28:07","slug":"nba-new-york-knicks-cepli-standart-boy-jogger-esofman-alti","status":"publish","type":"product","link":"https:\/\/mod.wisdar.net\/tr\/urun\/nba-new-york-knicks-cepli-standart-boy-jogger-esofman-alti\/","title":{"rendered":"NBA New York Knicks Cepli Standart Boy Jogger E\u015fofman Alt\u0131"},"content":{"rendered":"<p>NBA koleksiyonundan New York Knicks bask\u0131l\u0131 bu standart boy jogger e\u015fofman alt\u0131, cepli tasar\u0131m\u0131yla pratiklik sunar. Rahat kesimi ve yumu\u015fak kuma\u015f\u0131yla spor ve g\u00fcnl\u00fck kullan\u0131m i\u00e7in m\u00fckemmel bir tercih.<\/p>\n<p>\u2014 Teknik Detaylar \u2014<br \/>\nYa\u015fam Tarz\u0131: Sporcu<br \/>\nKullan\u0131m Alan\u0131: G\u00fcnl\u00fck Giyim<br \/>\nLisans Bilgisi: NBA New York Knicks<br \/>\nKal\u0131p: Wide Leg<br \/>\nKuma\u015f \u0130\u00e7 Y\u00fczeyi: \u0130\u00e7i Yumu\u015fak T\u00fcyl\u00fc<br \/>\nCep ve Fermuar Detay\u0131: Cepli<br \/>\nModelin \u00d6l\u00e7\u00fcleri: M Beden \u2013 179cm \u2013 90\/61\/90<br \/>\nNumune Bedeni: M<br \/>\nMarka: Defacto<br \/>\nMen\u015fei: EG<br \/>\n\u00dcr\u00fcn Grubu: Kad\u0131n E\u015fofman Alt\u0131<\/p>\n","protected":false},"excerpt":{"rendered":"<p>NBA koleksiyonundan New York Knicks bask\u0131l\u0131 bu standart boy jogger e\u015fofman alt\u0131, cepli tasar\u0131m\u0131yla pratiklik sunar. Rahat kesimi ve yumu\u015fak kuma\u015f\u0131yla spor ve g\u00fcnl\u00fck kullan\u0131m i\u00e7in m\u00fckemmel bir tercih. \u2014 Teknik Detaylar \u2014 Ya\u015fam Tarz\u0131: Sporcu Kullan\u0131m Alan\u0131: G\u00fcnl\u00fck Giyim Lisans Bilgisi: NBA New York Knicks Kal\u0131p: Wide Leg Kuma\u015f \u0130\u00e7 Y\u00fczeyi: \u0130\u00e7i Yumu\u015fak T\u00fcyl\u00fc [&hellip;]<\/p>\n","protected":false},"featured_media":83734,"comment_status":"open","ping_status":"closed","template":"","meta":[],"product_brand":[],"product_cat":[6954,6948],"product_tag":[7348,7347,7349,7353,7351,7355],"class_list":{"0":"post-83764","1":"product","2":"type-product","3":"status-publish","4":"has-post-thumbnail","6":"product_cat-alt-vucut-alt-giyim","7":"product_cat-spor-giyim","8":"product_tag-athletic","9":"product_tag-daily-wear","10":"product_tag-nba-new-york-knicks","11":"product_tag-soft-fleece-inside","12":"product_tag-wide-leg","13":"product_tag-with-pockets","14":"pa_brand-defacto","15":"pa_color-kahve","16":"pa_size-l","17":"pa_size-m","18":"pa_size-s","19":"pa_size-xl","20":"pa_size-xs","22":"first","23":"outofstock","24":"shipping-taxable","25":"product-type-variable"},"_links":{"self":[{"href":"https:\/\/mod.wisdar.net\/tr\/wp-json\/wp\/v2\/product\/83764","targetHints":{"allow":["GET"]}}],"collection":[{"href":"https:\/\/mod.wisdar.net\/tr\/wp-json\/wp\/v2\/product"}],"about":[{"href":"https:\/\/mod.wisdar.net\/tr\/wp-json\/wp\/v2\/types\/product"}],"replies":[{"embeddable":true,"href":"https:\/\/mod.wisdar.net\/tr\/wp-json\/wp\/v2\/comments?post=83764"}],"wp:featuredmedia":[{"embeddable":true,"href":"https:\/\/mod.wisdar.net\/tr\/wp-json\/wp\/v2\/media\/83734"}],"wp:attachment":[{"href":"https:\/\/mod.wisdar.net\/tr\/wp-json\/wp\/v2\/media?parent=83764"}],"wp:term":[{"taxonomy":"product_brand","embeddable":true,"href":"https:\/\/mod.wisdar.net\/tr\/wp-json\/wp\/v2\/product_brand?post=83764"},{"taxonomy":"product_cat","embeddable":true,"href":"https:\/\/mod.wisdar.net\/tr\/wp-json\/wp\/v2\/product_cat?post=83764"},{"taxonomy":"product_tag","embeddable":true,"href":"https:\/\/mod.wisdar.net\/tr\/wp-json\/wp\/v2\/product_tag?post=83764"}],"curies":[{"name":"wp","href":"https:\/\/api.w.org\/{rel}","templated":true}]}}