{"id":83770,"date":"2026-02-01T12:01:00","date_gmt":"2026-02-01T12:01:00","guid":{"rendered":"https:\/\/modesthanim.com\/product\/slim-fit-dar-kesim-dik-yaka-ici-yumusak-tuylu-fermuarli-hirka\/"},"modified":"2026-03-21T08:13:01","modified_gmt":"2026-03-21T08:13:01","slug":"slim-fit-dar-kesim-dik-yaka-ici-yumusak-tuylu-fermuarli-hirka","status":"publish","type":"product","link":"https:\/\/mod.wisdar.net\/tr\/urun\/slim-fit-dar-kesim-dik-yaka-ici-yumusak-tuylu-fermuarli-hirka\/","title":{"rendered":"Slim Fit Dar Kesim Dik Yaka \u0130\u00e7i Yumu\u015fak T\u00fcyl\u00fc Fermuarl\u0131 H\u0131rka"},"content":{"rendered":"<p>Slim fit dar kesim dik yaka h\u0131rka, i\u00e7i yumu\u015fak t\u00fcyl\u00fc yap\u0131s\u0131yla ekstra s\u0131cakl\u0131k ve konfor sunar. Fermuarl\u0131 tasar\u0131m\u0131 ve modern kesimiyle hem spor hem \u015f\u0131k kombinlere kolayca uyum sa\u011flar.<\/p>\n<p>\u2014 Technical Details \u2014<br \/>\nCep ve Fermuar Detay\u0131: Cepli<br \/>\nKuma\u015f \u0130\u00e7 Y\u00fczeyi: \u0130\u00e7i Yumu\u015fak T\u00fcyl\u00fc<br \/>\nKal\u0131p: Standart F\u0131t<br \/>\nKol Boyu: Uzun Kollu<br \/>\nKullan\u0131m Alan\u0131: G\u00fcnl\u00fck Giyim<br \/>\nYa\u015fam Tarz\u0131: Sporcu<br \/>\nYaka: Dik Yaka<br \/>\n\u00dcr\u00fcn Y\u00fcksekli\u011fi: 100<br \/>\nMarka: Defacto<br \/>\nMen\u015fei: EG<br \/>\n\u00dcr\u00fcn Grubu: Kad\u0131n H\u0131rka<\/p>\n","protected":false},"excerpt":{"rendered":"<p>Slim fit dar kesim dik yaka h\u0131rka, i\u00e7i yumu\u015fak t\u00fcyl\u00fc yap\u0131s\u0131yla ekstra s\u0131cakl\u0131k ve konfor sunar. Fermuarl\u0131 tasar\u0131m\u0131 ve modern kesimiyle hem spor hem \u015f\u0131k kombinlere kolayca uyum sa\u011flar. \u2014 Technical Details \u2014 Cep ve Fermuar Detay\u0131: Cepli Kuma\u015f \u0130\u00e7 Y\u00fczeyi: \u0130\u00e7i Yumu\u015fak T\u00fcyl\u00fc Kal\u0131p: Standart F\u0131t Kol Boyu: Uzun Kollu Kullan\u0131m Alan\u0131: G\u00fcnl\u00fck Giyim [&hellip;]<\/p>\n","protected":false},"featured_media":83760,"comment_status":"open","ping_status":"closed","template":"","meta":[],"product_brand":[],"product_cat":[6948,6951],"product_tag":[7358,7313,7350,7352,7354,7357,6768,7356],"class_list":{"0":"post-83770","1":"product","2":"type-product","3":"status-publish","4":"has-post-thumbnail","6":"product_cat-spor-giyim","7":"product_cat-ust-giyim-ustler","8":"product_tag-7358","9":"product_tag-atletik","10":"product_tag-balikci-yaka","11":"product_tag-cepli","12":"product_tag-gunluk-giyim-2","13":"product_tag-standart-kalip","14":"product_tag-uzun-kol","15":"product_tag-yumusak-polar-astarli","16":"pa_brand-defacto","17":"pa_color-koyu-yesil","18":"pa_size-l","19":"pa_size-m","20":"pa_size-s","22":"first","23":"outofstock","24":"shipping-taxable","25":"product-type-variable"},"_links":{"self":[{"href":"https:\/\/mod.wisdar.net\/tr\/wp-json\/wp\/v2\/product\/83770","targetHints":{"allow":["GET"]}}],"collection":[{"href":"https:\/\/mod.wisdar.net\/tr\/wp-json\/wp\/v2\/product"}],"about":[{"href":"https:\/\/mod.wisdar.net\/tr\/wp-json\/wp\/v2\/types\/product"}],"replies":[{"embeddable":true,"href":"https:\/\/mod.wisdar.net\/tr\/wp-json\/wp\/v2\/comments?post=83770"}],"wp:featuredmedia":[{"embeddable":true,"href":"https:\/\/mod.wisdar.net\/tr\/wp-json\/wp\/v2\/media\/83760"}],"wp:attachment":[{"href":"https:\/\/mod.wisdar.net\/tr\/wp-json\/wp\/v2\/media?parent=83770"}],"wp:term":[{"taxonomy":"product_brand","embeddable":true,"href":"https:\/\/mod.wisdar.net\/tr\/wp-json\/wp\/v2\/product_brand?post=83770"},{"taxonomy":"product_cat","embeddable":true,"href":"https:\/\/mod.wisdar.net\/tr\/wp-json\/wp\/v2\/product_cat?post=83770"},{"taxonomy":"product_tag","embeddable":true,"href":"https:\/\/mod.wisdar.net\/tr\/wp-json\/wp\/v2\/product_tag?post=83770"}],"curies":[{"name":"wp","href":"https:\/\/api.w.org\/{rel}","templated":true}]}}